{"id":9597,"date":"2026-02-04T18:46:04","date_gmt":"2026-02-04T17:46:04","guid":{"rendered":"https:\/\/dplb-rando.fr\/?page_id=9597"},"modified":"2026-02-04T18:46:05","modified_gmt":"2026-02-04T17:46:05","slug":"1-4-juin-2026-mejannes-le-clap-sejour-randos-ceze-cevennes","status":"publish","type":"page","link":"https:\/\/dplb-rando.fr\/index.php\/1-4-juin-2026-mejannes-le-clap-sejour-randos-ceze-cevennes\/","title":{"rendered":"1-4 Juin 2026 : M\u00e9jannes le Clap &#8211; S\u00e9jour Randos C\u00e8ze &#038; C\u00e9vennes"},"content":{"rendered":"","protected":false},"excerpt":{"rendered":"<p> <a class=\"continue-reading-link\" href=\"https:\/\/dplb-rando.fr\/index.php\/1-4-juin-2026-mejannes-le-clap-sejour-randos-ceze-cevennes\/\"><span>Continue reading<\/span><i class=\"icon-right-dir\"><\/i><\/a><\/p>\n","protected":false},"author":5,"featured_media":0,"parent":0,"menu_order":0,"comment_status":"closed","ping_status":"closed","template":"","meta":[],"_links":{"self":[{"href":"https:\/\/dplb-rando.fr\/index.php\/wp-json\/wp\/v2\/pages\/9597"}],"collection":[{"href":"https:\/\/dplb-rando.fr\/index.php\/wp-json\/wp\/v2\/pages"}],"about":[{"href":"https:\/\/dplb-rando.fr\/index.php\/wp-json\/wp\/v2\/types\/page"}],"author":[{"embeddable":true,"href":"https:\/\/dplb-rando.fr\/index.php\/wp-json\/wp\/v2\/users\/5"}],"replies":[{"embeddable":true,"href":"https:\/\/dplb-rando.fr\/index.php\/wp-json\/wp\/v2\/comments?post=9597"}],"version-history":[{"count":1,"href":"https:\/\/dplb-rando.fr\/index.php\/wp-json\/wp\/v2\/pages\/9597\/revisions"}],"predecessor-version":[{"id":9598,"href":"https:\/\/dplb-rando.fr\/index.php\/wp-json\/wp\/v2\/pages\/9597\/revisions\/9598"}],"wp:attachment":[{"href":"https:\/\/dplb-rando.fr\/index.php\/wp-json\/wp\/v2\/media?parent=9597"}],"curies":[{"name":"wp","href":"https:\/\/api.w.org\/{rel}","templated":true}]}}