{"id":850,"date":"2016-06-26T22:18:58","date_gmt":"2016-06-26T21:18:58","guid":{"rendered":"http:\/\/dplb-rando.fr\/?page_id=850"},"modified":"2026-04-13T13:43:09","modified_gmt":"2026-04-13T12:43:09","slug":"informations","status":"publish","type":"page","link":"https:\/\/dplb-rando.fr\/","title":{"rendered":"Informations"},"content":{"rendered":"<h4 style=\"text-align: center;\"><span style=\"color: #3366ff;\">**** <span style=\"color: #ff9900;\">Mise \u00e0 jour 13 Avril<\/span><\/span><span style=\"color: #3366ff;\"><span style=\"color: #ff9900;\">\u00a02026 <span style=\"color: #3366ff;\">***<\/span> Onglets : Informations et Programme<\/span><\/span><span style=\"color: #3366ff;\">*****<\/span><\/h4>\n<h2 style=\"text-align: center;\"><span style=\"color: #0000ff;\"><em><span style=\"color: #0000ff;\"><span style=\"color: #0000ff;\">Bonjour toutes et tous, adh\u00e9rentes et adh\u00e9rents, visiteuses et visiteurs, ce site est fait pour vous. N&#8217;h\u00e9sitez pas \u00e0 le consulter r\u00e9guli\u00e8rement, vous \u00eates les bienvenu(e)s.<\/span><\/span><\/em><\/span><span style=\"color: #0000ff;\">\u00a0 \u00a0 \u00a0 <\/span><\/h2>\n<h2 style=\"text-align: center;\"><span style=\"color: #0000ff;\">**********<\/span><\/h2>\n<h2 style=\"text-align: center;\">Le programme <span style=\"color: #339966;\">Mars Avril 2026<\/span> <span style=\"color: #ff0000;\">(version provisoire du 13 Avril 2026)<\/span> est mis en ligne.<\/h2>\n<h2 style=\"text-align: center;\"><strong><em><span style=\"color: #ff0000;\">Rappel n\u00b01 <\/span><\/em>: durant toute la <span style=\"color: #000000;\"><em><span style=\"color: #ff0000;\">Saison<\/span><\/em>, n&#8217;oubliez pas de v\u00e9rifier le<\/span><\/strong> <span style=\"color: #000000;\"><span style=\"color: #3366ff;\">programme en cours<\/span><\/span><strong><span style=\"color: #000000;\"> ainsi que votre messagerie compte tenu des annulations ou modifications \u00e9ventuelles.<\/span><\/strong>\u00a0<\/h2>\n<h2 style=\"text-align: center;\"><span style=\"color: #ff9900;\"><strong><em>Rappel n\u00b02 : <\/em><\/strong><\/span><strong>comme pendant la <\/strong><span style=\"color: #ff9900;\"><strong><em>Saison Estivale<\/em><\/strong><\/span><span style=\"font-weight: 400; color: revert; font-size: revert;\">, n<\/span><strong style=\"color: revert; font-size: revert;\">&#8216;oubliez pas de v\u00e9rifiez les conditions d&#8217;acc\u00e8s aux massifs forestiers du Var en cliquant <\/strong><strong style=\"color: revert; font-size: revert;\"><span style=\"color: #ff6600;\"><span style=\"color: #000000;\">sur<\/span>\u00a0<\/span><\/strong><a href=\"https:\/\/www.risque-prevention-incendie.fr\/var\/\"><span style=\"color: #3366ff;\">D\u00e9partement du Var<\/span><\/a><strong style=\"color: revert; font-size: revert;\">\u00a0ou <\/strong><a href=\"https:\/\/www.ville-bormes.fr\/mon-quotidien\/securite\/les-risques-majeurs\/carte-des-risques\/\"><span style=\"color: #ff9900;\">Ville de Bormes les Mimosas<\/span><\/a><strong style=\"color: revert; font-size: revert;\">. Pour en connaitre la signification\u00a0 <a href=\"http:\/\/dplb-rando.fr\/wp-content\/uploads\/2022\/06\/1-Risque-incendie.jpg\"><span style=\"color: #ff6600;\">cliquer l\u00e0<\/span><\/a>.<\/strong><\/h2>\n<div class=\"gmail_default\">\n<h2 style=\"text-align: center;\"><span style=\"color: #3366ff;\">**********<\/span><\/h2>\n<\/div>\n<h2 style=\"text-align: center;\"><span style=\"color: revert; font-size: revert; font-weight: revert;\">\u00a0<\/span><span style=\"color: revert; font-size: revert; font-weight: revert;\">Agenda des diverses<\/span><span style=\"color: #339966;\"> manifestations associatives et sportives :<\/span><span style=\"color: revert; font-size: revert; font-weight: revert;\">\u00a0<\/span><span style=\"color: #ff9900;\">\u00a0\u00a0<\/span><\/h2>\n<div class=\"gmail_default\">\n<div class=\"gmail_default\">\n<h2 style=\"text-align: center;\"><span style=\"color: #ff9900;\">\u00a0<\/span><span style=\"color: #ff9900;\"><a href=\"http:\/\/dplb-rando.fr\/wp-content\/uploads\/2026\/01\/2026-FestiRando-Cdrp83.jpg\"><img decoding=\"async\" loading=\"lazy\" class=\"alignnone\" src=\"http:\/\/dplb-rando.fr\/wp-content\/uploads\/2026\/01\/2026-FestiRando-Cdrp83.jpg\" width=\"82\" height=\"116\" \/><\/a>\u00a0Festi&#8217;Rando<\/span> : A P\u00e9dibus &amp; Cdrp83 relancent la &#8220;F\u00eate de la Randonn\u00e9e&#8221; le 2 Mai 2026 <a href=\"https:\/\/l.facebook.com\/l.php?u=https%3A%2F%2Fwww.helloasso.com%2Fassociations%2Fcomite-departemental-de-la-randonnee-pedestre-du-var-cdrp83%2Fevenements%2Ffesti-rando-02-mai-2026%3Ffbclid%3DIwZXh0bgNhZW0CMTAAYnJpZBEwQzJzY3pqanA1V0trOFR1aHNydGMGYXBwX2lkEDIyMjAzOTE3ODgyMDA4OTIAAR5lZM-_uDInq7_wUMqJoMYu9ZndHwX0woZu9sd39KLUWg-RxXdn-SNHVdobaw_aem_gHOEhCeWPAPzFbpklDekNQ&amp;h=AT0A72q0XHeADjIv5abm3fhd-KC9y4jc2BCfgqnM68lDwCFR0Rt_UQqz6LsctJxJOjybf39GyEw9WOZWxKXX0bIgkb5JjJbW_SMzZQoz46ZMenLFZpe7H1bGzv2vKnYDTZJFf2WUA5FDow&amp;__tn__=-UK*F\">(inscription HelloAsso ici)<\/a><span style=\"color: #000000;\"><span style=\"color: #000000;\">.<\/span><\/span><\/h2>\n<h2 style=\"text-align: center;\"><span style=\"color: #ff9900;\">\u00a0Trail des 3 Dauphins<\/span> : Le Lavandou &#8211; 3 Mai 2026. <a href=\"http:\/\/dplb-rando.fr\/wp-content\/uploads\/2026\/01\/2026-Trail-3-Mai.jpeg\"><img decoding=\"async\" loading=\"lazy\" class=\"alignright\" src=\"http:\/\/dplb-rando.fr\/wp-content\/uploads\/2026\/01\/2026-Trail-3-Mai.jpeg\" width=\"88\" height=\"94\" \/><\/a><\/h2>\n<h2>\u00a0<\/h2>\n<h2 style=\"text-align: center;\"><span style=\"color: #ff9900;\">Klus Caisses \u00e0 savon<\/span> : 2 &amp; 3 Mai &#8211; Bormes Village.<\/h2>\n<h2 style=\"text-align: center;\"><span style=\"color: #ff9900;\">Pique-Nique DPLB<\/span> : Mardi 12 Mai &#8211; Cabasson.<\/h2>\n<h2 style=\"text-align: center;\"><span style=\"color: #ff9900;\">Le Var, la Semaine Nature! <span style=\"color: #000000;\">: devenue &#8216;F\u00eate de la Nature&#8217; du 20 au 25 Mai 2026.<\/span><\/span> <a href=\"http:\/\/dplb-rando.fr\/wp-content\/uploads\/2026\/02\/2026-Fete-de-la-Nature.jpeg\"><img decoding=\"async\" loading=\"lazy\" class=\"\" src=\"http:\/\/dplb-rando.fr\/wp-content\/uploads\/2026\/02\/2026-Fete-de-la-Nature.jpeg\" width=\"141\" height=\"99\" \/><\/a><\/h2>\n<h2 style=\"text-align: center;\"><span style=\"color: #ff9900;\">Challenge Fernand Sardou<\/span> : Bormes &#8211; les 29 et 30 Mai 2026.<\/h2>\n<h2 style=\"text-align: center;\"><span style=\"color: #ff9900;\">Sports en Lumi\u00e8re &#8211; LBA Classic<\/span> : Bormes &#8211; 6 et 7 Juin &#8211; La Favi\u00e8re.<\/h2>\n<h2 style=\"text-align: center;\"><span style=\"color: #ff9900;\">Repas DPLB de Fin de Saison <\/span>: Le 27 Juin \u00e0 Saint Clair &#8211; Le Lavandou.<\/h2>\n<h2 style=\"text-align: center;\"><span style=\"color: #ff9900;\">Lib\u00e9ration de Bormes<\/span> : 16 &amp; 17 Ao\u00fbt.\u00a0<\/h2>\n<h2 style=\"text-align: center;\"><span style=\"color: #ff9900;\">Forum des Associations<\/span> : 6 Septembre 2026 &#8211; Bormes la Favi\u00e8re.<\/h2>\n<h2 style=\"text-align: center;\"><span style=\"color: #3366ff; font-size: revert; font-weight: revert;\">**********<\/span><\/h2>\n<\/div>\n<h2 style=\"text-align: center;\"><span style=\"color: revert; font-size: revert; font-weight: revert;\">\u00a0<\/span><span style=\"font-weight: 400;\">Le bulletin d&#8217;inscription, le questionnaire de sant\u00e9 et le bulletin d&#8217;assurances compl\u00e9mentaires (saison <strong><span style=\"color: #ff9900;\">2025 2026<\/span><\/strong>) sont en ligne (Onglet Contacts puis Bulletin d&#8217;adh\u00e9sion).<\/span><\/h2>\n<div class=\"gmail_default\">\n<h2 style=\"text-align: center;\"><span style=\"font-weight: 400;\">Vous pourrez d\u00e9poser vos dossiers lors de nos <em><strong><span style=\"color: #ff6600;\">permanences <\/span><\/strong><\/em>(Onglet Contacts puis Permanences), par <em><strong><span style=\"color: #ff6600;\">voie postale<\/span><\/strong><\/em> : DPLB Alain MICHEL &#8211; Domaine du Cap B\u00e9nat &#8211; 8 Route des Cigales &#8211; 83230 Bormes les Mimosas ou dans la <em><strong><span style=\"color: #ff6600;\">boite aux lettres<\/span><\/strong><\/em> de <\/span><span style=\"color: revert; font-size: revert; font-weight: revert;\"><strong>la<\/strong> DPLB \u00e0 l&#8217;adresse suivante : 277 Ave de la Grande Bastide (Parking de la Micro Cr\u00e8che du Grand Jardin) 83980 Le Lavandou &#8211; Comment s&#8217;y rendre : <\/span><span style=\"color: #ff0000;\"><a style=\"color: #ff0000;\" href=\"https:\/\/goo.gl\/maps\/pQ2LmpWFN74YkM1J8\">c&#8217;est ici<\/a><\/span><\/h2>\n<\/div>\n<\/div>\n<div class=\"gmail_default\">\n<div class=\"gmail_default\">\n<h2 style=\"text-align: center;\"><span style=\"color: #008000;\"><span style=\"font-weight: revert;\">Si <\/span>n\u00e9cessaire<span style=\"font-weight: revert;\">, contactez nous par t\u00e9l\u00e9phone. Provisoirement, n&#8217;utilisez pas le formulaire <\/span><\/span><span style=\"color: #ff6600;\">&#8220;Nous contacter&#8221;<\/span><span style=\"color: #008000; font-size: revert; font-weight: revert;\">.<\/span><\/h2>\n<\/div>\n<\/div>\n<div class=\"gmail_default\">\n<h2 style=\"text-align: center;\"><span style=\"color: #3366ff;\">**********<\/span><\/h2>\n<\/div>\n<h2 style=\"text-align: center;\"><span style=\"color: revert; font-size: revert; font-weight: revert;\"><span style=\"color: #ff0000;\">Attention<\/span> : Les cas de Covid-19<\/span><span style=\"color: revert; font-size: revert; font-weight: revert;\"> perdurent. <\/span><span style=\"color: #ff9900;\">Continuer de vous prot\u00e9gez et de prot\u00e9ger les autres<span style=\"color: #000000;\">.\u00a0<\/span><\/span><\/h2>\n<div class=\"gmail_default\">\n<h2 style=\"text-align: center;\"><strong>Le site officiel du gouvernement est mis \u00e0 jour r\u00e9guli\u00e8rement :<\/strong> <a href=\"https:\/\/www.gouvernement.fr\/info-coronavirus\"><span style=\"color: #ff00ff;\">Informations officielles<\/span><\/a><\/h2>\n<\/div>\n<div class=\"gmail_default\">\n<h2 style=\"text-align: center;\"><span style=\"color: #3366ff; font-size: revert; font-weight: revert;\">**********<\/span><\/h2>\n<\/div>\n<h2 style=\"text-align: center;\"><span style=\"color: revert; font-size: revert; font-weight: revert;\">\u00a0 \u00a0<\/span><strong style=\"color: revert; font-size: revert;\"><span style=\"color: #ff6600;\">Organisation<\/span> : <\/strong><span style=\"color: #000000;\"><strong>recommandations<\/strong>, \u00e9quipement, lieux de rendez-vous, s\u00e9curit\u00e9 etc. : <a href=\"http:\/\/dplb-rando.fr\/wp-content\/uploads\/2025\/07\/Organisation-2025-v1-Texte-Site.jpg\"><span style=\"color: #ff6600;\">cliquer ici<\/span><\/a><\/span><\/h2>\n<div class=\"gmail_default\">\n<div class=\"gmail_default\">\n<h2 style=\"text-align: center;\"><span style=\"color: #3366ff; font-size: revert; font-weight: revert;\">**********<\/span><\/h2>\n<\/div>\n<\/div>\n<h2 style=\"text-align: center;\"><span style=\"font-weight: 400;\">La page <em><strong><span style=\"color: #008000;\">Information<\/span><\/strong><\/em> est syst\u00e9matiquement mise \u00e0 jour, le <strong><em><span style=\"color: #008000;\">programme de randonn\u00e9es<\/span><\/em><\/strong> est r\u00e9guli\u00e8rement adapt\u00e9 et publi\u00e9, vos <em><strong><span style=\"color: #008000;\">photos<\/span><\/strong><\/em> sont mises en ligne rapidement, alors n<\/span>&#8216;oubliez pas :<span style=\"color: #ff0000;\"> consulter r\u00e9guli\u00e8rement <\/span>les pages de votre site pr\u00e9f\u00e9r\u00e9.\u00a0<\/h2>\n<h4 style=\"text-align: center;\">(Les informations importantes restent sur la page d&#8217;accueil entre quelques\u00a0 jours et plusieurs semaines selon leur importance)<\/h4>\n<h2 style=\"text-align: center;\"><span style=\"color: #3366ff;\">**********<\/span><\/h2>\n\n\n<p><\/p>\n","protected":false},"excerpt":{"rendered":"<p>**** Mise \u00e0 jour 13 Avril\u00a02026 *** Onglets : Informations et Programme***** Bonjour toutes et tous, adh\u00e9rentes et adh\u00e9rents, visiteuses et visiteurs, ce site est fait pour vous. N&#8217;h\u00e9sitez pas \u00e0 le consulter r\u00e9guli\u00e8rement, vous \u00eates les bienvenu(e)s.\u00a0 \u00a0 \u00a0 ********** Le programme Mars Avril 2026 (version provisoire du 13\u2026<\/p>\n<p> <a class=\"continue-reading-link\" href=\"https:\/\/dplb-rando.fr\/\"><span>Continue reading<\/span><i class=\"icon-right-dir\"><\/i><\/a><\/p>\n","protected":false},"author":1,"featured_media":0,"parent":0,"menu_order":0,"comment_status":"closed","ping_status":"closed","template":"","meta":[],"_links":{"self":[{"href":"https:\/\/dplb-rando.fr\/index.php\/wp-json\/wp\/v2\/pages\/850"}],"collection":[{"href":"https:\/\/dplb-rando.fr\/index.php\/wp-json\/wp\/v2\/pages"}],"about":[{"href":"https:\/\/dplb-rando.fr\/index.php\/wp-json\/wp\/v2\/types\/page"}],"author":[{"embeddable":true,"href":"https:\/\/dplb-rando.fr\/index.php\/wp-json\/wp\/v2\/users\/1"}],"replies":[{"embeddable":true,"href":"https:\/\/dplb-rando.fr\/index.php\/wp-json\/wp\/v2\/comments?post=850"}],"version-history":[{"count":1985,"href":"https:\/\/dplb-rando.fr\/index.php\/wp-json\/wp\/v2\/pages\/850\/revisions"}],"predecessor-version":[{"id":9760,"href":"https:\/\/dplb-rando.fr\/index.php\/wp-json\/wp\/v2\/pages\/850\/revisions\/9760"}],"wp:attachment":[{"href":"https:\/\/dplb-rando.fr\/index.php\/wp-json\/wp\/v2\/media?parent=850"}],"curies":[{"name":"wp","href":"https:\/\/api.w.org\/{rel}","templated":true}]}}