{"id":8300,"date":"2024-11-10T18:18:11","date_gmt":"2024-11-10T17:18:11","guid":{"rendered":"https:\/\/dplb-rando.fr\/?page_id=8300"},"modified":"2024-11-10T18:30:58","modified_gmt":"2024-11-10T17:30:58","slug":"2-5-juin-2025-castellane-sejour-randos-alpes-de-haute-provence","status":"publish","type":"page","link":"https:\/\/dplb-rando.fr\/index.php\/2-5-juin-2025-castellane-sejour-randos-alpes-de-haute-provence\/","title":{"rendered":"2-5 Juin 2025 : Castellane &#8211; S\u00e9jour Randos Alpes de Haute Provence"},"content":{"rendered":"\n<p><\/p>\n\n\n\n<p><\/p>\n\n\n<p><a href=\"http:\/\/dplb-rando.fr\/wp-content\/uploads\/2024\/11\/prereservation-en-photo.jpeg\"><img decoding=\"async\" loading=\"lazy\" class=\"alignleft\" src=\"http:\/\/dplb-rando.fr\/wp-content\/uploads\/2024\/11\/prereservation-en-photo.jpeg\" width=\"132\" height=\"187\"><\/a> Ci-contre, bulletin de pr\u00e9-r\u00e9servation. Compte tenu du nombre actuel d&#8217;inscrits, vous serez en liste d&#8217;attente. A bient\u00f4t.<\/p>","protected":false},"excerpt":{"rendered":"<p>Ci-contre, bulletin de pr\u00e9-r\u00e9servation. Compte tenu du nombre actuel d&#8217;inscrits, vous serez en liste d&#8217;attente. A bient\u00f4t.<\/p>\n<p> <a class=\"continue-reading-link\" href=\"https:\/\/dplb-rando.fr\/index.php\/2-5-juin-2025-castellane-sejour-randos-alpes-de-haute-provence\/\"><span>Continue reading<\/span><i class=\"icon-right-dir\"><\/i><\/a><\/p>\n","protected":false},"author":5,"featured_media":0,"parent":0,"menu_order":0,"comment_status":"closed","ping_status":"closed","template":"","meta":[],"_links":{"self":[{"href":"https:\/\/dplb-rando.fr\/index.php\/wp-json\/wp\/v2\/pages\/8300"}],"collection":[{"href":"https:\/\/dplb-rando.fr\/index.php\/wp-json\/wp\/v2\/pages"}],"about":[{"href":"https:\/\/dplb-rando.fr\/index.php\/wp-json\/wp\/v2\/types\/page"}],"author":[{"embeddable":true,"href":"https:\/\/dplb-rando.fr\/index.php\/wp-json\/wp\/v2\/users\/5"}],"replies":[{"embeddable":true,"href":"https:\/\/dplb-rando.fr\/index.php\/wp-json\/wp\/v2\/comments?post=8300"}],"version-history":[{"count":5,"href":"https:\/\/dplb-rando.fr\/index.php\/wp-json\/wp\/v2\/pages\/8300\/revisions"}],"predecessor-version":[{"id":8308,"href":"https:\/\/dplb-rando.fr\/index.php\/wp-json\/wp\/v2\/pages\/8300\/revisions\/8308"}],"wp:attachment":[{"href":"https:\/\/dplb-rando.fr\/index.php\/wp-json\/wp\/v2\/media?parent=8300"}],"curies":[{"name":"wp","href":"https:\/\/api.w.org\/{rel}","templated":true}]}}