{"id":8297,"date":"2024-11-10T18:13:31","date_gmt":"2024-11-10T17:13:31","guid":{"rendered":"https:\/\/dplb-rando.fr\/?page_id=8297"},"modified":"2024-11-28T10:45:10","modified_gmt":"2024-11-28T09:45:10","slug":"20-23-janvier-2025-montclar-saint-jean-sejour-raquettes","status":"publish","type":"page","link":"https:\/\/dplb-rando.fr\/index.php\/20-23-janvier-2025-montclar-saint-jean-sejour-raquettes\/","title":{"rendered":"20-23 Janvier 2025 : Montclar Saint Jean &#8211; S\u00e9jour Raquettes"},"content":{"rendered":"<p><a href=\"http:\/\/dplb-rando.fr\/wp-content\/uploads\/2024\/11\/Pre-reservation-Photo.jpeg\"><img decoding=\"async\" loading=\"lazy\" class=\"alignleft\" src=\"http:\/\/dplb-rando.fr\/wp-content\/uploads\/2024\/11\/Pre-reservation-Photo.jpeg\" width=\"160\" height=\"226\" \/><\/a>Ci-contre bulletin de pr\u00e9-r\u00e9servation. Merci de nous le transmettre tr\u00e8s rapidement. Nous devons donner des r\u00e9ponses \u00e0 notre h\u00e9bergeur et \u00e0 la ville du Lavandou, notre transporteur. A bient\u00f4t.<\/p>\n<p><em><strong><span style=\"color: #ff6600;\">S\u00e9jour Annul\u00e9 faute de Participants.<\/span><\/strong><\/em><\/p>\n","protected":false},"excerpt":{"rendered":"<p>Ci-contre bulletin de pr\u00e9-r\u00e9servation. Merci de nous le transmettre tr\u00e8s rapidement. Nous devons donner des r\u00e9ponses \u00e0 notre h\u00e9bergeur et \u00e0 la ville du Lavandou, notre transporteur. A bient\u00f4t. S\u00e9jour Annul\u00e9 faute de Participants.<\/p>\n<p> <a class=\"continue-reading-link\" href=\"https:\/\/dplb-rando.fr\/index.php\/20-23-janvier-2025-montclar-saint-jean-sejour-raquettes\/\"><span>Continue reading<\/span><i class=\"icon-right-dir\"><\/i><\/a><\/p>\n","protected":false},"author":5,"featured_media":0,"parent":0,"menu_order":0,"comment_status":"closed","ping_status":"closed","template":"","meta":[],"_links":{"self":[{"href":"https:\/\/dplb-rando.fr\/index.php\/wp-json\/wp\/v2\/pages\/8297"}],"collection":[{"href":"https:\/\/dplb-rando.fr\/index.php\/wp-json\/wp\/v2\/pages"}],"about":[{"href":"https:\/\/dplb-rando.fr\/index.php\/wp-json\/wp\/v2\/types\/page"}],"author":[{"embeddable":true,"href":"https:\/\/dplb-rando.fr\/index.php\/wp-json\/wp\/v2\/users\/5"}],"replies":[{"embeddable":true,"href":"https:\/\/dplb-rando.fr\/index.php\/wp-json\/wp\/v2\/comments?post=8297"}],"version-history":[{"count":4,"href":"https:\/\/dplb-rando.fr\/index.php\/wp-json\/wp\/v2\/pages\/8297\/revisions"}],"predecessor-version":[{"id":8368,"href":"https:\/\/dplb-rando.fr\/index.php\/wp-json\/wp\/v2\/pages\/8297\/revisions\/8368"}],"wp:attachment":[{"href":"https:\/\/dplb-rando.fr\/index.php\/wp-json\/wp\/v2\/media?parent=8297"}],"curies":[{"name":"wp","href":"https:\/\/api.w.org\/{rel}","templated":true}]}}