{"id":800,"date":"2016-06-25T21:09:03","date_gmt":"2016-06-25T20:09:03","guid":{"rendered":"http:\/\/dplb-rando.fr\/?page_id=800"},"modified":"2024-09-26T16:58:15","modified_gmt":"2024-09-26T15:58:15","slug":"marche-nordique","status":"publish","type":"page","link":"https:\/\/dplb-rando.fr\/index.php\/marche-nordique\/","title":{"rendered":"Marche Nordique"},"content":{"rendered":"<h1><span style=\"text-decoration: underline; color: #ff0000;\"><strong>La Marche Nordique \u00e0 la DPLB<\/strong><\/span><\/h1>\n<h4>Compte tenu de l&#8217;indisponibilit\u00e9 d&#8217;animateurs b\u00e9n\u00e9voles, cette activit\u00e9 a \u00e9t\u00e9 suspendue.<\/h4>\n<h4>Nous la r\u00e9activerons d\u00e8s que possible.<\/h4>\n<h1><span style=\"color: #ff0000;\"><strong><span style=\"text-decoration: underline;\">La Marche Nordique, c&#8217;est quoi ?<\/span><\/strong><\/span> Cliquer \u00a0<strong><em><span style=\"text-decoration: underline;\"><a href=\"http:\/\/dplb-rando.fr\/wp-content\/uploads\/2016\/07\/Flyer-marche-nordique-V-DEF.pdf\">ICI<\/a><\/span><\/em><\/strong><\/h1>\n<h4><span style=\"color: initial;\">L&#8217;activit\u00e9 &#8220;Marche Nordique&#8221; a \u00e9t\u00e9 mise en place en 2016.<\/span><\/h4>\n<h4>le Comit\u00e9 Directeur avait d\u00e9cid\u00e9 de d\u00e9velopper cette activit\u00e9 de l&#8217;inscrire au Programme des randonn\u00e9es.<\/h4>\n<h4><\/h4>\n","protected":false},"excerpt":{"rendered":"<p>La Marche Nordique \u00e0 la DPLB Compte tenu de l&#8217;indisponibilit\u00e9 d&#8217;animateurs b\u00e9n\u00e9voles, cette activit\u00e9 a \u00e9t\u00e9 suspendue. Nous la r\u00e9activerons d\u00e8s que possible. La Marche Nordique, c&#8217;est quoi ? Cliquer \u00a0ICI L&#8217;activit\u00e9 &#8220;Marche Nordique&#8221; a \u00e9t\u00e9 mise en place en 2016. le Comit\u00e9 Directeur avait d\u00e9cid\u00e9 de d\u00e9velopper cette activit\u00e9\u2026<\/p>\n<p> <a class=\"continue-reading-link\" href=\"https:\/\/dplb-rando.fr\/index.php\/marche-nordique\/\"><span>Continue reading<\/span><i class=\"icon-right-dir\"><\/i><\/a><\/p>\n","protected":false},"author":1,"featured_media":0,"parent":0,"menu_order":0,"comment_status":"closed","ping_status":"closed","template":"","meta":[],"_links":{"self":[{"href":"https:\/\/dplb-rando.fr\/index.php\/wp-json\/wp\/v2\/pages\/800"}],"collection":[{"href":"https:\/\/dplb-rando.fr\/index.php\/wp-json\/wp\/v2\/pages"}],"about":[{"href":"https:\/\/dplb-rando.fr\/index.php\/wp-json\/wp\/v2\/types\/page"}],"author":[{"embeddable":true,"href":"https:\/\/dplb-rando.fr\/index.php\/wp-json\/wp\/v2\/users\/1"}],"replies":[{"embeddable":true,"href":"https:\/\/dplb-rando.fr\/index.php\/wp-json\/wp\/v2\/comments?post=800"}],"version-history":[{"count":26,"href":"https:\/\/dplb-rando.fr\/index.php\/wp-json\/wp\/v2\/pages\/800\/revisions"}],"predecessor-version":[{"id":8132,"href":"https:\/\/dplb-rando.fr\/index.php\/wp-json\/wp\/v2\/pages\/800\/revisions\/8132"}],"wp:attachment":[{"href":"https:\/\/dplb-rando.fr\/index.php\/wp-json\/wp\/v2\/media?parent=800"}],"curies":[{"name":"wp","href":"https:\/\/api.w.org\/{rel}","templated":true}]}}