{"id":757,"date":"2016-06-25T19:01:00","date_gmt":"2016-06-25T18:01:00","guid":{"rendered":"http:\/\/dplb-rando.fr\/?page_id=757"},"modified":"2025-08-22T18:13:23","modified_gmt":"2025-08-22T17:13:23","slug":"bulletin-dadhesion","status":"publish","type":"page","link":"https:\/\/dplb-rando.fr\/index.php\/bulletin-dadhesion\/","title":{"rendered":"Comment adh\u00e9rer"},"content":{"rendered":"<h2><strong>Compl\u00e9ter le Bulletin d&#8217;adh\u00e9sion <a href=\"http:\/\/dplb-rando.fr\/wp-content\/uploads\/2025\/08\/2025-2026-Bulletin-Adhesion-v7.pdf\"><span style=\"color: #ff9900;\">(version PDF)<\/span><\/a> Saison 2025 &#8211; 2026 (le recto est\u00a0<a href=\"http:\/\/dplb-rando.fr\/wp-content\/uploads\/2025\/08\/2025-2026-Bulletin-Adhesion-v7-Recto.jpg\"><span style=\"color: #ff0000;\">ici<\/span><\/a> et le verso est <a href=\"http:\/\/dplb-rando.fr\/wp-content\/uploads\/2025\/08\/2025-2026-Bulletin-Adhesion-v7-Verso.jpg\"><span style=\"color: #ff0000;\">l\u00e0<\/span><\/a> soit 2 pages)<\/strong><\/h2>\n<p>\u00a0 \u00a0<a href=\"http:\/\/dplb-rando.fr\/wp-content\/uploads\/2025\/08\/2025-2026-Bulletin-Adhesion-v7-Recto.jpg\"><img decoding=\"async\" loading=\"lazy\" class=\"\" src=\"http:\/\/dplb-rando.fr\/wp-content\/uploads\/2025\/08\/2025-2026-Bulletin-Adhesion-v7-Recto.jpg\" width=\"92\" height=\"130\" \/><\/a>\u00a0 \u00a0 <a href=\"http:\/\/dplb-rando.fr\/wp-content\/uploads\/2025\/08\/2025-2026-Bulletin-Adhesion-v7-Verso.jpg\"><img decoding=\"async\" loading=\"lazy\" class=\"\" src=\"http:\/\/dplb-rando.fr\/wp-content\/uploads\/2025\/08\/2025-2026-Bulletin-Adhesion-v7-Verso.jpg\" width=\"92\" height=\"131\" \/><\/a><\/p>\n<h2><strong>ainsi que le questionnaire de sant\u00e9 2025 &#8211; 2026 <a href=\"http:\/\/dplb-rando.fr\/wp-content\/uploads\/2025\/07\/2025-2026-Questionnaire-de-Sante.jpg\">(<span style=\"color: #00ccff;\">ici<\/span>)<\/a><\/strong><\/h2>\n<p><a href=\"http:\/\/dplb-rando.fr\/wp-content\/uploads\/2025\/07\/2025-2026-Questionnaire-de-Sante.jpg\"><img decoding=\"async\" loading=\"lazy\" class=\"\" src=\"http:\/\/dplb-rando.fr\/wp-content\/uploads\/2025\/07\/2025-2026-Questionnaire-de-Sante.jpg\" width=\"97\" height=\"138\" \/><\/a><\/p>\n<h2><strong>et le document assurances compl\u00e9mentaires 2025 &#8211; 2026 <a href=\"http:\/\/dplb-rando.fr\/wp-content\/uploads\/2025\/07\/2025-2026-Bulletin-Ass-Compl.jpg\">(<span style=\"color: #ff9900;\">l\u00e0<\/span>)<\/a>\u00a0<\/strong><\/h2>\n<p><a href=\"http:\/\/dplb-rando.fr\/wp-content\/uploads\/2025\/07\/2025-2026-Bulletin-Ass-Compl.jpg\"><img decoding=\"async\" loading=\"lazy\" class=\"\" src=\"http:\/\/dplb-rando.fr\/wp-content\/uploads\/2025\/07\/2025-2026-Bulletin-Ass-Compl.jpg\" width=\"72\" height=\"102\" \/><\/a><\/p>\n<h2><strong>Documents <\/strong><\/h2>\n<h2><strong><span style=\"color: #ff9900;\">\u00e0 d\u00e9poser au bureau de la<\/span> <span style=\"color: #ff9900;\">DPLB<\/span> <\/strong><\/h2>\n<h2><strong>(lors des permanences &#8211; bureau de Bormes ou dans la boite aux lettres &#8211; bureau du Lavandou)<\/strong><\/h2>\n<h2><span style=\"color: #ff9900;\">\u00e0 transmettre par voie postale \u00e0 l&#8217;adresse suivante<\/span> :<\/h2>\n<h2>DPLB &#8211; Alain MICHEL<\/h2>\n<h2>8 Route des Cigales<\/h2>\n<h2>Domaine du cap B\u00e9nat<\/h2>\n<h2>83230 Bormes Les Mimosas<\/h2>\n\n\n<p><\/p>\n","protected":false},"excerpt":{"rendered":"<p>Compl\u00e9ter le Bulletin d&#8217;adh\u00e9sion (version PDF) Saison 2025 &#8211; 2026 (le recto est\u00a0ici et le verso est l\u00e0 soit 2 pages) \u00a0 \u00a0\u00a0 \u00a0 ainsi que le questionnaire de sant\u00e9 2025 &#8211; 2026 (ici) et le document assurances compl\u00e9mentaires 2025 &#8211; 2026 (l\u00e0)\u00a0 Documents \u00e0 d\u00e9poser au bureau de la\u2026<\/p>\n<p> <a class=\"continue-reading-link\" href=\"https:\/\/dplb-rando.fr\/index.php\/bulletin-dadhesion\/\"><span>Continue reading<\/span><i class=\"icon-right-dir\"><\/i><\/a><\/p>\n","protected":false},"author":1,"featured_media":0,"parent":0,"menu_order":0,"comment_status":"closed","ping_status":"closed","template":"","meta":[],"_links":{"self":[{"href":"https:\/\/dplb-rando.fr\/index.php\/wp-json\/wp\/v2\/pages\/757"}],"collection":[{"href":"https:\/\/dplb-rando.fr\/index.php\/wp-json\/wp\/v2\/pages"}],"about":[{"href":"https:\/\/dplb-rando.fr\/index.php\/wp-json\/wp\/v2\/types\/page"}],"author":[{"embeddable":true,"href":"https:\/\/dplb-rando.fr\/index.php\/wp-json\/wp\/v2\/users\/1"}],"replies":[{"embeddable":true,"href":"https:\/\/dplb-rando.fr\/index.php\/wp-json\/wp\/v2\/comments?post=757"}],"version-history":[{"count":113,"href":"https:\/\/dplb-rando.fr\/index.php\/wp-json\/wp\/v2\/pages\/757\/revisions"}],"predecessor-version":[{"id":9060,"href":"https:\/\/dplb-rando.fr\/index.php\/wp-json\/wp\/v2\/pages\/757\/revisions\/9060"}],"wp:attachment":[{"href":"https:\/\/dplb-rando.fr\/index.php\/wp-json\/wp\/v2\/media?parent=757"}],"curies":[{"name":"wp","href":"https:\/\/api.w.org\/{rel}","templated":true}]}}