{"id":707,"date":"2016-06-25T08:00:55","date_gmt":"2016-06-25T07:00:55","guid":{"rendered":"http:\/\/dplb-rando.fr\/?page_id=707"},"modified":"2023-02-08T07:23:32","modified_gmt":"2023-02-08T06:23:32","slug":"statuts-et-reglements","status":"publish","type":"page","link":"https:\/\/dplb-rando.fr\/index.php\/statuts-et-reglements\/","title":{"rendered":"Statuts, R\u00e8glements et Documentation"},"content":{"rendered":"<h2><\/h2>\n<h1 style=\"text-align: center;\"><span style=\"color: #0000ff;\"><em><strong>Bonjour \u00e0 vous qui visitez notre Site<\/strong><\/em><\/span><\/h1>\n<h2 style=\"text-align: center;\"><span style=\"color: #ff0000;\">**********<\/span><\/h2>\n<h2 style=\"text-align: center;\">Consultez chaque \u201conglet\u201d pour faire plus ample connaissance avec notre Association, affili\u00e9e \u00e0 la F\u00e9d\u00e9ration Fran\u00e7aise de Randonn\u00e9e P\u00e9destre.<\/h2>\n<h2 style=\"text-align: center;\">Et surtout, n\u2019h\u00e9sitez pas \u00e0 nous contacter, mieux, \u00e0 venir nous rencontrer.<\/h2>\n<h2 style=\"text-align: center;\"><span style=\"color: #ff0000;\">**********<\/span><\/h2>\n<h2><\/h2>\n<h2 style=\"text-align: center;\"><\/h2>\n","protected":false},"excerpt":{"rendered":"<p>Bonjour \u00e0 vous qui visitez notre Site ********** Consultez chaque \u201conglet\u201d pour faire plus ample connaissance avec notre Association, affili\u00e9e \u00e0 la F\u00e9d\u00e9ration Fran\u00e7aise de Randonn\u00e9e P\u00e9destre. Et surtout, n\u2019h\u00e9sitez pas \u00e0 nous contacter, mieux, \u00e0 venir nous rencontrer. **********<\/p>\n<p> <a class=\"continue-reading-link\" href=\"https:\/\/dplb-rando.fr\/index.php\/statuts-et-reglements\/\"><span>Continue reading<\/span><i class=\"icon-right-dir\"><\/i><\/a><\/p>\n","protected":false},"author":1,"featured_media":0,"parent":0,"menu_order":0,"comment_status":"closed","ping_status":"closed","template":"","meta":[],"_links":{"self":[{"href":"https:\/\/dplb-rando.fr\/index.php\/wp-json\/wp\/v2\/pages\/707"}],"collection":[{"href":"https:\/\/dplb-rando.fr\/index.php\/wp-json\/wp\/v2\/pages"}],"about":[{"href":"https:\/\/dplb-rando.fr\/index.php\/wp-json\/wp\/v2\/types\/page"}],"author":[{"embeddable":true,"href":"https:\/\/dplb-rando.fr\/index.php\/wp-json\/wp\/v2\/users\/1"}],"replies":[{"embeddable":true,"href":"https:\/\/dplb-rando.fr\/index.php\/wp-json\/wp\/v2\/comments?post=707"}],"version-history":[{"count":8,"href":"https:\/\/dplb-rando.fr\/index.php\/wp-json\/wp\/v2\/pages\/707\/revisions"}],"predecessor-version":[{"id":6532,"href":"https:\/\/dplb-rando.fr\/index.php\/wp-json\/wp\/v2\/pages\/707\/revisions\/6532"}],"wp:attachment":[{"href":"https:\/\/dplb-rando.fr\/index.php\/wp-json\/wp\/v2\/media?parent=707"}],"curies":[{"name":"wp","href":"https:\/\/api.w.org\/{rel}","templated":true}]}}