{"id":6515,"date":"2023-02-07T16:26:29","date_gmt":"2023-02-07T15:26:29","guid":{"rendered":"http:\/\/dplb-rando.fr\/?page_id=6515"},"modified":"2023-02-07T16:53:13","modified_gmt":"2023-02-07T15:53:13","slug":"trousse-de-secours","status":"publish","type":"page","link":"https:\/\/dplb-rando.fr\/index.php\/trousse-de-secours\/","title":{"rendered":"Trousse de Secours"},"content":{"rendered":"<h2>\u00a0 \u00a0 \u21d2 Ce document (<a href=\"http:\/\/dplb-rando.fr\/wp-content\/uploads\/2023\/02\/2023-Trousse-de-Secours.pdf\"><span style=\"color: #ff0000;\">cliquer ici <strong>\u25ca<\/strong><\/span><\/a>) reprend la liste des produits inclus dans la trousse de secours. Il permet d&#8217;en v\u00e9rifier les dates de p\u00e9remption et doit \u00eatre conserv\u00e9\u00a0dans la trousse de secours.<\/h2>\n\n\n<p><\/p>\n","protected":false},"excerpt":{"rendered":"<p>\u00a0 \u00a0 \u21d2 Ce document (cliquer ici \u25ca) reprend la liste des produits inclus dans la trousse de secours. Il permet d&#8217;en v\u00e9rifier les dates de p\u00e9remption et doit \u00eatre conserv\u00e9\u00a0dans la trousse de secours.<\/p>\n<p> <a class=\"continue-reading-link\" href=\"https:\/\/dplb-rando.fr\/index.php\/trousse-de-secours\/\"><span>Continue reading<\/span><i class=\"icon-right-dir\"><\/i><\/a><\/p>\n","protected":false},"author":5,"featured_media":0,"parent":0,"menu_order":0,"comment_status":"closed","ping_status":"closed","template":"","meta":[],"_links":{"self":[{"href":"https:\/\/dplb-rando.fr\/index.php\/wp-json\/wp\/v2\/pages\/6515"}],"collection":[{"href":"https:\/\/dplb-rando.fr\/index.php\/wp-json\/wp\/v2\/pages"}],"about":[{"href":"https:\/\/dplb-rando.fr\/index.php\/wp-json\/wp\/v2\/types\/page"}],"author":[{"embeddable":true,"href":"https:\/\/dplb-rando.fr\/index.php\/wp-json\/wp\/v2\/users\/5"}],"replies":[{"embeddable":true,"href":"https:\/\/dplb-rando.fr\/index.php\/wp-json\/wp\/v2\/comments?post=6515"}],"version-history":[{"count":7,"href":"https:\/\/dplb-rando.fr\/index.php\/wp-json\/wp\/v2\/pages\/6515\/revisions"}],"predecessor-version":[{"id":6528,"href":"https:\/\/dplb-rando.fr\/index.php\/wp-json\/wp\/v2\/pages\/6515\/revisions\/6528"}],"wp:attachment":[{"href":"https:\/\/dplb-rando.fr\/index.php\/wp-json\/wp\/v2\/media?parent=6515"}],"curies":[{"name":"wp","href":"https:\/\/api.w.org\/{rel}","templated":true}]}}