{"id":6285,"date":"2022-11-23T15:05:44","date_gmt":"2022-11-23T14:05:44","guid":{"rendered":"http:\/\/dplb-rando.fr\/?page_id=6285"},"modified":"2022-12-14T09:11:41","modified_gmt":"2022-12-14T08:11:41","slug":"17-20-janvier-2023-montclar-sejour-raquettes-2","status":"publish","type":"page","link":"https:\/\/dplb-rando.fr\/index.php\/17-20-janvier-2023-montclar-sejour-raquettes-2\/","title":{"rendered":"17-20 Janvier 2023 : Montclar &#8211; S\u00e9jour Raquettes"},"content":{"rendered":"\n<p><\/p>\n\n\n<h2><em><span style=\"color: #993300;\"><a style=\"color: #993300;\" href=\"http:\/\/dplb-rando.fr\/wp-content\/uploads\/2022\/11\/Raquettes-1-Info-Sejour.pdf\">Information S\u00e9jour<\/a><\/span><\/em>\u00a0 \u00a0 \u00a0 \u00a0 \u00a0 \u00a0 \u00a0 \u00a0 \u00a0 \u00a0 \u00a0 \u00a0 \u00a0<span style=\"color: #339966;\">S\u00e9jour annul\u00e9 faute d&#8217;inscrits suffisants<\/span><\/h2>\n<h2><em><span style=\"color: #ff6600;\"><a style=\"color: #ff6600;\" href=\"http:\/\/dplb-rando.fr\/wp-content\/uploads\/2022\/11\/Raquettes-2-Bulletin-Inscription-Sejour.pdf\">Bulletin d&#8217;Inscription<\/a><\/span><\/em><\/h2>\n<h2><em><span style=\"color: #ff9900;\"><a style=\"color: #ff9900;\" href=\"http:\/\/dplb-rando.fr\/wp-content\/uploads\/2022\/11\/Raquettes-3-Conditions-Generales.pdf\">Conditions G\u00e9n\u00e9rales<\/a><\/span><\/em><\/h2>\n<h2><em><a href=\"http:\/\/dplb-rando.fr\/wp-content\/uploads\/2022\/11\/Raquettes-4-Bulletin-de-souscription-assurances-facultatives.pdf\"><span style=\"color: #ffcc00;\">Assurances Facultatives<\/span><\/a><\/em> (Document \u00e0 signer m\u00eame sans souscription)<\/h2>\n<h2><em><a href=\"http:\/\/dplb-rando.fr\/wp-content\/uploads\/2022\/11\/Raquettes-5-Fiche-dinformation-en-cas-de-sinistre.pdf\"><span style=\"color: #ffcc00;\">D\u00e9claration de Sinistre<\/span><\/a><\/em><\/h2>","protected":false},"excerpt":{"rendered":"<p>Information S\u00e9jour\u00a0 \u00a0 \u00a0 \u00a0 \u00a0 \u00a0 \u00a0 \u00a0 \u00a0 \u00a0 \u00a0 \u00a0 \u00a0S\u00e9jour annul\u00e9 faute d&#8217;inscrits suffisants Bulletin d&#8217;Inscription Conditions G\u00e9n\u00e9rales Assurances Facultatives (Document \u00e0 signer m\u00eame sans souscription) D\u00e9claration de Sinistre<\/p>\n<p> <a class=\"continue-reading-link\" href=\"https:\/\/dplb-rando.fr\/index.php\/17-20-janvier-2023-montclar-sejour-raquettes-2\/\"><span>Continue reading<\/span><i class=\"icon-right-dir\"><\/i><\/a><\/p>\n","protected":false},"author":5,"featured_media":0,"parent":0,"menu_order":0,"comment_status":"closed","ping_status":"closed","template":"","meta":[],"_links":{"self":[{"href":"https:\/\/dplb-rando.fr\/index.php\/wp-json\/wp\/v2\/pages\/6285"}],"collection":[{"href":"https:\/\/dplb-rando.fr\/index.php\/wp-json\/wp\/v2\/pages"}],"about":[{"href":"https:\/\/dplb-rando.fr\/index.php\/wp-json\/wp\/v2\/types\/page"}],"author":[{"embeddable":true,"href":"https:\/\/dplb-rando.fr\/index.php\/wp-json\/wp\/v2\/users\/5"}],"replies":[{"embeddable":true,"href":"https:\/\/dplb-rando.fr\/index.php\/wp-json\/wp\/v2\/comments?post=6285"}],"version-history":[{"count":8,"href":"https:\/\/dplb-rando.fr\/index.php\/wp-json\/wp\/v2\/pages\/6285\/revisions"}],"predecessor-version":[{"id":6352,"href":"https:\/\/dplb-rando.fr\/index.php\/wp-json\/wp\/v2\/pages\/6285\/revisions\/6352"}],"wp:attachment":[{"href":"https:\/\/dplb-rando.fr\/index.php\/wp-json\/wp\/v2\/media?parent=6285"}],"curies":[{"name":"wp","href":"https:\/\/api.w.org\/{rel}","templated":true}]}}