{"id":6281,"date":"2022-11-23T14:59:26","date_gmt":"2022-11-23T13:59:26","guid":{"rendered":"http:\/\/dplb-rando.fr\/?page_id=6281"},"modified":"2023-04-24T14:18:43","modified_gmt":"2023-04-24T13:18:43","slug":"opportunites-internes","status":"publish","type":"page","link":"https:\/\/dplb-rando.fr\/index.php\/opportunites-internes\/","title":{"rendered":"Opportunit\u00e9s Internes"},"content":{"rendered":"<h2 style=\"text-align: center;\">\u00a0<\/h2>\n<h2 style=\"text-align: left;\"><span style=\"color: #ffcc99;\"><em>France Cancer<\/em><\/span><\/h2>\n<h4 style=\"text-align: left;\"><img decoding=\"async\" loading=\"lazy\" class=\"alignleft\" src=\"http:\/\/dplb-rando.fr\/wp-content\/uploads\/2023\/04\/France-Cancer.jpg\" width=\"184\" height=\"250\" \/>\u00a0 \u00a0 \u00a0 \u00a0 \u00a0 \u00a0 \u00a0 <img decoding=\"async\" loading=\"lazy\" class=\"alignright\" src=\"http:\/\/dplb-rando.fr\/wp-content\/uploads\/2023\/04\/France-Cancer-Var-Matin-rotated.jpg\" width=\"266\" height=\"239\" \/>\u00a0 \u00a0 \u00a0 \u00a0 \u00a0 \u00a0 \u00a0 \u00a0 \u00a0 \u00a0 \u00a0 \u00a0 \u00a0 \u00a0 \u00a0Message de Jean Savoldelli<\/h4>\n<h4 style=\"text-align: center;\">Nous sommes un groupe de b\u00e9n\u00e9voles <span class=\"gmail_default\">\u200bet nous<\/span>\u00a0r\u00e9cup\u00e9rons les bouchons, en li\u00e8ge ou en synth\u00e9tique (en fait, tous les bouchons de bouteille de vin).<br \/>Tous ces bouchons sont collect\u00e9s et tri\u00e9s par les b\u00e9n\u00e9voles du Lavandou puis exp\u00e9di\u00e9s pour recyclage, principalement dans le b\u00e2timent<span class=\"gmail_default\">\u200b.<\/span><br \/>Des entreprises de retraitement nous les ach\u00e8tent au tonnage.<br \/>Les fonds collect\u00e9s servent \u00e0 la recherche contre le cancer.<br \/>Aidez-nous \u00e0 combattre cette maladie en d\u00e9posant vos bouchons dans les points de collecte (Carrefour \/ Intermarch\u00e9 \/ Casino \/ Jardiland \/ Etc&#8230;)<span class=\"gmail_default\">\u200b ou confiez les nous lors de nos rencontres.\u200b<\/span><br \/>De nombreux restaurants ainsi que de nombreux vignobles sont d\u00e9j\u00e0 \u00e0 nos c\u00f4t\u00e9s.<br \/>Je sais pouvoir compter sur vous et nous vous remercions vivement.<\/h4>\n<p>\u00a0<\/p>\n<div>\n<div>\u00a0\u00a0<\/div>\n<\/div>\n<div>\n<h2 style=\"text-align: center;\"><em><span style=\"color: #993366;\">A suivre pour d&#8217;autres informations<\/span><\/em><\/h2>\n<\/div>\n\n\n<p class=\"has-text-align-center\"><\/p>\n","protected":false},"excerpt":{"rendered":"<p>\u00a0 France Cancer \u00a0 \u00a0 \u00a0 \u00a0 \u00a0 \u00a0 \u00a0 \u00a0 \u00a0 \u00a0 \u00a0 \u00a0 \u00a0 \u00a0 \u00a0 \u00a0 \u00a0 \u00a0 \u00a0 \u00a0 \u00a0 \u00a0Message de Jean Savoldelli Nous sommes un groupe de b\u00e9n\u00e9voles \u200bet nous\u00a0r\u00e9cup\u00e9rons les bouchons, en li\u00e8ge ou en synth\u00e9tique (en fait, tous les bouchons de bouteille\u2026<\/p>\n<p> <a class=\"continue-reading-link\" href=\"https:\/\/dplb-rando.fr\/index.php\/opportunites-internes\/\"><span>Continue reading<\/span><i class=\"icon-right-dir\"><\/i><\/a><\/p>\n","protected":false},"author":5,"featured_media":0,"parent":0,"menu_order":0,"comment_status":"closed","ping_status":"closed","template":"","meta":[],"_links":{"self":[{"href":"https:\/\/dplb-rando.fr\/index.php\/wp-json\/wp\/v2\/pages\/6281"}],"collection":[{"href":"https:\/\/dplb-rando.fr\/index.php\/wp-json\/wp\/v2\/pages"}],"about":[{"href":"https:\/\/dplb-rando.fr\/index.php\/wp-json\/wp\/v2\/types\/page"}],"author":[{"embeddable":true,"href":"https:\/\/dplb-rando.fr\/index.php\/wp-json\/wp\/v2\/users\/5"}],"replies":[{"embeddable":true,"href":"https:\/\/dplb-rando.fr\/index.php\/wp-json\/wp\/v2\/comments?post=6281"}],"version-history":[{"count":19,"href":"https:\/\/dplb-rando.fr\/index.php\/wp-json\/wp\/v2\/pages\/6281\/revisions"}],"predecessor-version":[{"id":6800,"href":"https:\/\/dplb-rando.fr\/index.php\/wp-json\/wp\/v2\/pages\/6281\/revisions\/6800"}],"wp:attachment":[{"href":"https:\/\/dplb-rando.fr\/index.php\/wp-json\/wp\/v2\/media?parent=6281"}],"curies":[{"name":"wp","href":"https:\/\/api.w.org\/{rel}","templated":true}]}}