{"id":5709,"date":"2022-08-18T06:52:38","date_gmt":"2022-08-18T05:52:38","guid":{"rendered":"http:\/\/dplb-rando.fr\/?page_id=5709"},"modified":"2024-12-13T15:02:12","modified_gmt":"2024-12-13T14:02:12","slug":"marche-nordique-challenge","status":"publish","type":"page","link":"https:\/\/dplb-rando.fr\/index.php\/marche-nordique-challenge\/","title":{"rendered":"Marche Nordique &#8211; Challenge"},"content":{"rendered":"<h2 style=\"text-align: center;\"><span style=\"color: #008080;\"><em>L&#8217;Union Fran\u00e7aise des \u0152uvres La\u00efques d&#8217;Education Physique (UFOLEP) du Var organise chaque ann\u00e9e un challenge de Marche Nordique bas\u00e9 sur la fr\u00e9quentation et non sur la performance. Ce challenge est ouvert \u00e0 l&#8217;ensemble des clubs du Var. Vous trouverez ci-apr\u00e8s les diff\u00e9rentes \u00e9tapes, saison par saison.<\/em><\/span><\/h2>\n<h2 style=\"text-align: center;\"><span style=\"color: #ff0000;\">**********<\/span><\/h2>\n<h2 style=\"text-align: center;\">Challenge UFOLEP 2022 \u2013 2023 ; Pour voir Affiche et Dates du challenge, cliquer (<a href=\"http:\/\/dplb-rando.fr\/wp-content\/uploads\/2022\/08\/2022-2023-Affiche-Ufolep-Marche-Nordique.png\">ici<\/a>).<\/h2>\n<h2 style=\"text-align: center;\">Marche Nordique : Challenge UFOLEP 2021 \u2013 2022 : Dates du Challenge\u00a0<a href=\"http:\/\/dplb-rando.fr\/wp-content\/uploads\/2021\/08\/Ufolep-Affiche-challenge-2021-2022.jpeg\">(ici)<\/a>\u00a0et r\u00e8glement (<a href=\"http:\/\/dplb-rando.fr\/wp-content\/uploads\/2021\/08\/Ufolep-Reglement-challenge-2021-2022.pdf\">l\u00e0<\/a>)<\/h2>\n<h2 style=\"text-align: center;\">Dates du challenge UFOLEP 2020-2021\u00a0<a href=\"http:\/\/dplb-rando.fr\/wp-content\/uploads\/2020\/06\/challenge-2020-2021-jpeg-2-scaled.jpg\">(c\u2019etait ici)<\/a><\/h2>\n<h2 style=\"text-align: center;\">Saison 2019 \/ 2020 &#8211; Challenge UFOLEP :<img decoding=\"async\" loading=\"lazy\" class=\"wp-image-4111 aligncenter\" src=\"http:\/\/dplb-rando.fr\/wp-content\/uploads\/2020\/02\/Marche-Nordique-JPEG-1-212x300.jpg\" sizes=\"(max-width: 472px) 100vw, 472px\" srcset=\"http:\/\/dplb-rando.fr\/wp-content\/uploads\/2020\/02\/Marche-Nordique-JPEG-1-212x300.jpg 212w, http:\/\/dplb-rando.fr\/wp-content\/uploads\/2020\/02\/Marche-Nordique-JPEG-1-724x1024.jpg 724w, http:\/\/dplb-rando.fr\/wp-content\/uploads\/2020\/02\/Marche-Nordique-JPEG-1-1086x1536.jpg 1086w, http:\/\/dplb-rando.fr\/wp-content\/uploads\/2020\/02\/Marche-Nordique-JPEG-1-106x150.jpg 106w, http:\/\/dplb-rando.fr\/wp-content\/uploads\/2020\/02\/Marche-Nordique-JPEG-1.jpg 1240w\" alt=\"Challenge Ufolep - Saison 2019 2020 \" width=\"167\" height=\"236\" \/><\/h2>\n<h2 style=\"text-align: center;\">Saison 2018 \/ 2019 : challenge UFOLEP &#8211; R\u00e8glement 2018\/2019 : Cliquer \u00a0<strong><em><a href=\"http:\/\/dplb-rando.fr\/wp-content\/uploads\/2018\/09\/R%C3%A9glement-challenge-UFOLEP-2018-2019.pdf\">ICI<\/a><\/em><\/strong><\/h2>\n<h1><a href=\"http:\/\/dplb-rando.fr\/wp-content\/uploads\/2018\/09\/affiche-challenge-marche-nordique-2018.psd.pdf\"><img decoding=\"async\" loading=\"lazy\" class=\"wp-image-3510 aligncenter\" src=\"http:\/\/dplb-rando.fr\/wp-content\/uploads\/2018\/09\/affiche-challenge-marche-nordique-2018-212x300.jpg\" sizes=\"(max-width: 398px) 100vw, 398px\" srcset=\"http:\/\/dplb-rando.fr\/wp-content\/uploads\/2018\/09\/affiche-challenge-marche-nordique-2018-212x300.jpg 212w, http:\/\/dplb-rando.fr\/wp-content\/uploads\/2018\/09\/affiche-challenge-marche-nordique-2018-724x1024.jpg 724w, http:\/\/dplb-rando.fr\/wp-content\/uploads\/2018\/09\/affiche-challenge-marche-nordique-2018-106x150.jpg 106w, http:\/\/dplb-rando.fr\/wp-content\/uploads\/2018\/09\/affiche-challenge-marche-nordique-2018.jpg 1000w\" alt=\"\" width=\"117\" height=\"166\" \/><\/a><\/h1>\n<h2><em>\u2666\u00a0\u00a0<span style=\"color: #666699;\"><a style=\"color: #666699;\" href=\"http:\/\/dplb-rando.fr\/wp-content\/uploads\/2018\/04\/Affiche-finale-challenge-MN-Ufolep-83-2018.jpg\">17 avril 2018 : Finale du Challenge Marche Nordique UFOLEP \u00e0 Besse sur Issole<\/a><\/span><\/em><\/h2>\n<h2>Parcours (cliquez sur la distance) :\u00a0<a href=\"http:\/\/dplb-rando.fr\/wp-content\/uploads\/2018\/04\/PETIT-PARCOURS-BESSE.pdf\">5 km\u00a0<\/a>\u00a0\/\u00a0\u00a0<a href=\"http:\/\/dplb-rando.fr\/wp-content\/uploads\/2018\/04\/MOYEN-PARCOURS-BESSE.pdf\">10 km<\/a>\u00a0 \/\u00a0\u00a0<a href=\"http:\/\/dplb-rando.fr\/wp-content\/uploads\/2018\/04\/GRAND-PARCOURS-BESSE.pdf\">15 km<\/a><\/h2>\n<h2><em>\u2666\u00a0<\/em>\u00a0<span style=\"color: #666699;\"><em><a style=\"color: #666699;\" href=\"http:\/\/dplb-rando.fr\/wp-content\/uploads\/2017\/11\/171125-Challenge-MN-LaSeyne.pdf\">25 novembre 2017 : Challenge Marche Nordique UFOLEP (2\u00e8me \u00e9tape) \u00e0 La Seyne \u2013 For\u00eat de Janas<\/a><\/em><\/span><strong><em><br \/><\/em><\/strong><\/h2>\n<h2><span style=\"color: #00ccff;\"><em><span style=\"color: #000000;\">\u2666<\/span>\u00a0<span style=\"color: #3366ff;\">\u00a0<span style=\"color: #666699;\">7 octobre 2017 : Challenge Marche Nordique UFOLEP (1 \u00e8re \u00e9tape) \u00e0 Toulon- Mont Faron.<\/span><\/span><\/em><\/span><\/h2>\n<h2><em>\u2666\u00a0<\/em>\u00a0<span style=\"color: #666699;\"><em><a style=\"color: #666699;\" href=\"http:\/\/dplb-rando.fr\/wp-content\/uploads\/2017\/01\/Fiche-de-pr%C3%A9sentation-de-l%C3%A9tape.pdf\">1er avril 2017 : Challenge Marche Nordique UFOLEP \u00a0finale au Lavandou<\/a>.<\/em><\/span><\/h2>\n<h2><em><strong>\u2666\u00a0<\/strong><\/em>\u00a0<span style=\"color: #666699;\"><em>1<a style=\"color: #666699;\" href=\"http:\/\/dplb-rando.fr\/wp-content\/uploads\/2017\/02\/170318-DPLB-Challenge-MN-Gonfaron.pdf\">8 mars 2017 : Challenge Marche Nordique UFOLEP 3 \u00e8me \u00e9tape \u00e0 Gonfaron<\/a>.<\/em><\/span><\/h2>\n<h2><em><strong>\u2666\u00a0<\/strong><\/em>\u00a0<span style=\"color: #666699;\"><em><a style=\"color: #666699;\" href=\"http:\/\/dplb-rando.fr\/wp-content\/uploads\/2016\/12\/Fiche-de-presentation-de-letape-de-LA-SEYNE-SUR-MER.pdf\">7 janvier 2017 : Challenge Marche Nordique UFOLEP 2\u00e8me \u00e9tape \u00e0 La Seyne<\/a>.<\/em><\/span><\/h2>\n\n\n<p><\/p>\n","protected":false},"excerpt":{"rendered":"<p>L&#8217;Union Fran\u00e7aise des \u0152uvres La\u00efques d&#8217;Education Physique (UFOLEP) du Var organise chaque ann\u00e9e un challenge de Marche Nordique bas\u00e9 sur la fr\u00e9quentation et non sur la performance. Ce challenge est ouvert \u00e0 l&#8217;ensemble des clubs du Var. Vous trouverez ci-apr\u00e8s les diff\u00e9rentes \u00e9tapes, saison par saison. ********** Challenge UFOLEP 2022\u2026<\/p>\n<p> <a class=\"continue-reading-link\" href=\"https:\/\/dplb-rando.fr\/index.php\/marche-nordique-challenge\/\"><span>Continue reading<\/span><i class=\"icon-right-dir\"><\/i><\/a><\/p>\n","protected":false},"author":5,"featured_media":0,"parent":0,"menu_order":0,"comment_status":"closed","ping_status":"closed","template":"","meta":[],"_links":{"self":[{"href":"https:\/\/dplb-rando.fr\/index.php\/wp-json\/wp\/v2\/pages\/5709"}],"collection":[{"href":"https:\/\/dplb-rando.fr\/index.php\/wp-json\/wp\/v2\/pages"}],"about":[{"href":"https:\/\/dplb-rando.fr\/index.php\/wp-json\/wp\/v2\/types\/page"}],"author":[{"embeddable":true,"href":"https:\/\/dplb-rando.fr\/index.php\/wp-json\/wp\/v2\/users\/5"}],"replies":[{"embeddable":true,"href":"https:\/\/dplb-rando.fr\/index.php\/wp-json\/wp\/v2\/comments?post=5709"}],"version-history":[{"count":13,"href":"https:\/\/dplb-rando.fr\/index.php\/wp-json\/wp\/v2\/pages\/5709\/revisions"}],"predecessor-version":[{"id":8438,"href":"https:\/\/dplb-rando.fr\/index.php\/wp-json\/wp\/v2\/pages\/5709\/revisions\/8438"}],"wp:attachment":[{"href":"https:\/\/dplb-rando.fr\/index.php\/wp-json\/wp\/v2\/media?parent=5709"}],"curies":[{"name":"wp","href":"https:\/\/api.w.org\/{rel}","templated":true}]}}