{"id":5527,"date":"2022-08-01T15:22:19","date_gmt":"2022-08-01T14:22:19","guid":{"rendered":"http:\/\/dplb-rando.fr\/?page_id=5527"},"modified":"2025-10-30T08:51:20","modified_gmt":"2025-10-30T07:51:20","slug":"permanences","status":"publish","type":"page","link":"https:\/\/dplb-rando.fr\/index.php\/permanences\/","title":{"rendered":"Permanences"},"content":{"rendered":"<h2><span style=\"color: #ff0000;\">Rappel<\/span> : Les Permanences sont pr\u00e9vues de Septembre \u00e0 Novembre et se tiennent en principe les Mardis de 14 h \u00e0 17 h au bureau de Bormes &#8211; Maison des Associations Henri Chartier. Le tableau ci-apr\u00e8s signale les exceptions.<\/h2>\n<h2><span style=\"color: #ff0000;\">Information<\/span> : Durant le dernier bimestre 2025 et le 1er semestre 2026, les permanences ne seront que sur rendez-vous.<\/h2>\n<h2><span style=\"color: #808000;\"><em>Saison 2025 2026<\/em><\/span><\/h2>\n<h2><a href=\"http:\/\/dplb-rando.fr\/wp-content\/uploads\/2025\/10\/Permanence-2025-Nov-Dec.pdf\"><span style=\"color: #339966;\">Tableau des Permanences Novembre D\u00e9cembre 2025<\/span><\/a> <a href=\"http:\/\/dplb-rando.fr\/wp-content\/uploads\/2025\/10\/Capture-decran_30-10-2025_84351_.jpeg\"><img decoding=\"async\" loading=\"lazy\" class=\"alignnone\" src=\"http:\/\/dplb-rando.fr\/wp-content\/uploads\/2025\/10\/Capture-decran_30-10-2025_84351_.jpeg\" width=\"39\" height=\"55\" \/><\/a><\/h2>\n<h2><a href=\"http:\/\/dplb-rando.fr\/wp-content\/uploads\/2025\/09\/Permanence-2025-Sept-Oct-v2.pdf\"><span style=\"color: #ffcc00;\">Tableau des Permanences Septembre Octobre 2025<\/span><\/a> <a href=\"http:\/\/dplb-rando.fr\/wp-content\/uploads\/2025\/09\/Permanence-2025-Sept-Oct-v2.jpeg\"><img decoding=\"async\" loading=\"lazy\" class=\"alignnone\" src=\"http:\/\/dplb-rando.fr\/wp-content\/uploads\/2025\/09\/Permanence-2025-Sept-Oct-v2.jpeg\" width=\"43\" height=\"61\" \/><\/a><\/h2>\n<h2><em><span style=\"color: #808000;\">Saison 2024 2025<\/span><\/em><\/h2>\n<h2><a href=\"http:\/\/dplb-rando.fr\/wp-content\/uploads\/2024\/10\/Permanence-2024-Nov-Dec.pdf\"><span style=\"color: #ff6600;\">Tableau des Permanences Novembre D\u00e9cembre 2024<\/span><\/a><\/h2>\n<h2><a href=\"http:\/\/dplb-rando.fr\/wp-content\/uploads\/2024\/10\/Permanence-2024-Sept-Oct.pdf\"><span style=\"color: #666699;\">Tableau des Permanences Septembre Octobre 2024<\/span><\/a><\/h2>\n<h2><em><span style=\"color: #808000;\">Saison 2023 2024<\/span><\/em><\/h2>\n<h2><span style=\"color: #ffcc00;\"><span style=\"color: #ff9900;\">Tableau des Permanences Novembre D\u00e9cembre 2023<\/span>\u00a0<\/span><\/h2>\n<h2><span style=\"color: #339966;\"><a href=\"http:\/\/dplb-rando.fr\/wp-content\/uploads\/2023\/08\/Permanence-2023-Sept-Oct-1.pdf\"><span style=\"color: #3366ff;\">Tableau des Permanences Septembre Octobre 2023<\/span><\/a>\u00a0<\/span><\/h2>\n<h2><em><span style=\"color: #808000;\">Saison 2022 2023<\/span><\/em><\/h2>\n<h2><a href=\"http:\/\/dplb-rando.fr\/wp-content\/uploads\/2022\/11\/Permanence-2022-Nov-Dec.pdf\"><span style=\"color: #ffcc00;\">Tableau des Permanences Novembre D\u00e9cembre 2022<\/span><\/a><\/h2>\n<h2><a href=\"http:\/\/dplb-rando.fr\/wp-content\/uploads\/2022\/10\/Permanence-2022-Sept-Oct-1.pdf\"><span style=\"color: #339966;\">Tableau des Permanences Septembre Octobre 2022<\/span><\/a><\/h2>\n\n\n<p><\/p>\n","protected":false},"excerpt":{"rendered":"<p>Rappel : Les Permanences sont pr\u00e9vues de Septembre \u00e0 Novembre et se tiennent en principe les Mardis de 14 h \u00e0 17 h au bureau de Bormes &#8211; Maison des Associations Henri Chartier. Le tableau ci-apr\u00e8s signale les exceptions. Information : Durant le dernier bimestre 2025 et le 1er semestre\u2026<\/p>\n<p> <a class=\"continue-reading-link\" href=\"https:\/\/dplb-rando.fr\/index.php\/permanences\/\"><span>Continue reading<\/span><i class=\"icon-right-dir\"><\/i><\/a><\/p>\n","protected":false},"author":5,"featured_media":0,"parent":0,"menu_order":0,"comment_status":"closed","ping_status":"closed","template":"","meta":[],"_links":{"self":[{"href":"https:\/\/dplb-rando.fr\/index.php\/wp-json\/wp\/v2\/pages\/5527"}],"collection":[{"href":"https:\/\/dplb-rando.fr\/index.php\/wp-json\/wp\/v2\/pages"}],"about":[{"href":"https:\/\/dplb-rando.fr\/index.php\/wp-json\/wp\/v2\/types\/page"}],"author":[{"embeddable":true,"href":"https:\/\/dplb-rando.fr\/index.php\/wp-json\/wp\/v2\/users\/5"}],"replies":[{"embeddable":true,"href":"https:\/\/dplb-rando.fr\/index.php\/wp-json\/wp\/v2\/comments?post=5527"}],"version-history":[{"count":35,"href":"https:\/\/dplb-rando.fr\/index.php\/wp-json\/wp\/v2\/pages\/5527\/revisions"}],"predecessor-version":[{"id":9262,"href":"https:\/\/dplb-rando.fr\/index.php\/wp-json\/wp\/v2\/pages\/5527\/revisions\/9262"}],"wp:attachment":[{"href":"https:\/\/dplb-rando.fr\/index.php\/wp-json\/wp\/v2\/media?parent=5527"}],"curies":[{"name":"wp","href":"https:\/\/api.w.org\/{rel}","templated":true}]}}