{"id":5480,"date":"2022-08-01T12:08:20","date_gmt":"2022-08-01T11:08:20","guid":{"rendered":"http:\/\/dplb-rando.fr\/?page_id=5480"},"modified":"2022-08-03T07:14:05","modified_gmt":"2022-08-03T06:14:05","slug":"decharge-de-responsabilite","status":"publish","type":"page","link":"https:\/\/dplb-rando.fr\/index.php\/decharge-de-responsabilite\/","title":{"rendered":"D\u00e9charge de Responsabilit\u00e9"},"content":{"rendered":"<h2>=&gt;<span style=\"color: #ffcc00;\"><a href=\"http:\/\/dplb-rando.fr\/wp-content\/uploads\/2022\/08\/Decharge-Responsabilite-2022.pdf\"><span style=\"color: #ff0000;\"> Lettre de D\u00e9charge<\/span><\/a> <span style=\"color: #339966;\">\u00e0 signer par l&#8217;adh\u00e9<\/span><\/span><span style=\"color: #339966;\">rent(e) d\u00e9sirant quitter la randonn\u00e9e<\/span><\/h2>\n\n\n<p><\/p>\n","protected":false},"excerpt":{"rendered":"<p>=&gt; Lettre de D\u00e9charge \u00e0 signer par l&#8217;adh\u00e9rent(e) d\u00e9sirant quitter la randonn\u00e9e<\/p>\n<p> <a class=\"continue-reading-link\" href=\"https:\/\/dplb-rando.fr\/index.php\/decharge-de-responsabilite\/\"><span>Continue reading<\/span><i class=\"icon-right-dir\"><\/i><\/a><\/p>\n","protected":false},"author":5,"featured_media":0,"parent":0,"menu_order":0,"comment_status":"closed","ping_status":"closed","template":"","meta":[],"_links":{"self":[{"href":"https:\/\/dplb-rando.fr\/index.php\/wp-json\/wp\/v2\/pages\/5480"}],"collection":[{"href":"https:\/\/dplb-rando.fr\/index.php\/wp-json\/wp\/v2\/pages"}],"about":[{"href":"https:\/\/dplb-rando.fr\/index.php\/wp-json\/wp\/v2\/types\/page"}],"author":[{"embeddable":true,"href":"https:\/\/dplb-rando.fr\/index.php\/wp-json\/wp\/v2\/users\/5"}],"replies":[{"embeddable":true,"href":"https:\/\/dplb-rando.fr\/index.php\/wp-json\/wp\/v2\/comments?post=5480"}],"version-history":[{"count":4,"href":"https:\/\/dplb-rando.fr\/index.php\/wp-json\/wp\/v2\/pages\/5480\/revisions"}],"predecessor-version":[{"id":5569,"href":"https:\/\/dplb-rando.fr\/index.php\/wp-json\/wp\/v2\/pages\/5480\/revisions\/5569"}],"wp:attachment":[{"href":"https:\/\/dplb-rando.fr\/index.php\/wp-json\/wp\/v2\/media?parent=5480"}],"curies":[{"name":"wp","href":"https:\/\/api.w.org\/{rel}","templated":true}]}}