{"id":5471,"date":"2022-08-01T11:51:11","date_gmt":"2022-08-01T10:51:11","guid":{"rendered":"http:\/\/dplb-rando.fr\/?page_id=5471"},"modified":"2025-07-06T18:32:44","modified_gmt":"2025-07-06T17:32:44","slug":"organisation-interne","status":"publish","type":"page","link":"https:\/\/dplb-rando.fr\/index.php\/organisation-interne\/","title":{"rendered":"Organisation interne"},"content":{"rendered":"<h2><strong>=&gt; <a href=\"http:\/\/dplb-rando.fr\/wp-content\/uploads\/2025\/07\/Organisation-2025-v1-Texte-Site.jpg\"><span style=\"color: #ff6600;\">Organisation 2025 2026 des activit\u00e9s<\/span><\/a> : Randonn\u00e9e P\u00e9destre. La Marche Aquatique C\u00f4ti\u00e8re (MAC) et la Marche Nordique (MN) sont suspendues faute d&#8217;Animateur.<\/strong><\/h2>\n<p style=\"text-align: center;\"><a href=\"http:\/\/dplb-rando.fr\/wp-content\/uploads\/2025\/07\/Organisation-2025-v1-Texte-Site.jpg\"><img decoding=\"async\" loading=\"lazy\" class=\"\" src=\"http:\/\/dplb-rando.fr\/wp-content\/uploads\/2025\/07\/Organisation-2025-v1-Texte-Site.jpg\" width=\"210\" height=\"149\" \/><\/a><\/p>\n<h2><strong>=&gt;<\/strong><a href=\"http:\/\/dplb-rando.fr\/wp-content\/uploads\/2023\/08\/Organisation-2023-v1-Texte-Titre-Logo-Fond-Jaune.pdf\"><strong>Organisation 2023 2024<\/strong><strong> des activit\u00e9s<\/strong><\/a><strong> : Randonn\u00e9e P\u00e9destre, Marche Aquatique et Marche Nordique.<\/strong><\/h2>\n<p><img decoding=\"async\" loading=\"lazy\" class=\"aligncenter\" src=\"http:\/\/dplb-rando.fr\/wp-content\/uploads\/2023\/08\/Organisation-2023-v1-Texte-Titre-Logo-Fond-Jaune-pdf-1024x724.jpg\" width=\"211\" height=\"149\" \/><\/p>\n","protected":false},"excerpt":{"rendered":"<p>=&gt; Organisation 2025 2026 des activit\u00e9s : Randonn\u00e9e P\u00e9destre. La Marche Aquatique C\u00f4ti\u00e8re (MAC) et la Marche Nordique (MN) sont suspendues faute d&#8217;Animateur. =&gt;Organisation 2023 2024 des activit\u00e9s : Randonn\u00e9e P\u00e9destre, Marche Aquatique et Marche Nordique.<\/p>\n<p> <a class=\"continue-reading-link\" href=\"https:\/\/dplb-rando.fr\/index.php\/organisation-interne\/\"><span>Continue reading<\/span><i class=\"icon-right-dir\"><\/i><\/a><\/p>\n","protected":false},"author":5,"featured_media":0,"parent":0,"menu_order":0,"comment_status":"closed","ping_status":"closed","template":"","meta":[],"_links":{"self":[{"href":"https:\/\/dplb-rando.fr\/index.php\/wp-json\/wp\/v2\/pages\/5471"}],"collection":[{"href":"https:\/\/dplb-rando.fr\/index.php\/wp-json\/wp\/v2\/pages"}],"about":[{"href":"https:\/\/dplb-rando.fr\/index.php\/wp-json\/wp\/v2\/types\/page"}],"author":[{"embeddable":true,"href":"https:\/\/dplb-rando.fr\/index.php\/wp-json\/wp\/v2\/users\/5"}],"replies":[{"embeddable":true,"href":"https:\/\/dplb-rando.fr\/index.php\/wp-json\/wp\/v2\/comments?post=5471"}],"version-history":[{"count":14,"href":"https:\/\/dplb-rando.fr\/index.php\/wp-json\/wp\/v2\/pages\/5471\/revisions"}],"predecessor-version":[{"id":9017,"href":"https:\/\/dplb-rando.fr\/index.php\/wp-json\/wp\/v2\/pages\/5471\/revisions\/9017"}],"wp:attachment":[{"href":"https:\/\/dplb-rando.fr\/index.php\/wp-json\/wp\/v2\/media?parent=5471"}],"curies":[{"name":"wp","href":"https:\/\/api.w.org\/{rel}","templated":true}]}}