{"id":536,"date":"2016-06-23T09:44:43","date_gmt":"2016-06-23T08:44:43","guid":{"rendered":"http:\/\/dplb-rando.fr\/?page_id=536"},"modified":"2024-09-03T06:52:05","modified_gmt":"2024-09-03T05:52:05","slug":"contacts-dplb","status":"publish","type":"page","link":"https:\/\/dplb-rando.fr\/index.php\/contacts-dplb\/","title":{"rendered":"Contacts"},"content":{"rendered":"<h1 style=\"text-align: center;\"><span style=\"color: #ff00ff;\"><strong>Vous pouvez contacter la DPLB :<\/strong><\/span><\/h1>\n<h1><span style=\"color: #993300;\"><strong><em><span style=\"color: #000000;\">=&gt;<\/span>\u00a0<\/em><\/strong><\/span><span style=\"color: #ff9900;\"><em>Par courrier \u00e9lectronique<\/em><\/span> :<span style=\"color: #000000;\">\u00a0\u00a0<\/span>contact.dplb@gmail.com<\/h1>\n<h1><span style=\"color: #000000;\"><strong><em>=&gt; <\/em><\/strong><\/span><em><span style=\"color: #ff9900;\">Au bureau de Bormes les Mimosas<\/span><\/em> : pendant les permanences, en principe les mardis apr\u00e8s-midi :<\/h1>\n<p>Maison des Associations Henri Chartier<br \/>\nMont\u00e9e Charles Cazin<br \/>\n83230 BORMES LES MIMOSAS<\/p>\n<h1>=&gt; <em><span style=\"color: #ff9900;\">Par d\u00e9p\u00f4t de dossier<\/span><\/em> : au Bureau du Lavandou :<\/h1>\n<p><span style=\"font-size: revert; color: initial;\">Boite aux lettres de la DPLB (Entre la Micro Cr\u00e8che du Grand Jardin et l&#8217;EHPAD du Lavandou)<br \/>\n277 Avenue de la Grande Bastide<br \/>\n83980 Le Lavandou<\/span><br \/>\nPour le Plan d&#8217;Acc\u00e8s, cliquer <span style=\"color: #ff0000;\"><strong><span style=\"text-decoration: underline;\"><em><a style=\"color: #ff0000; text-decoration: underline;\" href=\"http:\/\/dplb-rando.fr\/wp-content\/uploads\/2016\/10\/GoogleEarth_Image.jpg\">ICI<\/a><\/em><\/span><\/strong><\/span><br \/>\nCoordonn\u00e9es GPS : 43\u00b007&#8217;20&#8221; N &#8212; 6\u00b021&#8217;22&#8221; E<\/p>\n<h1 style=\"text-align: left;\"><span style=\"color: #993300;\"><strong><em>=&gt;\u00a0<\/em><\/strong><\/span><span style=\"color: #ff9900;\"><strong><em>Par courrier<\/em><\/strong><em> postal<\/em><\/span><strong><em> :<\/em><\/strong><\/h1>\n<p>DPLB &#8211; Alain MICHEL<br \/>\n8 Route des Cigales<br \/>\nDomaine du Cap B\u00e9nat<br \/>\n83230 BORMES LES MIMOSAS<\/p>\n<h1><span style=\"color: #000000;\"><strong><em>=&gt; <\/em><\/strong><\/span><em><span style=\"color: #ff9900;\">Provisoirement<\/span>, n&#8217;utilisez pas le formulaire &#8220;Nous contacter&#8221; ci-contre.<\/em><\/h1>\n<h1><span style=\"color: #993300;\"><strong><em><span style=\"color: #000000;\">=&gt;<\/span>\u00a0<\/em><\/strong><\/span><span style=\"color: #ff9900;\"><em>Si\u00e8ge administratif <\/em><\/span>:<\/h1>\n<p>DPLB &#8211; D\u00e9couverte P\u00e9destre Lavandou Bormes<br \/>\nMaison des Associations<br \/>\nH\u00f4tel de Ville<br \/>\n83230 BORMES LES MIMOSAS<\/p>\n","protected":false},"excerpt":{"rendered":"<p>Vous pouvez contacter la DPLB : =&gt;\u00a0Par courrier \u00e9lectronique :\u00a0\u00a0contact.dplb@gmail.com =&gt; Au bureau de Bormes les Mimosas : pendant les permanences, en principe les mardis apr\u00e8s-midi : Maison des Associations Henri Chartier Mont\u00e9e Charles Cazin 83230 BORMES LES MIMOSAS =&gt; Par d\u00e9p\u00f4t de dossier : au Bureau du Lavandou :\u2026<\/p>\n<p> <a class=\"continue-reading-link\" href=\"https:\/\/dplb-rando.fr\/index.php\/contacts-dplb\/\"><span>Continue reading<\/span><i class=\"icon-right-dir\"><\/i><\/a><\/p>\n","protected":false},"author":1,"featured_media":0,"parent":0,"menu_order":0,"comment_status":"closed","ping_status":"closed","template":"","meta":[],"_links":{"self":[{"href":"https:\/\/dplb-rando.fr\/index.php\/wp-json\/wp\/v2\/pages\/536"}],"collection":[{"href":"https:\/\/dplb-rando.fr\/index.php\/wp-json\/wp\/v2\/pages"}],"about":[{"href":"https:\/\/dplb-rando.fr\/index.php\/wp-json\/wp\/v2\/types\/page"}],"author":[{"embeddable":true,"href":"https:\/\/dplb-rando.fr\/index.php\/wp-json\/wp\/v2\/users\/1"}],"replies":[{"embeddable":true,"href":"https:\/\/dplb-rando.fr\/index.php\/wp-json\/wp\/v2\/comments?post=536"}],"version-history":[{"count":154,"href":"https:\/\/dplb-rando.fr\/index.php\/wp-json\/wp\/v2\/pages\/536\/revisions"}],"predecessor-version":[{"id":8080,"href":"https:\/\/dplb-rando.fr\/index.php\/wp-json\/wp\/v2\/pages\/536\/revisions\/8080"}],"wp:attachment":[{"href":"https:\/\/dplb-rando.fr\/index.php\/wp-json\/wp\/v2\/media?parent=536"}],"curies":[{"name":"wp","href":"https:\/\/api.w.org\/{rel}","templated":true}]}}