{"id":45,"date":"2015-11-17T16:30:20","date_gmt":"2015-11-17T16:30:20","guid":{"rendered":"http:\/\/alain.votre-commerce.fr\/?page_id=45"},"modified":"2025-04-27T06:58:40","modified_gmt":"2025-04-27T05:58:40","slug":"les-randos-le-catalogue","status":"publish","type":"page","link":"https:\/\/dplb-rando.fr\/index.php\/les-randos-le-catalogue\/","title":{"rendered":"Programmes Archiv\u00e9s"},"content":{"rendered":"<h2>Saison 2020 &#8211; 2021<\/h2>\n<h3><a href=\"http:\/\/dplb-rando.fr\/wp-content\/uploads\/2021\/05\/Programme-MAI-JUIN-2021-Complet.pdf\"><span style=\"color: #3366ff;\">Programme Mai Juin 2021<\/span><\/a><span style=\"color: #3366ff;\">\u00a0<span style=\"color: #000000;\">(Termin\u00e9)<\/span><\/span><\/h3>\n<h3><span style=\"color: #3366ff;\">Programme Janvier F\u00e9vrier 2021<\/span><\/h3>\n<h3><span style=\"color: #3366ff;\">Programme Novembre D\u00e9cembre 2020<\/span><\/h3>\n<h3><span style=\"color: #3366ff;\"><a style=\"color: #3366ff;\" href=\"http:\/\/dplb-rando.fr\/wp-content\/uploads\/2020\/09\/Programme-septembre-et-octobre-mi-novembre-2020-V5b-scaled.jpg\">Programme Septembre Octobre mi-Novembre 2020<\/a><\/span><\/h3>\n<h2>Saison 2019 &#8211; 2020<\/h2>\n<h3><span style=\"color: #0000ff;\"><a style=\"color: #0000ff;\" href=\"http:\/\/dplb-rando.fr\/wp-content\/uploads\/2020\/06\/Prog-mai-et-juin-2020-1-scaled.jpg\"><span style=\"color: #0000ff;\">Programme Mai Juin 2020 (<span style=\"color: #000000;\">activit\u00e9s r\u00e9duites suite Covid 19<\/span>)<\/span><\/a><\/span><\/h3>\n<h3><span style=\"color: #0000ff;\"><a style=\"color: #0000ff;\" href=\"http:\/\/dplb-rando.fr\/wp-content\/uploads\/2020\/03\/Programme-Mars-Avril-2020-annulation-copie-scaled.jpg\">Programme Mars Avril 2020 (<span style=\"color: #000000;\">activit\u00e9s annul\u00e9es suite Covid 19<\/span>)<\/a><\/span><\/h3>\n<h3><span style=\"color: #0000ff;\"><a style=\"color: #0000ff;\" href=\"http:\/\/dplb-rando.fr\/wp-content\/uploads\/2020\/02\/tableau-rando-DPLB-copie-2.pdf\">Programme Janvier F\u00e9vrier 2020<\/a><\/span><\/h3>\n<h3><span style=\"color: #0000ff;\"><a style=\"color: #0000ff;\" href=\"http:\/\/dplb-rando.fr\/wp-content\/uploads\/2019\/10\/Prog-nov-et-dec-2019-Prog-11-12.pdf\">Programme Novembre D\u00e9cembre 2019<\/a><\/span><\/h3>\n<h3><span style=\"color: #0000ff;\"><a style=\"color: #0000ff;\" href=\"http:\/\/dplb-rando.fr\/wp-content\/uploads\/2019\/06\/DPLB-Programme-sept-et-oct-2019.pdf\">Programme Septembre Octobre 2019<\/a><\/span><\/h3>\n<h2>Saison 2018 &#8211; 2019<\/h2>\n<h3><span style=\"color: #0000ff;\">Programme Mai Juin 2019\u00a0 <a style=\"color: #0000ff;\" href=\"http:\/\/dplb-rando.fr\/wp-content\/uploads\/2019\/04\/DPLB-Programme-mai-juin-2019-annexe.pdf\">(<span style=\"color: #000000;\">cliquer ici<\/span>)<\/a><\/span><\/h3>\n<h3><span style=\"color: #0000ff;\">Programme Mars Avril 2019\u00a0 <a style=\"color: #0000ff;\" href=\"http:\/\/dplb-rando.fr\/dplb-programme-mars-et-avril-2019-b2\/\">(<span style=\"color: #000000;\">cliquer ici<\/span>)<\/a><\/span><\/h3>\n<h3><span style=\"color: #0000ff;\"><a style=\"color: #0000ff;\" href=\"http:\/\/dplb-rando.fr\/index.php\/2016\/07\/01\/programme-en-cours\/01-et-02-2019-accomp\/\">Programme Janvier F\u00e9vrier 2019<\/a><\/span><\/h3>\n<h3><span style=\"color: #0000ff;\"><a style=\"color: #0000ff;\" href=\"http:\/\/dplb-rando.fr\/wp-content\/uploads\/2018\/11\/DPLB-programme-nov-et-dec-2018-pdf.pdf\">Programme Novembre D<\/a><a style=\"color: #0000ff;\" href=\"http:\/\/dplb-rando.fr\/wp-content\/uploads\/2018\/11\/DPLB-programme-nov-et-dec-2018-pdf.pdf\">\u00e9cembre 2018<\/a><\/span><\/h3>\n<h2>Saisons Ant\u00e9rieures<\/h2>\n<h3><a href=\"http:\/\/dplb-rando.fr\/wp-content\/uploads\/2018\/04\/DPLB-Pgr-T2.2018-V2-merged-2018.04.04.pdf\">Programme du deuxi\u00e8me trimestre 2018 : Avril, Mai, Juin 2018 (T2-2018- V2 du 04\/04\/18).<\/a><br \/>\n<a href=\"http:\/\/dplb-rando.fr\/wp-content\/uploads\/2018\/03\/DPLB-Progr-T2.2018-V1-18.03.21-1.pdf\">Programme du deuxi\u00e8me trimestre 2018 : Avril, Mai, Juin 2018 (T2-2018- V1 du 18\/03\/18).<\/a><br \/>\n<a href=\"http:\/\/dplb-rando.fr\/wp-content\/uploads\/2017\/12\/DPLB-Pgr-T1.2018-V1-2017.12.18.pdf\"><strong><em>Programme du premier trimestre 2018 : Janv, F\u00e9v, Mars 2018 (T1-2018- V1 du 18<\/em><\/strong><strong><em>\/12\/17).<\/em><\/strong><\/a><br \/>\n<a href=\"http:\/\/dplb-rando.fr\/wp-content\/uploads\/2017\/09\/2017.09.26-DPLB-PdG-Q04-17-Sept-D%C3%83%C2%A9c-V2-site.pdf\"><strong><em>Programme du troisi\u00e8me quadrimestre : Sept, Oct, Nov, D\u00e9c 2017 (Q3-2017- V2 du 29<\/em><\/strong><strong><em>\/09\/17).<\/em><\/strong><\/a><br \/>\n<a href=\"http:\/\/dplb-rando.fr\/wp-content\/uploads\/2017\/07\/2017.07.10-V1-DPLB-Pr.Randos-PgrQ3-17.pdf\"><strong><em>Programme du troisi\u00e8me quadrimestre : Sept, Oct, Nov, D\u00e9c 2017 (Q3-2017- V1 du 10<\/em><\/strong><strong><em>\/07\/17).<\/em><\/strong><\/a><br \/>\n<span style=\"color: #ff0000;\"><a style=\"color: #ff0000;\" href=\"http:\/\/dplb-rando.fr\/wp-content\/uploads\/2017\/05\/DPLB-Progr.-Randos-T02-17-V2-merged-pdf-1.pdf\"><span style=\"color: #008080;\"><strong><em>Programme Mis \u00e0 Jour : Avril, Mai, Juin 2017 (T2-2017- V2 du 01<\/em><\/strong><\/span><strong><em><span style=\"color: #008080;\">\/05\/17).<\/span><br \/>\n<\/em><\/strong><\/a><\/span><a href=\"http:\/\/dplb-rando.fr\/wp-content\/uploads\/2017\/03\/2017.03.08-V1-DPLB-Pgr-Randos-T02-17-merged-pdf.pdf\"><strong><em>Programme Avril, Mai, Juin 2017 (T2-2017- V1 du 10<\/em><\/strong><\/a><em><strong>\/03\/17).<\/strong><br \/>\n<\/em><em><span style=\"color: #333300;\"><a href=\"http:\/\/dplb-rando.fr\/wp-content\/uploads\/2017\/03\/2017.03.01-V3-pgr-T01-17-merged-pdf-1.pdf\"><strong>Programme Janv, F\u00e9v, Mars 2017 (T1-2017- V3 du 01<\/strong><\/a><\/span><span style=\"color: #333300;\"><strong><a href=\"http:\/\/dplb-rando.fr\/wp-content\/uploads\/2016\/12\/2016.12.10-V1a-merged-pdf_V0.pdf\">\/03\/17)<\/a>.<br \/>\n<\/strong><\/span><\/em><a href=\"http:\/\/dplb-rando.fr\/wp-content\/uploads\/2017\/02\/merged-pdf.pdf\"><strong><em>Programme Janv, F\u00e9v, Mars 2017 (T1-2017- V2 du 01<\/em><\/strong><\/a><strong><em><a href=\"http:\/\/dplb-rando.fr\/wp-content\/uploads\/2016\/12\/2016.12.10-V1a-merged-pdf_V0.pdf\">\/02\/17)<\/a>.<br \/>\n<\/em><\/strong><strong><em><a href=\"http:\/\/dplb-rando.fr\/wp-content\/uploads\/2016\/12\/2016.12.10-V1a-merged-pdf_V0.pdf\">Programme Janv, F\u00e9v, Mars 2017 (T1-2017- V1 du 10<\/a><\/em><\/strong><a href=\"http:\/\/dplb-rando.fr\/wp-content\/uploads\/2016\/12\/2016.12.10-V1a-merged-pdf_V0.pdf\"><strong><em>\/12\/16).<br \/>\n<\/em><\/strong><\/a><a href=\"http:\/\/dplb-rando.fr\/wp-content\/uploads\/2016\/10\/161020-V2-2-MaJ-DPLB-Randos-Pgr-Q3-16-V2-2-Complet-1.pdf\"><strong><em>Programme Sept, Oct, Nov, D\u00e9c 2016 (Q3-2016- V2-2 du 20<\/em><\/strong><\/a><a href=\"http:\/\/dplb-rando.fr\/wp-content\/uploads\/2016\/09\/160911-V2-1-MaJ-DPLB-Pgr-Randos-Q3-16-1.pdf\"><strong><em>\/10\/16).<br \/>\n<\/em><\/strong><\/a><a href=\"http:\/\/dplb-rando.fr\/wp-content\/uploads\/2016\/09\/160911-V2-1-MaJ-DPLB-Pgr-Randos-Q3-16-1.pdf\"><strong><em>Programme Sept, Oct, Nov, D\u00e9c 2016 (Q3-2016- V2-1 du 11\/09\/16).<br \/>\n<\/em><\/strong><\/a><span style=\"color: #333300;\"><a href=\"http:\/\/dplb-rando.fr\/wp-content\/uploads\/2016\/08\/160901-V2-DPLB-Pgr-Randos-Q3-16.pdf\"><strong><em>Programme Sept, Oct, Nov, D\u00e9c 2016 (Q3-2016- V2 du 01\/09\/16).<br \/>\n<\/em><\/strong><\/a><\/span><strong><a href=\"http:\/\/dplb-rando.fr\/wp-content\/uploads\/2016\/07\/160613-DPLB-Randos-Pgr-Q3-16-diffus%C3%A9.pdf\">Programme Sept, Oct, Nov, D\u00e9c 2016 (Q3-2016- V 1 du 13\/06\/16)<\/a>.<\/strong><strong><em><br \/>\n<\/em><\/strong><strong><a href=\"http:\/\/dplb-rando.fr\/wp-content\/uploads\/2016\/04\/160305-DPLB-Pgr-T02-16-Simplifie-Rando.pdf\">Programme Avril, Mai, Juin 2016.<br \/>\n<\/a><\/strong><strong><a href=\"http:\/\/dplb-rando.fr\/wp-content\/uploads\/2016\/06\/160101-DPLB-Pgr-01-02-03-2016-Simplifie.pdf\">Programme Janv, F\u00e9v, Mars 2016.<br \/>\n<\/a><\/strong><strong><a href=\"http:\/\/dplb-rando.fr\/wp-content\/uploads\/2016\/06\/150901-DPLB-Pgr-09-10-11-12-2015-reduit.pdf\">Programme Sept, Oct, Nov, Dec 2015<\/a>.<\/strong><\/h3>\n","protected":false},"excerpt":{"rendered":"<p>Saison 2020 &#8211; 2021 Programme Mai Juin 2021\u00a0(Termin\u00e9) Programme Janvier F\u00e9vrier 2021 Programme Novembre D\u00e9cembre 2020 Programme Septembre Octobre mi-Novembre 2020 Saison 2019 &#8211; 2020 Programme Mai Juin 2020 (activit\u00e9s r\u00e9duites suite Covid 19) Programme Mars Avril 2020 (activit\u00e9s annul\u00e9es suite Covid 19) Programme Janvier F\u00e9vrier 2020 Programme Novembre D\u00e9cembre\u2026<\/p>\n<p> <a class=\"continue-reading-link\" href=\"https:\/\/dplb-rando.fr\/index.php\/les-randos-le-catalogue\/\"><span>Continue reading<\/span><i class=\"icon-right-dir\"><\/i><\/a><\/p>\n","protected":false},"author":1,"featured_media":0,"parent":0,"menu_order":0,"comment_status":"closed","ping_status":"closed","template":"","meta":[],"_links":{"self":[{"href":"https:\/\/dplb-rando.fr\/index.php\/wp-json\/wp\/v2\/pages\/45"}],"collection":[{"href":"https:\/\/dplb-rando.fr\/index.php\/wp-json\/wp\/v2\/pages"}],"about":[{"href":"https:\/\/dplb-rando.fr\/index.php\/wp-json\/wp\/v2\/types\/page"}],"author":[{"embeddable":true,"href":"https:\/\/dplb-rando.fr\/index.php\/wp-json\/wp\/v2\/users\/1"}],"replies":[{"embeddable":true,"href":"https:\/\/dplb-rando.fr\/index.php\/wp-json\/wp\/v2\/comments?post=45"}],"version-history":[{"count":88,"href":"https:\/\/dplb-rando.fr\/index.php\/wp-json\/wp\/v2\/pages\/45\/revisions"}],"predecessor-version":[{"id":8815,"href":"https:\/\/dplb-rando.fr\/index.php\/wp-json\/wp\/v2\/pages\/45\/revisions\/8815"}],"wp:attachment":[{"href":"https:\/\/dplb-rando.fr\/index.php\/wp-json\/wp\/v2\/media?parent=45"}],"curies":[{"name":"wp","href":"https:\/\/api.w.org\/{rel}","templated":true}]}}