{"id":2965,"date":"2017-10-26T21:53:01","date_gmt":"2017-10-26T20:53:01","guid":{"rendered":"http:\/\/dplb-rando.fr\/?page_id=2965"},"modified":"2017-10-26T22:02:29","modified_gmt":"2017-10-26T21:02:29","slug":"30-ans-reunions","status":"publish","type":"page","link":"https:\/\/dplb-rando.fr\/index.php\/30-ans-reunions\/","title":{"rendered":"30 ans DPLB \/ R\u00e9unions"},"content":{"rendered":"<h3><strong>=&gt; R\u00e9union pr\u00e9paratoire de la manifestation du Trentenaire (pr\u00e9vue en 2019).<br \/>\nJeudi 16 novembre 2017 \u00e0 18h00 au bureau du Lavandou. Ouvert \u00e0 toutes et \u00e0 tous.<\/strong><\/h3>\n","protected":false},"excerpt":{"rendered":"<p>=&gt; R\u00e9union pr\u00e9paratoire de la manifestation du Trentenaire (pr\u00e9vue en 2019). Jeudi 16 novembre 2017 \u00e0 18h00 au bureau du Lavandou. Ouvert \u00e0 toutes et \u00e0 tous.<\/p>\n<p> <a class=\"continue-reading-link\" href=\"https:\/\/dplb-rando.fr\/index.php\/30-ans-reunions\/\"><span>Continue reading<\/span><i class=\"icon-right-dir\"><\/i><\/a><\/p>\n","protected":false},"author":1,"featured_media":0,"parent":0,"menu_order":0,"comment_status":"closed","ping_status":"closed","template":"","meta":[],"_links":{"self":[{"href":"https:\/\/dplb-rando.fr\/index.php\/wp-json\/wp\/v2\/pages\/2965"}],"collection":[{"href":"https:\/\/dplb-rando.fr\/index.php\/wp-json\/wp\/v2\/pages"}],"about":[{"href":"https:\/\/dplb-rando.fr\/index.php\/wp-json\/wp\/v2\/types\/page"}],"author":[{"embeddable":true,"href":"https:\/\/dplb-rando.fr\/index.php\/wp-json\/wp\/v2\/users\/1"}],"replies":[{"embeddable":true,"href":"https:\/\/dplb-rando.fr\/index.php\/wp-json\/wp\/v2\/comments?post=2965"}],"version-history":[{"count":3,"href":"https:\/\/dplb-rando.fr\/index.php\/wp-json\/wp\/v2\/pages\/2965\/revisions"}],"predecessor-version":[{"id":2981,"href":"https:\/\/dplb-rando.fr\/index.php\/wp-json\/wp\/v2\/pages\/2965\/revisions\/2981"}],"wp:attachment":[{"href":"https:\/\/dplb-rando.fr\/index.php\/wp-json\/wp\/v2\/media?parent=2965"}],"curies":[{"name":"wp","href":"https:\/\/api.w.org\/{rel}","templated":true}]}}