{"id":2898,"date":"2017-10-17T22:01:19","date_gmt":"2017-10-17T21:01:19","guid":{"rendered":"http:\/\/dplb-rando.fr\/?page_id=2898"},"modified":"2022-08-17T15:18:41","modified_gmt":"2022-08-17T14:18:41","slug":"30-ans-de-dplb","status":"publish","type":"page","link":"https:\/\/dplb-rando.fr\/index.php\/30-ans-de-dplb\/","title":{"rendered":"Les 30 ans de la DPLB"},"content":{"rendered":"<h1 style=\"text-align: center;\"><img decoding=\"async\" src=\"http:\/\/dplb-rando.fr\/wp-content\/uploads\/2018\/10\/Var-Matin-18-09-18.jpg\" \/><\/h1>\n<h3><strong>=&gt; R\u00e9union pr\u00e9paratoire de la manifestation du Trentenaire (pr\u00e9vue en 2019).<br \/>Jeudi 16 novembre 2017 \u00e0 18h00 au bureau du Lavandou. Ouvert \u00e0 toutes et \u00e0 tous.<\/strong><\/h3>\n\n\n<p><\/p>\n","protected":false},"excerpt":{"rendered":"<p>=&gt; R\u00e9union pr\u00e9paratoire de la manifestation du Trentenaire (pr\u00e9vue en 2019).Jeudi 16 novembre 2017 \u00e0 18h00 au bureau du Lavandou. Ouvert \u00e0 toutes et \u00e0 tous.<\/p>\n<p> <a class=\"continue-reading-link\" href=\"https:\/\/dplb-rando.fr\/index.php\/30-ans-de-dplb\/\"><span>Continue reading<\/span><i class=\"icon-right-dir\"><\/i><\/a><\/p>\n","protected":false},"author":1,"featured_media":0,"parent":0,"menu_order":0,"comment_status":"closed","ping_status":"closed","template":"","meta":[],"_links":{"self":[{"href":"https:\/\/dplb-rando.fr\/index.php\/wp-json\/wp\/v2\/pages\/2898"}],"collection":[{"href":"https:\/\/dplb-rando.fr\/index.php\/wp-json\/wp\/v2\/pages"}],"about":[{"href":"https:\/\/dplb-rando.fr\/index.php\/wp-json\/wp\/v2\/types\/page"}],"author":[{"embeddable":true,"href":"https:\/\/dplb-rando.fr\/index.php\/wp-json\/wp\/v2\/users\/1"}],"replies":[{"embeddable":true,"href":"https:\/\/dplb-rando.fr\/index.php\/wp-json\/wp\/v2\/comments?post=2898"}],"version-history":[{"count":7,"href":"https:\/\/dplb-rando.fr\/index.php\/wp-json\/wp\/v2\/pages\/2898\/revisions"}],"predecessor-version":[{"id":5676,"href":"https:\/\/dplb-rando.fr\/index.php\/wp-json\/wp\/v2\/pages\/2898\/revisions\/5676"}],"wp:attachment":[{"href":"https:\/\/dplb-rando.fr\/index.php\/wp-json\/wp\/v2\/media?parent=2898"}],"curies":[{"name":"wp","href":"https:\/\/api.w.org\/{rel}","templated":true}]}}