{"id":157,"date":"2015-11-28T17:13:29","date_gmt":"2015-11-28T17:13:29","guid":{"rendered":"http:\/\/alain.votre-commerce.fr\/?page_id=157"},"modified":"2024-11-01T07:23:46","modified_gmt":"2024-11-01T06:23:46","slug":"accompagnements-sportifs","status":"publish","type":"page","link":"https:\/\/dplb-rando.fr\/index.php\/accompagnements-sportifs\/","title":{"rendered":"Manifestations Sportives"},"content":{"rendered":"<h2 style=\"text-align: center;\"><span style=\"color: #ff9900;\"><em>Vous trouverez sous cet &#8220;Onglet&#8221; divers instants de la vie de notre association que ce soit comme participants (Le Var, la Semaine Nature! (anciennement SVRP), etc..) ou comme simples signaleurs (Trail, T24, etc..).\u00a0<\/em><\/span><\/h2>\n<h2><\/h2>\n<div class=\"gmail_default\">\n<h2><a href=\"http:\/\/dplb-rando.fr\/wp-content\/uploads\/2024\/10\/img_7001.jpg\"><img decoding=\"async\" loading=\"lazy\" class=\"alignleft\" src=\"http:\/\/dplb-rando.fr\/wp-content\/uploads\/2024\/10\/img_7001.jpg\" width=\"59\" height=\"77\" \/><\/a> 12-13 <em>Octobre 2024 : <span style=\"color: #0000ff;\">3eme \u00e9dition du T24<\/span> &#8211; voir l&#8217;album de l&#8217;organisation <span style=\"color: #ff0000;\"><a href=\"https:\/\/photos.app.goo.gl\/dtAFfP5Aj3TmvDsWA\"><span style=\"color: #ff0000;\">ICI<\/span><\/a>\u00a0<\/span><\/em><\/h2>\n<\/div>\n<div class=\"gmail_default\">\n<h2><em>\u00a0<\/em><\/h2>\n<h2><\/h2>\n<h2><a href=\"http:\/\/dplb-rando.fr\/wp-content\/uploads\/2022\/08\/2022-T24XTREM-1.jpg\"><img decoding=\"async\" loading=\"lazy\" class=\"alignleft\" style=\"color: revert; font-size: revert; font-weight: revert;\" src=\"http:\/\/dplb-rando.fr\/wp-content\/uploads\/2022\/08\/2022-T24XTREM-1-719x1024.jpg\" width=\"53\" height=\"76\" \/><\/a><\/h2>\n<h2><\/h2>\n<h2><em>15 et 16 Octobre 2022 : Le <a href=\"http:\/\/dplb-rando.fr\/wp-content\/uploads\/2022\/03\/2022-T24XTREM-00-300x212.png\">T24<\/a>. Triathlon Xtrem de 24 h organis\u00e9 par la ville de Bormes. Nous avons assur\u00e9 la s\u00e9curit\u00e9 sur le circuit v\u00e9lo (<a href=\"http:\/\/dplb-rando.fr\/wp-content\/uploads\/2022\/10\/T24-Plan-Octobre.pdf\"><span style=\"color: #ff0000;\">Plan du Circuit<\/span><\/a>) de 15h le Samedi \u00e0 3h le Dimanche).<\/em><\/h2>\n<h2><em>24 Septembre au 2 Octobre 2022 : SVN &#8211; <a href=\"http:\/\/dplb-rando.fr\/wp-content\/uploads\/2022\/07\/Semaine-varoise-de-la-nature-affiche.jpg\">Semaine Varoise de la Nature (voir l\u2019affiche &lt;-).<\/a> Nous avons assur\u00e9 6 Randonn\u00e9es, 3 avec l&#8217;Office de Tourisme de Bormes et 3 avec l&#8217;Office de Tourisme du Lavandou.<\/em><\/h2>\n<h2><em style=\"color: revert; font-size: revert; font-weight: revert;\"><a href=\"https:\/\/photos.app.goo.gl\/Pn51vqxa2UPATEZW9\">22 Mai 2022 : Trail des 3 Dauphins \u2013 Le Lavandou<\/a><\/em><\/h2>\n<\/div>\n<h2><a href=\"https:\/\/youtu.be\/yi06s6SSlR8\"><em>13 Mai 2018 : Trail des 3 Dauphins &#8211; Le Lavandou<\/em><\/a><\/h2>\n<h2><em>7 au 15 Octobre 2017 : SVRP &#8211; Semaine Varoise de la Randonn\u00e9es P\u00e9destre &#8211; Programme sur Bormes\/Le Lavandou :\u00a0 Cliquer <a href=\"http:\/\/dplb-rando.fr\/wp-content\/uploads\/2017\/03\/SVRP-2017-Programme-DPLB-ADL-sur-Bormes-Le-Lavandou.pdf\">ICI<\/a><\/em><\/h2>\n<h2><em>21 Mai 2017 : F\u00eate D\u00e9partementale de la Randonn\u00e9e P\u00e9destre &#8211; Hy\u00e8res &#8211; Programme \u00a0: cliquer <a href=\"http:\/\/www.randonneurshyerois.fr\/2017\/02\/fete-de-la-randonnee-le-21-mai-2017.html\">ICI<\/a><\/em><\/h2>\n<h2><em>7 Ao\u00fbt 2016 : Biathlon \/ Aquathlon Yves Moignard &#8211; Le Lavandou<\/em><strong><em><span style=\"text-decoration: underline;\"><br \/>\n<\/span><\/em><\/strong><img decoding=\"async\" loading=\"lazy\" class=\"wp-image-1818 alignnone\" src=\"http:\/\/dplb-rando.fr\/wp-content\/uploads\/2016\/08\/DSCN1654-225x300.jpg\" alt=\"DSCN1654\" width=\"53\" height=\"70\" srcset=\"https:\/\/dplb-rando.fr\/wp-content\/uploads\/2016\/08\/DSCN1654-225x300.jpg 225w, https:\/\/dplb-rando.fr\/wp-content\/uploads\/2016\/08\/DSCN1654-768x1024.jpg 768w, https:\/\/dplb-rando.fr\/wp-content\/uploads\/2016\/08\/DSCN1654-113x150.jpg 113w, https:\/\/dplb-rando.fr\/wp-content\/uploads\/2016\/08\/DSCN1654.jpg 1704w\" sizes=\"(max-width: 53px) 100vw, 53px\" \/> \u00a0<a href=\"http:\/\/dplb-rando.fr\/wp-content\/uploads\/2016\/08\/DSCN1645.jpg\"><img decoding=\"async\" loading=\"lazy\" class=\"wp-image-1822 alignnone\" src=\"http:\/\/dplb-rando.fr\/wp-content\/uploads\/2016\/08\/DSCN1645-300x225.jpg\" alt=\"DSCN1645\" width=\"94\" height=\"70\" srcset=\"https:\/\/dplb-rando.fr\/wp-content\/uploads\/2016\/08\/DSCN1645-300x225.jpg 300w, https:\/\/dplb-rando.fr\/wp-content\/uploads\/2016\/08\/DSCN1645-1024x768.jpg 1024w, https:\/\/dplb-rando.fr\/wp-content\/uploads\/2016\/08\/DSCN1645-200x150.jpg 200w, https:\/\/dplb-rando.fr\/wp-content\/uploads\/2016\/08\/DSCN1645-150x113.jpg 150w\" sizes=\"(max-width: 94px) 100vw, 94px\" \/><\/a> \u00a0<img decoding=\"async\" loading=\"lazy\" class=\"wp-image-1821 alignnone\" src=\"http:\/\/dplb-rando.fr\/wp-content\/uploads\/2016\/08\/DSCN1653-225x300.jpg\" alt=\"DSCN1653\" width=\"53\" height=\"70\" srcset=\"https:\/\/dplb-rando.fr\/wp-content\/uploads\/2016\/08\/DSCN1653-225x300.jpg 225w, https:\/\/dplb-rando.fr\/wp-content\/uploads\/2016\/08\/DSCN1653-768x1024.jpg 768w, https:\/\/dplb-rando.fr\/wp-content\/uploads\/2016\/08\/DSCN1653-113x150.jpg 113w, https:\/\/dplb-rando.fr\/wp-content\/uploads\/2016\/08\/DSCN1653.jpg 1704w\" sizes=\"(max-width: 53px) 100vw, 53px\" \/><\/h2>\n<h2><em>22 Mai 2016 : F\u00eate D\u00e9partementale de la Randonn\u00e9e P\u00e9destre &#8211; Brignoles &#8211; Programme Officiel : cliquer <a href=\"http:\/\/var.ffrandonnee.fr\/html\/2752\/fete-de-la-randonnee-21-mai-2017\">ICI<\/a><\/em><\/h2>\n<h2><a href=\"http:\/\/dplb-rando.fr\/wp-content\/uploads\/2016\/06\/22-mai-2016-Fete-de-la-rando-Brignoles-Flyer_Page_2.jpg\"><img decoding=\"async\" loading=\"lazy\" class=\"alignnone wp-image-1159\" src=\"http:\/\/dplb-rando.fr\/wp-content\/uploads\/2016\/06\/22-mai-2016-Fete-de-la-rando-Brignoles-Flyer_Page_2-300x212.jpg\" alt=\"22 mai 2016 Fete de la rando-Brignoles Flyer_Page_2\" width=\"99\" height=\"70\" srcset=\"https:\/\/dplb-rando.fr\/wp-content\/uploads\/2016\/06\/22-mai-2016-Fete-de-la-rando-Brignoles-Flyer_Page_2-300x212.jpg 300w, https:\/\/dplb-rando.fr\/wp-content\/uploads\/2016\/06\/22-mai-2016-Fete-de-la-rando-Brignoles-Flyer_Page_2-1024x725.jpg 1024w, https:\/\/dplb-rando.fr\/wp-content\/uploads\/2016\/06\/22-mai-2016-Fete-de-la-rando-Brignoles-Flyer_Page_2-212x150.jpg 212w, https:\/\/dplb-rando.fr\/wp-content\/uploads\/2016\/06\/22-mai-2016-Fete-de-la-rando-Brignoles-Flyer_Page_2-150x106.jpg 150w\" sizes=\"(max-width: 99px) 100vw, 99px\" \/><\/a> \u00a0<a href=\"http:\/\/dplb-rando.fr\/wp-content\/uploads\/2016\/06\/22-mai-2016-Fete-de-la-rando-Brignoles-Flyer_Page_1.jpg\"><img decoding=\"async\" loading=\"lazy\" class=\"alignnone wp-image-1161\" src=\"http:\/\/dplb-rando.fr\/wp-content\/uploads\/2016\/06\/22-mai-2016-Fete-de-la-rando-Brignoles-Flyer_Page_1-300x212.jpg\" alt=\"22 mai 2016 Fete de la rando-Brignoles Flyer_Page_1\" width=\"99\" height=\"70\" srcset=\"https:\/\/dplb-rando.fr\/wp-content\/uploads\/2016\/06\/22-mai-2016-Fete-de-la-rando-Brignoles-Flyer_Page_1-300x212.jpg 300w, https:\/\/dplb-rando.fr\/wp-content\/uploads\/2016\/06\/22-mai-2016-Fete-de-la-rando-Brignoles-Flyer_Page_1-1024x724.jpg 1024w, https:\/\/dplb-rando.fr\/wp-content\/uploads\/2016\/06\/22-mai-2016-Fete-de-la-rando-Brignoles-Flyer_Page_1-212x150.jpg 212w, https:\/\/dplb-rando.fr\/wp-content\/uploads\/2016\/06\/22-mai-2016-Fete-de-la-rando-Brignoles-Flyer_Page_1-150x106.jpg 150w\" sizes=\"(max-width: 99px) 100vw, 99px\" \/><\/a><\/h2>\n<h2><em><a href=\"http:\/\/dplb-rando.fr\/wp-content\/uploads\/2016\/07\/160515-LLV-Trail-des-3-Dauphins.pdf\">15 Mai 2016 : Trail des 3 Dauphin<\/a>s &#8211; Le Lavandou<\/em><strong><em><span style=\"text-decoration: underline;\"><br \/>\n<\/span><span style=\"text-decoration: underline;\"><a href=\"http:\/\/dplb-rando.fr\/wp-content\/uploads\/2016\/07\/160515-LLV-Trail-des-3-Dauphins.pdf\"><img decoding=\"async\" loading=\"lazy\" class=\"wp-image-1853 alignnone\" src=\"http:\/\/dplb-rando.fr\/wp-content\/uploads\/2016\/08\/160515-LLV-Trail-des-3-Dauphins_Page_1-300x212.jpg\" alt=\"160515-LLV-Trail-des-3-Dauphins_Page_1\" width=\"99\" height=\"70\" srcset=\"https:\/\/dplb-rando.fr\/wp-content\/uploads\/2016\/08\/160515-LLV-Trail-des-3-Dauphins_Page_1-300x212.jpg 300w, https:\/\/dplb-rando.fr\/wp-content\/uploads\/2016\/08\/160515-LLV-Trail-des-3-Dauphins_Page_1-1024x723.jpg 1024w, https:\/\/dplb-rando.fr\/wp-content\/uploads\/2016\/08\/160515-LLV-Trail-des-3-Dauphins_Page_1-212x150.jpg 212w, https:\/\/dplb-rando.fr\/wp-content\/uploads\/2016\/08\/160515-LLV-Trail-des-3-Dauphins_Page_1-150x106.jpg 150w\" sizes=\"(max-width: 99px) 100vw, 99px\" \/><\/a><br \/>\n<\/span><\/em><\/strong><\/h2>\n<h2><em><a href=\"http:\/\/dplb-rando.fr\/wp-content\/uploads\/2016\/07\/160217-BLM-Trail-des-3-cols-1.pdf\">7 F\u00e9vrier 2016 : Trail des 3 cols &#8211; Bormes<\/a><\/em><\/h2>\n<h2><em><strong><a href=\"http:\/\/dplb-rando.fr\/wp-content\/uploads\/2016\/07\/160217-BLM-Trail-des-3-cols-1.pdf\"><img decoding=\"async\" loading=\"lazy\" class=\"wp-image-1851 alignnone\" src=\"http:\/\/dplb-rando.fr\/wp-content\/uploads\/2016\/08\/160217-BLM-Trail-des-3-cols-1-e1471409664713-300x212.jpg\" alt=\"160217-BLM-Trail-des-3-cols-1\" width=\"99\" height=\"70\" srcset=\"https:\/\/dplb-rando.fr\/wp-content\/uploads\/2016\/08\/160217-BLM-Trail-des-3-cols-1-e1471409664713-300x212.jpg 300w, https:\/\/dplb-rando.fr\/wp-content\/uploads\/2016\/08\/160217-BLM-Trail-des-3-cols-1-e1471409664713-1024x724.jpg 1024w, https:\/\/dplb-rando.fr\/wp-content\/uploads\/2016\/08\/160217-BLM-Trail-des-3-cols-1-e1471409664713-212x150.jpg 212w, https:\/\/dplb-rando.fr\/wp-content\/uploads\/2016\/08\/160217-BLM-Trail-des-3-cols-1-e1471409664713-150x106.jpg 150w\" sizes=\"(max-width: 99px) 100vw, 99px\" \/><\/a><\/strong><\/em><\/h2>\n<h2><em><a href=\"https:\/\/goo.gl\/photos\/c25YYt2m7AaUSbP1A\">9 Ao\u00fbt 2015 : Biathlon \/ Aquathlon Yves Moignard &#8211; Le Lavandou<\/a><\/em><br \/>\n<a href=\"http:\/\/dplb-rando.fr\/wp-content\/uploads\/2016\/06\/150809-Aquathlon-LLV-1.jpg\"><img decoding=\"async\" loading=\"lazy\" class=\"alignnone wp-image-1134\" src=\"http:\/\/dplb-rando.fr\/wp-content\/uploads\/2016\/06\/150809-Aquathlon-LLV-1-300x225.jpg\" alt=\"150809 Aquathlon LLV-1\" width=\"93\" height=\"70\" srcset=\"https:\/\/dplb-rando.fr\/wp-content\/uploads\/2016\/06\/150809-Aquathlon-LLV-1-300x225.jpg 300w, https:\/\/dplb-rando.fr\/wp-content\/uploads\/2016\/06\/150809-Aquathlon-LLV-1-200x150.jpg 200w, https:\/\/dplb-rando.fr\/wp-content\/uploads\/2016\/06\/150809-Aquathlon-LLV-1-150x113.jpg 150w, https:\/\/dplb-rando.fr\/wp-content\/uploads\/2016\/06\/150809-Aquathlon-LLV-1.jpg 800w\" sizes=\"(max-width: 93px) 100vw, 93px\" \/><\/a>\u00a0\u00a0<a href=\"http:\/\/dplb-rando.fr\/wp-content\/uploads\/2016\/06\/150809-Aquathlon-LLV-0.jpg\"><img decoding=\"async\" loading=\"lazy\" class=\"alignnone wp-image-1149\" src=\"http:\/\/dplb-rando.fr\/wp-content\/uploads\/2016\/06\/150809-Aquathlon-LLV-0-226x300.jpg\" alt=\"150809 Aquathlon LLV-0\" width=\"53\" height=\"70\" srcset=\"https:\/\/dplb-rando.fr\/wp-content\/uploads\/2016\/06\/150809-Aquathlon-LLV-0-226x300.jpg 226w, https:\/\/dplb-rando.fr\/wp-content\/uploads\/2016\/06\/150809-Aquathlon-LLV-0-773x1024.jpg 773w, https:\/\/dplb-rando.fr\/wp-content\/uploads\/2016\/06\/150809-Aquathlon-LLV-0-113x150.jpg 113w, https:\/\/dplb-rando.fr\/wp-content\/uploads\/2016\/06\/150809-Aquathlon-LLV-0.jpg 1663w\" sizes=\"(max-width: 53px) 100vw, 53px\" \/><\/a>\u00a0\u00a0<a href=\"http:\/\/dplb-rando.fr\/index.php\/accompagnements-sportifs\/150809-aquathlon-llv-2\/\"><img decoding=\"async\" loading=\"lazy\" class=\"alignnone wp-image-1135\" src=\"http:\/\/dplb-rando.fr\/wp-content\/uploads\/2016\/06\/150809-Aquathlon-LLV-2-300x225.jpg\" alt=\"150809 Aquathlon LLV-2\" width=\"94\" height=\"70\" srcset=\"https:\/\/dplb-rando.fr\/wp-content\/uploads\/2016\/06\/150809-Aquathlon-LLV-2-300x225.jpg 300w, https:\/\/dplb-rando.fr\/wp-content\/uploads\/2016\/06\/150809-Aquathlon-LLV-2-200x150.jpg 200w, https:\/\/dplb-rando.fr\/wp-content\/uploads\/2016\/06\/150809-Aquathlon-LLV-2-150x113.jpg 150w, https:\/\/dplb-rando.fr\/wp-content\/uploads\/2016\/06\/150809-Aquathlon-LLV-2.jpg 800w\" sizes=\"(max-width: 94px) 100vw, 94px\" \/><\/a><\/h2>\n<h2><em><a href=\"http:\/\/dplb-rando.fr\/wp-content\/uploads\/2016\/07\/150510-St-Tropez-Fete-de-la-Rando-Doc.pdf\">10 Mai 2015 : F\u00eate D\u00e9partementale de la Randonn\u00e9es P\u00e9destre &#8211; St Tropez<\/a><\/em><a href=\"http:\/\/dplb-rando.fr\/wp-content\/uploads\/2016\/07\/150510-St-Tropez-Fete-de-la-Rando-Doc.pdf\"><br \/>\n<img decoding=\"async\" loading=\"lazy\" class=\"alignnone wp-image-1336\" src=\"http:\/\/dplb-rando.fr\/wp-content\/uploads\/2016\/07\/150510-St-Tropez-Fete-de-la-Rando-Doc_Page_1-300x212.jpg\" alt=\"150510 St Tropez Fete de la Rando Doc_Page_1\" width=\"99\" height=\"70\" srcset=\"https:\/\/dplb-rando.fr\/wp-content\/uploads\/2016\/07\/150510-St-Tropez-Fete-de-la-Rando-Doc_Page_1-300x212.jpg 300w, https:\/\/dplb-rando.fr\/wp-content\/uploads\/2016\/07\/150510-St-Tropez-Fete-de-la-Rando-Doc_Page_1-1024x725.jpg 1024w, https:\/\/dplb-rando.fr\/wp-content\/uploads\/2016\/07\/150510-St-Tropez-Fete-de-la-Rando-Doc_Page_1-212x150.jpg 212w, https:\/\/dplb-rando.fr\/wp-content\/uploads\/2016\/07\/150510-St-Tropez-Fete-de-la-Rando-Doc_Page_1-150x106.jpg 150w, https:\/\/dplb-rando.fr\/wp-content\/uploads\/2016\/07\/150510-St-Tropez-Fete-de-la-Rando-Doc_Page_1.jpg 1754w\" sizes=\"(max-width: 99px) 100vw, 99px\" \/><img decoding=\"async\" loading=\"lazy\" class=\"alignnone wp-image-1337\" src=\"http:\/\/dplb-rando.fr\/wp-content\/uploads\/2016\/07\/150510-St-Tropez-Fete-de-la-Rando-Doc_Page_2-300x212.jpg\" alt=\"150510 St Tropez Fete de la Rando Doc_Page_2\" width=\"99\" height=\"70\" srcset=\"https:\/\/dplb-rando.fr\/wp-content\/uploads\/2016\/07\/150510-St-Tropez-Fete-de-la-Rando-Doc_Page_2-300x212.jpg 300w, https:\/\/dplb-rando.fr\/wp-content\/uploads\/2016\/07\/150510-St-Tropez-Fete-de-la-Rando-Doc_Page_2-1024x725.jpg 1024w, https:\/\/dplb-rando.fr\/wp-content\/uploads\/2016\/07\/150510-St-Tropez-Fete-de-la-Rando-Doc_Page_2-212x150.jpg 212w, https:\/\/dplb-rando.fr\/wp-content\/uploads\/2016\/07\/150510-St-Tropez-Fete-de-la-Rando-Doc_Page_2-150x106.jpg 150w, https:\/\/dplb-rando.fr\/wp-content\/uploads\/2016\/07\/150510-St-Tropez-Fete-de-la-Rando-Doc_Page_2.jpg 1754w\" sizes=\"(max-width: 99px) 100vw, 99px\" \/><img decoding=\"async\" loading=\"lazy\" class=\"alignnone wp-image-1338\" src=\"http:\/\/dplb-rando.fr\/wp-content\/uploads\/2016\/07\/150510-St-Tropez-Fete-de-la-Rando-Doc_Page_3-300x218.jpg\" alt=\"150510 St Tropez Fete de la Rando Doc_Page_3\" width=\"96\" height=\"70\" srcset=\"https:\/\/dplb-rando.fr\/wp-content\/uploads\/2016\/07\/150510-St-Tropez-Fete-de-la-Rando-Doc_Page_3-300x218.jpg 300w, https:\/\/dplb-rando.fr\/wp-content\/uploads\/2016\/07\/150510-St-Tropez-Fete-de-la-Rando-Doc_Page_3-1024x743.jpg 1024w, https:\/\/dplb-rando.fr\/wp-content\/uploads\/2016\/07\/150510-St-Tropez-Fete-de-la-Rando-Doc_Page_3-207x150.jpg 207w, https:\/\/dplb-rando.fr\/wp-content\/uploads\/2016\/07\/150510-St-Tropez-Fete-de-la-Rando-Doc_Page_3-150x109.jpg 150w, https:\/\/dplb-rando.fr\/wp-content\/uploads\/2016\/07\/150510-St-Tropez-Fete-de-la-Rando-Doc_Page_3.jpg 1720w\" sizes=\"(max-width: 96px) 100vw, 96px\" \/><\/a><\/h2>\n","protected":false},"excerpt":{"rendered":"<p>Vous trouverez sous cet &#8220;Onglet&#8221; divers instants de la vie de notre association que ce soit comme participants (Le Var, la Semaine Nature! (anciennement SVRP), etc..) ou comme simples signaleurs (Trail, T24, etc..).\u00a0 12-13 Octobre 2024 : 3eme \u00e9dition du T24 &#8211; voir l&#8217;album de l&#8217;organisation ICI\u00a0 \u00a0 15 et\u2026<\/p>\n<p> <a class=\"continue-reading-link\" href=\"https:\/\/dplb-rando.fr\/index.php\/accompagnements-sportifs\/\"><span>Continue reading<\/span><i class=\"icon-right-dir\"><\/i><\/a><\/p>\n","protected":false},"author":1,"featured_media":0,"parent":0,"menu_order":0,"comment_status":"closed","ping_status":"closed","template":"","meta":[],"_links":{"self":[{"href":"https:\/\/dplb-rando.fr\/index.php\/wp-json\/wp\/v2\/pages\/157"}],"collection":[{"href":"https:\/\/dplb-rando.fr\/index.php\/wp-json\/wp\/v2\/pages"}],"about":[{"href":"https:\/\/dplb-rando.fr\/index.php\/wp-json\/wp\/v2\/types\/page"}],"author":[{"embeddable":true,"href":"https:\/\/dplb-rando.fr\/index.php\/wp-json\/wp\/v2\/users\/1"}],"replies":[{"embeddable":true,"href":"https:\/\/dplb-rando.fr\/index.php\/wp-json\/wp\/v2\/comments?post=157"}],"version-history":[{"count":146,"href":"https:\/\/dplb-rando.fr\/index.php\/wp-json\/wp\/v2\/pages\/157\/revisions"}],"predecessor-version":[{"id":8236,"href":"https:\/\/dplb-rando.fr\/index.php\/wp-json\/wp\/v2\/pages\/157\/revisions\/8236"}],"wp:attachment":[{"href":"https:\/\/dplb-rando.fr\/index.php\/wp-json\/wp\/v2\/media?parent=157"}],"curies":[{"name":"wp","href":"https:\/\/api.w.org\/{rel}","templated":true}]}}