{"id":1483,"date":"2016-07-09T15:28:34","date_gmt":"2016-07-09T14:28:34","guid":{"rendered":"http:\/\/dplb-rando.fr\/?page_id=1483"},"modified":"2025-11-17T16:18:31","modified_gmt":"2025-11-17T15:18:31","slug":"les-rendez-vous-de-la-dplb","status":"publish","type":"page","link":"https:\/\/dplb-rando.fr\/index.php\/les-rendez-vous-de-la-dplb\/","title":{"rendered":"Les Rendez-vous de la DPLB"},"content":{"rendered":"<h1><\/h1>\n<h2>28 Juin 2023 : Repas de fin de saison &#8211; H\u00f4tel de la Plage &#8211; Le Lavandou<em>\u00a0 \u00a0 \u00a0\u00a0<\/em><\/h2>\n<p><a href=\"http:\/\/dplb-rando.fr\/wp-content\/uploads\/2023\/06\/REPAS-DU-MERCREDI-28-JUIN-2023-1.pdf\"><img decoding=\"async\" loading=\"lazy\" class=\"\" src=\"http:\/\/dplb-rando.fr\/wp-content\/uploads\/2023\/06\/REPAS-DU-MERCREDI-28-JUIN-2023-1-pdf-724x1024.jpg\" width=\"95\" height=\"135\" \/><\/a><\/p>\n<h2>14 Janvier 2023 : <span style=\"color: #ff9900;\">Stage PSC1 <\/span>(Album <a href=\"https:\/\/photos.app.goo.gl\/DTaCY7fsjpwoBtzH8\"><span style=\"color: #ff9900;\">Photos<\/span><\/a>)<\/h2>\n<h2>13 Janvier 2023 : <span style=\"color: #00ccff;\">Galette des rois<\/span> (voir l&#8217;album Photos -&gt; <a href=\"https:\/\/photos.app.goo.gl\/TPQdFqDNMiXsKxpH9\"><span style=\"color: #0000ff;\"><span style=\"color: #00ccff;\">ici<\/span><\/span><\/a>)<\/h2>\n<h2>17 Septembre 2022 : <a href=\"http:\/\/dplb-rando.fr\/wp-content\/uploads\/2022\/07\/2022-Forum-Bormes-scaled.jpg\">Forum des associations (voir l\u2019affiche -&gt;)<\/a>, organis\u00e9 par la ville de Bormes les Mimosas, pr\u00e9vu \u00e0 la Favi\u00e8re mais d\u00e9plac\u00e9 \u00e0 Bormisport <span style=\"color: #3366ff;\">(<a href=\"https:\/\/photos.app.goo.gl\/jRzGqn8gMKkEog559\">voir l&#8217;album Photos -&gt; ici<\/a>)<\/span>.<\/h2>\n<p><img decoding=\"async\" loading=\"lazy\" class=\"\" src=\"http:\/\/dplb-rando.fr\/wp-content\/uploads\/2022\/09\/IMG_8187-1-scaled.jpg\" width=\"118\" height=\"89\" \/>\u00a0 \u00a0<img decoding=\"async\" loading=\"lazy\" class=\"\" src=\"http:\/\/dplb-rando.fr\/wp-content\/uploads\/2022\/09\/2022-Var-Matin-rotated.jpg\" width=\"83\" height=\"89\" \/><\/p>\n<h2>30 Juin 2022 : Repas de fin de Saison &#8211; Eden Rose &#8211; Bormes les Mimosas<\/h2>\n<p><img decoding=\"async\" loading=\"lazy\" class=\"\" src=\"http:\/\/dplb-rando.fr\/wp-content\/uploads\/2022\/06\/repas-fin-de-saison.jpg\" width=\"93\" height=\"70\" \/>\u00a0 <img decoding=\"async\" loading=\"lazy\" class=\"\" src=\"http:\/\/dplb-rando.fr\/wp-content\/uploads\/2022\/08\/Eden_10-1024x768.jpg\" width=\"93\" height=\"70\" \/><\/p>\n<h2><a href=\"https:\/\/photos.app.goo.gl\/XiBsxxC65QTdLS2B6\">24 Mai 2022 :\u00a0 Rando Pique-Nique Cabasson &#8211; Bormes les Mimosas<\/a><\/h2>\n<h2><a href=\"https:\/\/photos.app.goo.gl\/DZN9ZZd12rMCbUhY9\">11 Septembre 2021 : Forum des Associations &#8211; Le Lavandou<\/a><\/h2>\n<h2><a href=\"https:\/\/photos.app.goo.gl\/cBQDA9YPAUA3c9ev5\">23 Juin 2021 : Repas des Animateurs &#8211; Cavali\u00e8re &#8211; Le Lavandou<\/a><\/h2>\n<h2><a href=\"https:\/\/photos.app.goo.gl\/HjumVnLP8YWq3fvm7\">15 septembre 2018 : Forum des Associations (Bormes &#8211; La Favi\u00e8re).<\/a><\/h2>\n<p><img decoding=\"async\" loading=\"lazy\" class=\"alignnone wp-image-3484\" src=\"http:\/\/dplb-rando.fr\/wp-content\/uploads\/2018\/09\/Forum-2018-allocution-du-pr\u00e9sident-300x225.jpg\" alt=\"\" width=\"93\" height=\"70\" srcset=\"https:\/\/dplb-rando.fr\/wp-content\/uploads\/2018\/09\/Forum-2018-allocution-du-pr\u00e9sident-300x225.jpg 300w, https:\/\/dplb-rando.fr\/wp-content\/uploads\/2018\/09\/Forum-2018-allocution-du-pr\u00e9sident-1024x768.jpg 1024w, https:\/\/dplb-rando.fr\/wp-content\/uploads\/2018\/09\/Forum-2018-allocution-du-pr\u00e9sident-200x150.jpg 200w, https:\/\/dplb-rando.fr\/wp-content\/uploads\/2018\/09\/Forum-2018-allocution-du-pr\u00e9sident-150x113.jpg 150w, https:\/\/dplb-rando.fr\/wp-content\/uploads\/2018\/09\/Forum-2018-allocution-du-pr\u00e9sident.jpg 1920w\" sizes=\"(max-width: 93px) 100vw, 93px\" \/> \u00a0<img decoding=\"async\" loading=\"lazy\" class=\"alignnone wp-image-3483\" src=\"http:\/\/dplb-rando.fr\/wp-content\/uploads\/2018\/09\/Forum-2018-Photo-300x198.jpg\" alt=\"\" width=\"106\" height=\"70\" srcset=\"https:\/\/dplb-rando.fr\/wp-content\/uploads\/2018\/09\/Forum-2018-Photo-300x198.jpg 300w, https:\/\/dplb-rando.fr\/wp-content\/uploads\/2018\/09\/Forum-2018-Photo-227x150.jpg 227w, https:\/\/dplb-rando.fr\/wp-content\/uploads\/2018\/09\/Forum-2018-Photo-150x99.jpg 150w, https:\/\/dplb-rando.fr\/wp-content\/uploads\/2018\/09\/Forum-2018-Photo.jpg 640w\" sizes=\"(max-width: 106px) 100vw, 106px\" \/> <img decoding=\"async\" loading=\"lazy\" class=\"alignnone wp-image-3485\" src=\"http:\/\/dplb-rando.fr\/wp-content\/uploads\/2018\/09\/Var-Matin-18-09-18-1-300x264.jpg\" alt=\"\" width=\"79\" height=\"70\" srcset=\"https:\/\/dplb-rando.fr\/wp-content\/uploads\/2018\/09\/Var-Matin-18-09-18-1-300x264.jpg 300w, https:\/\/dplb-rando.fr\/wp-content\/uploads\/2018\/09\/Var-Matin-18-09-18-1-1024x902.jpg 1024w, https:\/\/dplb-rando.fr\/wp-content\/uploads\/2018\/09\/Var-Matin-18-09-18-1-170x150.jpg 170w, https:\/\/dplb-rando.fr\/wp-content\/uploads\/2018\/09\/Var-Matin-18-09-18-1-150x132.jpg 150w\" sizes=\"(max-width: 79px) 100vw, 79px\" \/><\/p>\n<h2>17 juin 2018 : Repas de fin de saison au Domaine du Mirage (Bormes &#8211; Village).<\/h2>\n<h2><span style=\"color: #0000ff;\">6 janvier 2018 :\u00a0<a href=\"http:\/\/dplb-rando.fr\/wp-content\/uploads\/2018\/02\/Galette-2018-Var-Matin-e1517700198798.jpg\">La Galette des Rois (Bormes &#8211; Bormisport).<\/a><\/span><\/h2>\n<h2><span style=\"color: #3366ff;\">7 octobre 2017 :<\/span><span style=\"color: #3366ff; text-decoration: underline;\"> <a href=\"http:\/\/dplb-rando.fr\/wp-content\/uploads\/2017\/10\/AGO-2017-Photo-de-lEstrade.jpg\">Assembl\u00e9e G\u00e9n\u00e9rale (Bormes le Pin)<\/a>.<\/span><\/h2>\n<h2><span style=\"color: #0000ff;\">3 juin 2017 : <span style=\"text-decoration: underline;\"><a href=\"http:\/\/dplb-rando.fr\/wp-content\/uploads\/2017\/03\/MECHOUI-DPLB-2017.pdf\">Repas de Fin de Saison &#8211; Mechoui (St Clair\/Le Lavandou)<\/a><\/span>.<\/span><\/h2>\n<h2><span style=\"color: #0000ff;\">26 f\u00e9vrier 2017\u00a0: <span style=\"text-decoration: underline;\"><a href=\"http:\/\/dplb-rando.fr\/wp-content\/uploads\/2017\/01\/170126-Corso-Bormes-2017-Flyer.pdf\">Corso Fleuri (Bormes &#8211; Village)<\/a><\/span>.<\/span><\/h2>\n<h2><span style=\"color: #0000ff;\">6 janvier 2017 : <span style=\"text-decoration: underline; color: #008080;\">La Galette des Rois (Bormes &#8211; Village)<a style=\"color: #008080;\" href=\"https:\/\/goo.gl\/photos\/6Rs1CUfmM9yeQUJn8\">.<\/a><\/span><\/span><\/h2>\n<h2><span style=\"color: #0000ff;\">8 octobre 2016 : <span style=\"text-decoration: underline; color: #008080;\">Assembl\u00e9e G\u00e9n\u00e9rale (Bormes &#8211; Le Pin).<\/span><\/span><\/h2>\n<h2><span style=\"color: #0000ff;\">17 septembre 2016 : <a href=\"http:\/\/dplb-rando.fr\/wp-content\/uploads\/2016\/09\/160917-BLM-Forum-des-Assos.pdf\">Forum des Associations (Bormes &#8211; la Favi\u00e8re).<\/a><\/span><\/h2>\n<h1><span style=\"color: #0000ff;\"><strong><a href=\"http:\/\/dplb-rando.fr\/wp-content\/uploads\/2016\/09\/14322750_534352346765216_8722895913870793057_n.jpg\"><em><span style=\"text-decoration: underline;\"><img decoding=\"async\" loading=\"lazy\" class=\"alignnone\" src=\"http:\/\/dplb-rando.fr\/wp-content\/uploads\/2016\/09\/14322750_534352346765216_8722895913870793057_n.jpg\" width=\"99\" height=\"70\" \/><\/span><\/em><\/a><\/strong><\/span><\/h1>\n<h2><span style=\"color: #0000ff;\">24 juin 2016 : <span style=\"color: #008080;\">Repas de fin d&#8217;ann\u00e9e au Domaine du Mirage (Bormes &#8211; Village).<\/span><\/span><\/h2>\n<h2><span style=\"color: #0000ff;\">22 juin 2016 : <span style=\"color: #008080;\">Pique-nique de fin de saison (Bormes &#8211; Cabasson).<\/span><\/span><\/h2>\n<h2><span style=\"color: #0000ff;\">20 mars 2016 : <span style=\"color: #008080;\">Le Repas de fin de Corso.<\/span><\/span><\/h2>\n<h2><span style=\"color: #0000ff;\">8 janvier 2016 :\u00a0<span style=\"color: #008080;\"><span style=\"text-decoration: underline;\"><a style=\"color: #008080; text-decoration: underline;\" href=\"http:\/\/dplb-rando.fr\/wp-content\/uploads\/2016\/07\/160108-DPLB-Galette-2016-1.pdf\">La Galette des Rois<\/a>\u00a0(<\/span><\/span><\/span><span style=\"color: #008080;\"><span style=\"text-decoration: underline;\">Bormes -Village)<\/span><span style=\"text-decoration: underline;\">.<\/span><\/span><\/h2>\n","protected":false},"excerpt":{"rendered":"<p>28 Juin 2023 : Repas de fin de saison &#8211; H\u00f4tel de la Plage &#8211; Le Lavandou\u00a0 \u00a0 \u00a0\u00a0 14 Janvier 2023 : Stage PSC1 (Album Photos) 13 Janvier 2023 : Galette des rois (voir l&#8217;album Photos -&gt; ici) 17 Septembre 2022 : Forum des associations (voir l\u2019affiche -&gt;), organis\u00e9\u2026<\/p>\n<p> <a class=\"continue-reading-link\" href=\"https:\/\/dplb-rando.fr\/index.php\/les-rendez-vous-de-la-dplb\/\"><span>Continue reading<\/span><i class=\"icon-right-dir\"><\/i><\/a><\/p>\n","protected":false},"author":1,"featured_media":0,"parent":0,"menu_order":0,"comment_status":"closed","ping_status":"closed","template":"","meta":[],"_links":{"self":[{"href":"https:\/\/dplb-rando.fr\/index.php\/wp-json\/wp\/v2\/pages\/1483"}],"collection":[{"href":"https:\/\/dplb-rando.fr\/index.php\/wp-json\/wp\/v2\/pages"}],"about":[{"href":"https:\/\/dplb-rando.fr\/index.php\/wp-json\/wp\/v2\/types\/page"}],"author":[{"embeddable":true,"href":"https:\/\/dplb-rando.fr\/index.php\/wp-json\/wp\/v2\/users\/1"}],"replies":[{"embeddable":true,"href":"https:\/\/dplb-rando.fr\/index.php\/wp-json\/wp\/v2\/comments?post=1483"}],"version-history":[{"count":92,"href":"https:\/\/dplb-rando.fr\/index.php\/wp-json\/wp\/v2\/pages\/1483\/revisions"}],"predecessor-version":[{"id":9342,"href":"https:\/\/dplb-rando.fr\/index.php\/wp-json\/wp\/v2\/pages\/1483\/revisions\/9342"}],"wp:attachment":[{"href":"https:\/\/dplb-rando.fr\/index.php\/wp-json\/wp\/v2\/media?parent=1483"}],"curies":[{"name":"wp","href":"https:\/\/api.w.org\/{rel}","templated":true}]}}