{"id":139,"date":"2015-11-28T17:08:08","date_gmt":"2015-11-28T17:08:08","guid":{"rendered":"http:\/\/alain.votre-commerce.fr\/?page_id=139"},"modified":"2025-11-08T06:56:44","modified_gmt":"2025-11-08T05:56:44","slug":"les-reunions","status":"publish","type":"page","link":"https:\/\/dplb-rando.fr\/index.php\/les-reunions\/","title":{"rendered":"Les R\u00e9unions"},"content":{"rendered":"<h2 style=\"text-align: center;\"><em><span style=\"color: #ff6600;\">Vous trouverez ci-apr\u00e8s les principales r\u00e9unions (Liste non exhaustive) ainsi que certains documents non confidentiels relatifs \u00e0 la vie de l&#8217;association. Les autres documents peuvent \u00eatre consult\u00e9s par les adh\u00e9rents en nos locaux.<\/span><\/em><\/h2>\n<h2>\u223c <span style=\"color: #ff9900;\">Assembl\u00e9e G\u00e9n\u00e9rale Ordinaire<\/span> du 15\u00a0 Octobre 2025 : Salle Henri Chartier &#8211; Bormes (<a href=\"http:\/\/dplb-rando.fr\/wp-content\/uploads\/2025\/11\/AGO-2025-Convocation-vf.pdf\"><span style=\"color: #ff0000;\">Convocation<\/span><\/a>, <a href=\"http:\/\/dplb-rando.fr\/wp-content\/uploads\/2025\/11\/AGO-2025-Procuration-vf.pdf\"><span style=\"color: #339966;\">Pouvoir<\/span><\/a>, <a href=\"http:\/\/dplb-rando.fr\/wp-content\/uploads\/2025\/11\/AGO-2025-Restauration-vf.pdf\"><span style=\"color: #ff9900;\">Diner<\/span><\/a>)<\/h2>\n<h2><a href=\"http:\/\/dplb-rando.fr\/wp-content\/uploads\/2025\/11\/AGO-2025-Proces-Verbal-signe.pdf\">Proc\u00e8s-Verbal<\/a> <a href=\"http:\/\/dplb-rando.fr\/wp-content\/uploads\/2025\/10\/Var-Matin-2.jpg\"><img decoding=\"async\" loading=\"lazy\" class=\"alignright\" src=\"http:\/\/dplb-rando.fr\/wp-content\/uploads\/2025\/10\/Var-Matin-2.jpg\" width=\"46\" height=\"63\" \/><\/a><\/h2>\n<h2><a href=\"http:\/\/dplb-rando.fr\/wp-content\/uploads\/2025\/10\/Var-Matin-2.jpg\">Article de Presse<\/a> Var Matin\u00a0 \u00a0 \u00a0 \u00a0 \u00a0 \u00a0 \u00a0 \u00a0 \u00a0 \u00a0 \u00a0 \u00a0 \u00a0<\/h2>\n<h2>\u223c <span style=\"color: #3366ff;\">Assembl\u00e9e G\u00e9n\u00e9rale Ordinaire<\/span> du 8 Novembre 2024 : Salle Ferrero &#8211; Bormes (<a href=\"http:\/\/dplb-rando.fr\/wp-content\/uploads\/2024\/11\/AGO-2024-Convocation.pdf\"><span style=\"color: #ff0000;\">Convocation<\/span><\/a>, <a href=\"http:\/\/dplb-rando.fr\/wp-content\/uploads\/2024\/11\/AGO-2024-Procuration-v1.pdf\"><span style=\"color: #339966;\">Pouvoir<\/span><\/a>, <a href=\"http:\/\/dplb-rando.fr\/wp-content\/uploads\/2024\/11\/AGO-2024-Restauration-v0.pdf\"><span style=\"color: #ff9900;\">D\u00e9jeuner<\/span><\/a>)<\/h2>\n<h2><a href=\"http:\/\/dplb-rando.fr\/wp-content\/uploads\/2024\/11\/2024-Var-Matin.jpg\"><img decoding=\"async\" loading=\"lazy\" class=\"alignright\" src=\"http:\/\/dplb-rando.fr\/wp-content\/uploads\/2024\/11\/2024-Var-Matin.jpg\" width=\"80\" height=\"62\" \/><\/a><\/h2>\n<h2>\u00a0 \u00a0<a href=\"http:\/\/dplb-rando.fr\/wp-content\/uploads\/2024\/12\/AGO-2024-Proces-Verbal-v1.pdf\">Proc\u00e8s-Verbal<\/a><\/h2>\n<h2>\u00a0 \u00a0<a href=\"http:\/\/dplb-rando.fr\/wp-content\/uploads\/2024\/11\/2024-Var-Matin.jpg\">Article de Presse<\/a> Var Matin<\/h2>\n<h2>\u223c <a href=\"http:\/\/dplb-rando.fr\/wp-content\/uploads\/2023\/11\/AGO-2023-Proces-Verbal-v2.pdf\"><span style=\"color: #3366ff;\">Proc\u00e8s-Verbal de l&#8217;Assembl\u00e9e G\u00e9n\u00e9rale Ordinaire <\/span><\/a>du 21 Octobre 2023 et <span style=\"color: #800080;\"><a style=\"color: #800080;\" href=\"http:\/\/dplb-rando.fr\/wp-content\/uploads\/2023\/10\/AGO-2023-Article-Var-Matin-scaled.jpg\">Article de Presse<\/a><\/span>.\u00a0<\/h2>\n<h2>\u223c R\u00e9union des B\u00e9n\u00e9voles du Trail des 3 Dauphins &#8211; 18 Avril 2023<\/h2>\n<h2>~ R\u00e9union Animateurs &#8211; 17 Avril 2023 &#8211; Programme de fin de saison : bimestre Mai Juin.<\/h2>\n<h2>\u223c R\u00e9union Comit\u00e9 Directeur &#8211; 20 Mars 2023\u00a0<\/h2>\n<h2>~ R\u00e9union Animateurs &#8211; 20 D\u00e9cembre 2022 &#8211; Programme du 1er bimestre 2023.<\/h2>\n<h2>~ R\u00e9union Comit\u00e9 Directeur &#8211; 14 Novembre 2022.<\/h2>\n<h2>~ <a href=\"http:\/\/dplb-rando.fr\/wp-content\/uploads\/2022\/10\/AGO-2022-Proces-Verbal.pdf\"><span style=\"color: #3366ff;\">Proc\u00e8s-Verbal Assembl\u00e9e G\u00e9n\u00e9rale Ordinaire 2022<\/span><\/a> : 8 Octobre \u00e0 10h30 &#8211; Bormisport (<a href=\"http:\/\/dplb-rando.fr\/wp-content\/uploads\/2022\/09\/AGO-2022-Convocation-v4.pdf\"><span style=\"color: #ff0000;\">convocation<\/span><\/a> et <a href=\"http:\/\/dplb-rando.fr\/wp-content\/uploads\/2022\/09\/AGO-2022-Procuration-v1.pdf\"><span style=\"color: #ff0000;\">pouvoir<\/span><\/a>), suivie d\u2019un d\u00e9jeuner (avec <a href=\"http:\/\/dplb-rando.fr\/wp-content\/uploads\/2022\/09\/AGO-2022-Restauration-v4.pdf\"><span style=\"color: #ff0000;\">inscription<\/span><\/a> obligatoire).<\/h2>\n<h2>~ R\u00e9union de Bureau &#8211; 25 Aout 2022\u00a0<\/h2>\n<h2>~ R\u00e9union Comit\u00e9 Directeur &#8211; 12 Juillet 2022.<\/h2>\n<h2>~ R\u00e9union Animateurs &#8211; 1er Juillet 2022 &#8211; Point sur la saison \u00e9coul\u00e9e, besoin pour la saison prochaine, programme de rentr\u00e9e.<\/h2>\n<h2>~ R\u00e9union Comit\u00e9 Directeur &#8211; 14 Juin 2022.<\/h2>\n<h2>~ R\u00e9union Comit\u00e9 Directeur &#8211; 26 Avril 2022.<\/h2>\n<h2>~ R\u00e9union Ville de Bormes &#8211; l\u2019<span style=\"color: #008000;\"><em><strong>EXTREM TRIATHLON T24<\/strong><\/em><\/span> &#8211; Le Jeudi 24 Mars 2022 \u00e0 18h00 \u00e0 la salle des f\u00eates :\u00a0<a href=\"http:\/\/dplb-rando.fr\/wp-content\/uploads\/2022\/03\/2022-T24XTREM-00.png\">Photo.<\/a><\/h2>\n<h2>~ R\u00e9union Comit\u00e9 Directeur &#8211; 14 Octobre 2021.<\/h2>\n<h2>~ <a href=\"http:\/\/dplb-rando.fr\/wp-content\/uploads\/2021\/10\/AGO-2021-Proces-Verbal.pdf\">Proc\u00e8s Verbal Assembl\u00e9e G\u00e9n\u00e9rale DPLB 2021 <\/a>&#8211; 9 Octobre 2021 (17h00 &#8211; Salle Bormisport &#8211; Bormes les Mimosas).<\/h2>\n<h2>~ R\u00e9union Comit\u00e9 Directeur &#8211; 14 Septembre 2021.<\/h2>\n<h2>~ R\u00e9union Comit\u00e9 Directeur &#8211; 20 Juillet 2021.<\/h2>\n<h2>~ <a href=\"http:\/\/dplb-rando.fr\/wp-content\/uploads\/2021\/09\/AGO-2020-Compte-Rendu-v6-Autorites-19-10-2020.pdf\">Proc\u00e8s Verbal Assembl\u00e9e G\u00e9n\u00e9rale DPLB 2020<\/a> &#8211; 10 Octobre 2020 (17h00 &#8211; Salle Ferrero &#8211; La Favi\u00e8re\u00a0&#8211; Bormes les Mimosas).<\/h2>\n<h2>~ Convocation <a href=\"http:\/\/dplb-rando.fr\/wp-content\/uploads\/2018\/09\/AGO-2018.pdf\">Assembl\u00e9e G\u00e9n\u00e9rale DPLB 2018\u00a0<\/a>&#8211; 29 septembre 2018 (17h00 \u00e0 Bormisport).<\/h2>\n<h2>~ <a href=\"http:\/\/dplb-rando.fr\/wp-content\/uploads\/2018\/06\/CR-CoDir-2018.05.03.pdf\">Comit\u00e9 Directeur &#8211; 03\/05\/2018.<\/a><\/h2>\n<h2>~ <a href=\"http:\/\/dplb-rando.fr\/wp-content\/uploads\/2018\/06\/CR-Bureau-2018.04.26-R\u00e9serv\u00e9.pdf\">R\u00e9union Bureau\u00a0 &#8211; 26 avril 2018.<\/a><\/h2>\n<h2>~ <a href=\"http:\/\/dplb-rando.fr\/wp-content\/uploads\/2018\/03\/CR-Codir-2018.02.22.pdf\">Comit\u00e9 Directeur &#8211; 22 f\u00e9vrier 2018.<\/a><\/h2>\n<h2>~ <a href=\"http:\/\/dplb-rando.fr\/wp-content\/uploads\/2017\/12\/CR-CoDir-2017.11.23.pdf\">Comit\u00e9 Directeur &#8211; 23 novembre 2017.<\/a><\/h2>\n<h2><span style=\"color: #808000;\">~ <a href=\"http:\/\/dplb-rando.fr\/wp-content\/uploads\/2017\/10\/AGO-2017-Compte-Rendu-v2-21-10-2017.pdf\">Assembl\u00e9e G\u00e9n\u00e9rale 2017 &#8211; 7 octobre 2017<\/a>.<\/span><\/h2>\n<h2><span style=\"color: #808000;\">~ <a style=\"color: #808000;\" href=\"http:\/\/dplb-rando.fr\/wp-content\/uploads\/2017\/09\/CR-CoDir-2017.09.14.pdf\">Comit\u00e9 Directeur du 14 septembre 2017<\/a>.<\/span><\/h2>\n<h2><span style=\"color: #808000;\">~ <a style=\"color: #808000;\" href=\"http:\/\/dplb-rando.fr\/wp-content\/uploads\/2017\/05\/170427-CR-CoDir-2017.04.27.pdf\">Comit\u00e9 Directeur du 27 avril 2017<\/a>.<\/span><\/h2>\n<h2><span style=\"color: #808000;\">~ <span style=\"color: #808000;\"><a style=\"color: #808000;\" href=\"http:\/\/dplb-rando.fr\/wp-content\/uploads\/2017\/02\/CR-CoDir-2017.01.19-V3.pdf\">Comit\u00e9 Directeur du 19 janvier 2017<\/a><\/span>.<\/span><\/h2>\n<h2><span style=\"color: #808000;\">~ <span style=\"text-decoration: underline;\"><a style=\"color: #808000; text-decoration: underline;\" href=\"http:\/\/dplb-rando.fr\/wp-content\/uploads\/2016\/12\/161028-DPLB-CR-CoDir-2016.10.28.pdf\">Comit\u00e9 Directeur du 28 octobre 2016<\/a>.<\/span><\/span><\/h2>\n<h2>~ <span style=\"text-decoration: underline;\"><a href=\"http:\/\/dplb-rando.fr\/wp-content\/uploads\/2016\/11\/161008-DPLB-CR-AG-2016.pdf\"><span style=\"color: #808000; text-decoration: underline;\">Assembl\u00e9e G\u00e9n\u00e9rale 2016 &#8211; 8 octobre\u00a02016.<\/span><\/a><\/span><\/h2>\n<h2>~ <span style=\"text-decoration: underline;\"><a href=\"http:\/\/dplb-rando.fr\/wp-content\/uploads\/2016\/10\/CR-CoDir-2016.09.22-V2.pdf\"><span style=\"color: #808000; text-decoration: underline;\">Comit\u00e9 Directeur du 22 septembre 2016.<\/span><\/a><\/span><\/h2>\n<h2>~<span style=\"text-decoration: underline;\"><a href=\"http:\/\/dplb-rando.fr\/wp-content\/uploads\/2016\/07\/160617-CR-du-Comit\u00e9-Programme-Q3_2016-du-13_06_16.pdf\">\u00a0<span style=\"color: #808000; text-decoration: underline;\">Comit\u00e9 Programme\u00a0du 13 juin 2016<\/span><\/a>.<\/span><\/h2>\n<h2>~ <span style=\"text-decoration: underline;\"><span style=\"color: #808000; text-decoration: underline;\"><a style=\"color: #808000; text-decoration: underline;\" href=\"http:\/\/dplb-rando.fr\/wp-content\/uploads\/2016\/06\/CR-CD-2016.05.30-V.Finale-2016.06.09.pdf\">Com<\/a><\/span><span style=\"color: #808000; text-decoration: underline;\"><a style=\"color: #808000; text-decoration: underline;\" href=\"http:\/\/dplb-rando.fr\/wp-content\/uploads\/2016\/06\/CR-CD-2016.05.30-V.Finale-2016.06.09.pdf\">it\u00e9 Directeur du 30 mai 2016<\/a>.<\/span><\/span><\/h2>\n<h2>~ <span style=\"text-decoration: underline;\"><span style=\"color: #808000; text-decoration: underline;\"><a style=\"color: #808000; text-decoration: underline;\" href=\"http:\/\/dplb-rando.fr\/wp-content\/uploads\/2016\/06\/160407-CR-CoDir-2016.04.07-1.pdf\">Comit\u00e9 Directeur du 7 avril 2016<\/a>.<\/span><\/span><\/h2>\n<h2>~<span style=\"color: #808000;\">\u00a0<span style=\"text-decoration: underline;\"><a style=\"color: #808000; text-decoration: underline;\" href=\"http:\/\/dplb-rando.fr\/wp-content\/uploads\/2016\/07\/160112-CR-CD-2016.01.16-JBT.pdf\">Comit\u00e9 Directeur du 12 janvier 2016<\/a>.<\/span><\/span><\/h2>\n<h2><span style=\"color: #808000;\">~ <span style=\"text-decoration: underline;\"><a style=\"color: #808000; text-decoration: underline;\" href=\"http:\/\/dplb-rando.fr\/wp-content\/uploads\/2016\/07\/CR-CD-2015.12.08-V.Finale.pdf\">Comit\u00e9 Directeur du 8 d\u00e9cembre 2015<\/a>.<\/span><\/span><\/h2>\n<h2><span style=\"color: #808000;\">~ <span style=\"text-decoration: underline;\"><a style=\"color: #808000; text-decoration: underline;\" href=\"http:\/\/dplb-rando.fr\/wp-content\/uploads\/2016\/07\/151003-DPLB-CR-AG.pdf\">Assembl\u00e9e G\u00e9n\u00e9rale 2015 <\/a><\/span><\/span><span style=\"text-decoration: underline;\"><span style=\"color: #808000; text-decoration: underline;\"><a style=\"color: #808000; text-decoration: underline;\" href=\"http:\/\/dplb-rando.fr\/wp-content\/uploads\/2016\/07\/151003-DPLB-CR-AG.pdf\">du 3 octobre\u00a02015<\/a>.<\/span><\/span><\/h2>\n\n\n<p><\/p>\n","protected":false},"excerpt":{"rendered":"<p>Vous trouverez ci-apr\u00e8s les principales r\u00e9unions (Liste non exhaustive) ainsi que certains documents non confidentiels relatifs \u00e0 la vie de l&#8217;association. Les autres documents peuvent \u00eatre consult\u00e9s par les adh\u00e9rents en nos locaux. \u223c Assembl\u00e9e G\u00e9n\u00e9rale Ordinaire du 15\u00a0 Octobre 2025 : Salle Henri Chartier &#8211; Bormes (Convocation, Pouvoir, Diner)\u2026<\/p>\n<p> <a class=\"continue-reading-link\" href=\"https:\/\/dplb-rando.fr\/index.php\/les-reunions\/\"><span>Continue reading<\/span><i class=\"icon-right-dir\"><\/i><\/a><\/p>\n","protected":false},"author":1,"featured_media":0,"parent":0,"menu_order":0,"comment_status":"closed","ping_status":"closed","template":"","meta":[],"_links":{"self":[{"href":"https:\/\/dplb-rando.fr\/index.php\/wp-json\/wp\/v2\/pages\/139"}],"collection":[{"href":"https:\/\/dplb-rando.fr\/index.php\/wp-json\/wp\/v2\/pages"}],"about":[{"href":"https:\/\/dplb-rando.fr\/index.php\/wp-json\/wp\/v2\/types\/page"}],"author":[{"embeddable":true,"href":"https:\/\/dplb-rando.fr\/index.php\/wp-json\/wp\/v2\/users\/1"}],"replies":[{"embeddable":true,"href":"https:\/\/dplb-rando.fr\/index.php\/wp-json\/wp\/v2\/comments?post=139"}],"version-history":[{"count":245,"href":"https:\/\/dplb-rando.fr\/index.php\/wp-json\/wp\/v2\/pages\/139\/revisions"}],"predecessor-version":[{"id":9296,"href":"https:\/\/dplb-rando.fr\/index.php\/wp-json\/wp\/v2\/pages\/139\/revisions\/9296"}],"wp:attachment":[{"href":"https:\/\/dplb-rando.fr\/index.php\/wp-json\/wp\/v2\/media?parent=139"}],"curies":[{"name":"wp","href":"https:\/\/api.w.org\/{rel}","templated":true}]}}