{"id":1371,"date":"2016-07-05T22:20:29","date_gmt":"2016-07-05T21:20:29","guid":{"rendered":"http:\/\/dplb-rando.fr\/?page_id=1371"},"modified":"2022-08-22T14:31:49","modified_gmt":"2022-08-22T13:31:49","slug":"liens-utiles","status":"publish","type":"page","link":"https:\/\/dplb-rando.fr\/index.php\/liens-utiles\/","title":{"rendered":"Liens Utiles"},"content":{"rendered":"<h2 style=\"text-align: center;\"><span style=\"color: #339966;\"><span style=\"color: #ff6600;\">Vous trouverez ci-dessous quelques liens relatifs \u00e0 notre environnement et \u00e0 notre activit\u00e9. En esp\u00e9rant que vous y trouviez quelques utilit\u00e9s, voir de faire naitre quelques vocations, nous vous en souhaitons bon usage.<\/span>\u00a0 \u00a0<\/span><\/h2>\n<h2><span style=\"color: #993366;\"><strong><span style=\"text-decoration: underline;\">Collectivit\u00e9s<\/span><\/strong><\/span><\/h2>\n<p><strong><span style=\"color: #ff6600;\">\u00a0 \u00a0 \u00a0<img decoding=\"async\" loading=\"lazy\" class=\"\" src=\"http:\/\/dplb-rando.fr\/wp-content\/uploads\/2022\/08\/2022-Logo-Bormes.jpg\" width=\"46\" height=\"77\" \/><\/span><em><span style=\"color: #ff6600;\">\u00a0\u00a0<\/span><\/em><span style=\"color: #000000;\"> \u00a0<em>&#8220;<a href=\"https:\/\/www.ville-bormes.fr\/fr\">La Mairie<\/a><\/em><\/span><\/strong><span style=\"color: #000000;\"><strong><em>&#8221;\u00a0 \u00a0 \u00a0 \u00a0 \u00a0 \u00a0 \u00a0<img decoding=\"async\" loading=\"lazy\" class=\"\" src=\"http:\/\/dplb-rando.fr\/wp-content\/uploads\/2022\/08\/2022-Logo-Bormes-Tourisme.jpg\" width=\"61\" height=\"51\" \/> \u00a0 \u00a0 \u00a0 \u00a0 \u00a0 \u00a0<\/em><\/strong><\/span><em><strong>\u00a0&#8220;<a href=\"https:\/\/www.bormeslesmimosas.com\/\">L&#8217;Office de Tourisme<\/a>&#8220;<\/strong><\/em><\/p>\n<p><em><strong>\u00a0 \u00a0 \u00a0<img decoding=\"async\" loading=\"lazy\" class=\"\" src=\"http:\/\/dplb-rando.fr\/wp-content\/uploads\/2022\/08\/2022-Logo-Lavandou.jpg\" width=\"49\" height=\"50\" \/>\u00a0 \u00a0 &#8220;<a href=\"https:\/\/le-lavandou.fr\/\">La Mairie<\/a>&#8221;\u00a0 \u00a0 \u00a0 \u00a0 \u00a0 \u00a0 <\/strong><\/em><span style=\"color: #000000;\"><strong><img decoding=\"async\" loading=\"lazy\" class=\"\" src=\"http:\/\/dplb-rando.fr\/wp-content\/uploads\/2022\/08\/2022-Logo-Lavandou-Tourisme.jpg\" width=\"117\" height=\"50\" \/>\u00a0 \u00a0 \u00a0 <\/strong><\/span><em><strong>&#8220;<a href=\"https:\/\/www.ot-lelavandou.fr\/\">L&#8217;Office de Tourisme<\/a>&#8220;<\/strong><\/em><\/p>\n<p><em><strong>\u00a0 \u00a0 \u00a0<\/strong><\/em><img decoding=\"async\" loading=\"lazy\" class=\"\" src=\"http:\/\/dplb-rando.fr\/wp-content\/uploads\/2022\/08\/2022-Logo-sud.jpg\" width=\"88\" height=\"47\" \/>\u00a0 \u00a0 \u00a0<strong><em>&#8220;<\/em><\/strong><a href=\"https:\/\/www.maregionsud.fr\/\"><strong><em>La R\u00e9gion<\/em><\/strong><\/a><strong><em>&#8220;<\/em><\/strong>\u00a0 \u00a0 \u00a0 \u00a0 \u00a0<img decoding=\"async\" loading=\"lazy\" class=\"\" src=\"http:\/\/dplb-rando.fr\/wp-content\/uploads\/2022\/08\/2022-Logo-Region-Sud-Tourisme.jpg\" width=\"214\" height=\"46\" \/>\u00a0 <strong><em>&#8220;<a href=\"https:\/\/provence-alpes-cotedazur.com\/\">L&#8217;Office de Tourisme<\/a>&#8220;<\/em><\/strong><\/p>\n<p><em><strong>\u00a0 \u00a0 \u00a0<img decoding=\"async\" loading=\"lazy\" class=\"\" src=\"http:\/\/dplb-rando.fr\/wp-content\/uploads\/2022\/08\/2022-Logo-Var.jpg\" width=\"146\" height=\"50\" \/>\u00a0 \u00a0 &#8220;<a href=\"https:\/\/www.var.fr\/\">Le D\u00e9partement<\/a>&#8221;\u00a0<\/strong><\/em>\u00a0 \u00a0 \u00a0 \u00a0 \u00a0<img decoding=\"async\" loading=\"lazy\" class=\"\" src=\"http:\/\/dplb-rando.fr\/wp-content\/uploads\/2022\/08\/2022-Logo-var-tourisme.jpg\" width=\"78\" height=\"50\" \/>\u00a0 \u00a0 <em><strong>&#8220;<a href=\"https:\/\/www.visitvar.fr\/fr\/\">VisitVar Tourisme<\/a>&#8221;\u00a0<\/strong> <\/em><\/p>\n<h2><\/h2>\n<h2><span style=\"color: #993366;\"><strong><span style=\"text-decoration: underline;\">Risques m\u00e9t\u00e9orologiques<\/span><\/strong><\/span><\/h2>\n<h2>\u00a0<img decoding=\"async\" loading=\"lazy\" class=\"\" src=\"https:\/\/www.vigicrues.gouv.fr\/assets\/img\/vigicrues.svg\" alt=\"Accueil - Vigicrues\" width=\"111\" height=\"26\" \/>\u00a0 \u00a0 \u00a0<a href=\"https:\/\/www.vigicrues.gouv.fr\/niv2-bassin.php?CdEntVigiCru=22\"><span style=\"color: #ff0000;\"><em>Vigilance Crues R\u00e9gion Sud<\/em><\/span><\/a><\/h2>\n<h2>\u00a0<img decoding=\"async\" loading=\"lazy\" class=\"\" src=\"https:\/\/vigilance.meteofrance.fr\/themes\/custom\/theme_vigilance\/dist\/img\/logo.svg\" alt=\"M\u00e9t\u00e9o-France\" width=\"55\" height=\"55\" \/>\u00a0 \u00a0 \u00a0 \u00a0 \u00a0 \u00a0 \u00a0 \u00a0 <span style=\"color: #008000;\"><em><a style=\"color: #008000;\" href=\"https:\/\/vigilance.meteofrance.fr\/fr\/var\">Vigilance M\u00e9t\u00e9o Var<\/a><\/em><\/span><\/h2>\n<h2>\u00a0<img decoding=\"async\" loading=\"lazy\" class=\"\" src=\"https:\/\/static3.mclcm.net\/lcm2018\/fr\/common\/logo.svg\" alt=\"La Cha\u00eene M\u00e9t\u00e9o\" width=\"60\" height=\"34\" \/>\u00a0 \u00a0 \u00a0 \u00a0 \u00a0 \u00a0 \u00a0 \u00a0<span style=\"color: #0000ff;\"> <a style=\"color: #0000ff;\" href=\"https:\/\/www.lachainemeteo.com\/meteo-france\/ville-214439\/previsions-meteo-bormes-les-mimosas-aujourdhui\"><em>La M\u00e9t\u00e9o \u00e0 Bormes les Mimosas<\/em><\/a><\/span><\/h2>\n<h2><img decoding=\"async\" loading=\"lazy\" class=\"\" src=\"https:\/\/static3.mclcm.net\/lcm2018\/fr\/common\/logo.svg\" alt=\"La Cha\u00eene M\u00e9t\u00e9o\" width=\"64\" height=\"36\" \/>\u00a0 \u00a0 \u00a0 \u00a0 \u00a0 \u00a0 \u00a0 \u00a0 <span style=\"color: #0000ff;\"><a style=\"color: #0000ff;\" href=\"https:\/\/www.lachainemeteo.com\/meteo-france\/ville-215621\/previsions-meteo-le-lavandou-aujourdhui\"><em>La M\u00e9t\u00e9o au Lavandou<\/em><\/a><\/span><\/h2>\n<h2><span style=\"color: revert; font-size: revert; font-weight: revert;\">\u00a0<\/span><span style=\"color: revert; font-size: revert; font-weight: revert;\"><img decoding=\"async\" loading=\"lazy\" class=\"\" src=\"http:\/\/dplb-rando.fr\/wp-content\/uploads\/2022\/08\/2022-Carte-Feux-de-Foret.jpg\" width=\"53\" height=\"44\" \/>\u00a0 \u00a0 \u00a0 \u00a0 \u00a0 \u00a0 \u00a0 \u00a0 \u00a0<\/span><a href=\"https:\/\/www.risque-prevention-incendie.fr\/var\/\"><span style=\"color: #ff0000;\"><strong><span style=\"text-decoration: underline;\"><em>Risques d&#8217;incendie \/ Carte d&#8217;acc\u00e8s aux massifs du VAR<\/em><\/span><\/strong><\/span><\/a><span style=\"color: #333300;\"><em><strong>\u00a0 <\/strong><\/em><\/span><\/h2>\n<h2>\u00a0 \u00a0 \u00a0 \u00a0 \u00a0 \u00a0 \u00a0 \u00a0 \u00a0 \u00a0 \u00a0 \u00a0 \u00a0 \u00a0 <span style=\"color: #99cc00;\"><em><a style=\"color: #99cc00;\" href=\"http:\/\/dplb-rando.fr\/wp-content\/uploads\/2016\/08\/Arr%C3%AAt%C3%A9-prefecture-Var-acc%C3%A8s-massif-27-06-2016.pdf\"><u>Acc\u00e8s R\u00e8glement\u00e9 : <\/u><u>Arr\u00eat\u00e9<\/u><u> pr\u00e9fectoral du 27 Juin 2016<\/u><\/a><\/em><\/span><\/h2>\n<h2><img decoding=\"async\" loading=\"lazy\" class=\"\" src=\"http:\/\/dplb-rando.fr\/wp-content\/uploads\/2022\/08\/2022-Logo-DFCI.jpg\" width=\"70\" height=\"42\" \/>\u00a0 \u00a0 \u00a0 \u00a0 \u00a0 \u00a0 \u00a0 \u00a0<span style=\"color: #ff9900;\">DFCI Var<\/span><em> : Guide de la Lutte contre les Incendies &#8211; Cliquer <a href=\"http:\/\/dplb-rando.fr\/wp-content\/uploads\/2016\/07\/guide_complet_dfci_2013_var_cle246a4f.pdf\"><span style=\"color: #ff0000;\">ici<\/span><\/a><\/em><\/h2>\n<h3><\/h3>\n<h2><span style=\"text-decoration: underline; color: #993366;\"><strong>La F\u00e9d\u00e9ration<\/strong><\/span><\/h2>\n<p><span style=\"color: #000000;\"><strong>\u00a0<em> <img decoding=\"async\" loading=\"lazy\" class=\"alignnone wp-image-1387\" src=\"http:\/\/dplb-rando.fr\/wp-content\/uploads\/2016\/07\/Logo-FFRP.png\" alt=\"Logo FFRP\" width=\"83\" height=\"34\" srcset=\"https:\/\/dplb-rando.fr\/wp-content\/uploads\/2016\/07\/Logo-FFRP.png 173w, https:\/\/dplb-rando.fr\/wp-content\/uploads\/2016\/07\/Logo-FFRP-150x62.png 150w\" sizes=\"(max-width: 83px) 100vw, 83px\" \/>\u00a0 \u00a0 \u00a0\u00a0<\/em><\/strong><\/span><em><span style=\"text-decoration: underline; color: #000000;\"><strong><a style=\"color: #000000; text-decoration: underline;\" href=\"https:\/\/www.ffrandonnee.fr\/\">La F\u00e9d\u00e9ration Fran\u00e7aise de Randonn\u00e9e P\u00e9destre<\/a><\/strong><\/span><\/em><\/p>\n<p style=\"text-align: left;\"><em><span style=\"color: #000000;\"><strong>\u00a0<img decoding=\"async\" loading=\"lazy\" class=\"alignnone wp-image-1386\" src=\"http:\/\/dplb-rando.fr\/wp-content\/uploads\/2016\/07\/Logo-FFRP-VAR.png\" alt=\"Logo FFRP VAR\" width=\"79\" height=\"48\" srcset=\"https:\/\/dplb-rando.fr\/wp-content\/uploads\/2016\/07\/Logo-FFRP-VAR.png 166w, https:\/\/dplb-rando.fr\/wp-content\/uploads\/2016\/07\/Logo-FFRP-VAR-150x91.png 150w\" sizes=\"(max-width: 79px) 100vw, 79px\" \/>\u00a0 \u00a0 \u00a0 \u00a0 <a style=\"color: #000000; text-decoration: underline;\" href=\"http:\/\/var.ffrandonnee.fr\/\">Le<\/a><\/strong><\/span><span style=\"text-decoration: underline; color: #000000;\"><strong><a style=\"color: #000000; text-decoration: underline;\" href=\"http:\/\/var.ffrandonnee.fr\/\"> Comit\u00e9 D\u00e9partemental de Randonn\u00e9e P\u00e9destre du Var<br \/>\n<\/a><\/strong><\/span><\/em><em>\u00a0 \u00a0 \u00a0 \u00a0 \u00a0 \u00a0 \u00a0 \u00a0 \u00a0 \u00a0 \u00a0 \u00a0 \u00a0 \u00a0 \u00a0 \u00a0 \u00a0 \u00a0 \u00a0 \u00a0 \u00a0 \u00a0 \u00a0<a href=\"https:\/\/var.ffrandonnee.fr\/html\/3562\/l-equipe\">CRDP83 &#8211; l&#8217;Equipe actuelle<\/a><\/em><br \/>\n<em>\u00a0 \u00a0 \u00a0 \u00a0 \u00a0 \u00a0 \u00a0 \u00a0 \u00a0 \u00a0 \u00a0 \u00a0 \u00a0 \u00a0 \u00a0 \u00a0 \u00a0 \u00a0 \u00a0 \u00a0 \u00a0 \u00a0 \u00a0<a href=\"http:\/\/dplb-rando.fr\/wp-content\/uploads\/2016\/06\/Statuts-CDRP83-25-02-2016-1.pdf\">CDRP83 &#8211; Statuts 25-02- 2016<\/a><\/em><\/p>\n<p><span style=\"color: #333300;\"><strong><img decoding=\"async\" loading=\"lazy\" class=\"alignnone\" src=\"http:\/\/dplb-rando.fr\/wp-content\/uploads\/2022\/08\/2022-Logo-FFR-Var.jpg\" width=\"87\" height=\"32\" \/>\u00a0 \u00a0 \u00a0 \u00a0<\/strong><\/span><span style=\"color: #333300;\"><strong>\u00a0<\/strong><\/span><a href=\"http:\/\/dplb-rando.fr\/wp-content\/uploads\/2016\/08\/Consignes-de-s%C3%A9curit%C3%A9-08-2016.pdf\"><span style=\"text-decoration: underline; color: #333300;\"><em><strong>Consignes de s\u00e9curit\u00e9 &#8211; FFRandonn\u00e9e (2016)<\/strong><\/em><\/span><\/a><\/p>\n<h2><\/h2>\n<h2 style=\"text-align: left;\"><span style=\"text-decoration: underline; color: #993366;\"><strong>Secours<\/strong><\/span><em><span style=\"text-decoration: underline; color: #993366;\"><strong> et Risques<\/strong><\/span><\/em><\/h2>\n<h2><span style=\"color: #333300;\"><em><strong><span style=\"text-decoration: underline;\">PSC1<\/span><\/strong><\/em><\/span> : <a href=\"http:\/\/dplb-rando.fr\/wp-content\/uploads\/2016\/07\/PSC1-Livret-Premiers-Secours.pdf\"><em>les Premiers Secours<\/em><\/a><\/h2>\n<h2>\u00a0 \u00a0 \u00a0 \u00a0 \u00a0: <em>les Premiers Secours<\/em> \u00a0<span style=\"color: #333300;\"><em><strong><span style=\"text-decoration: underline;\"><a href=\"http:\/\/dplb-rando.fr\/wp-content\/uploads\/2017\/04\/PSC1-2016.pdf\">Mise \u00e0 Jour 2016<\/a><\/span><\/strong><\/em><\/span><\/h2>\n<h2><span style=\"color: #333300;\"><em><strong><span style=\"text-decoration: underline;\"><a style=\"color: #333300; text-decoration: underline;\" href=\"http:\/\/dplb-rando.fr\/wp-content\/uploads\/2017\/02\/BOBOLOGIE-2017.01.14.pdf\">La Bobologie<\/a><\/span><\/strong><\/em><\/span><\/h2>\n<h2><a href=\"http:\/\/dplb-rando.fr\/wp-content\/uploads\/2016\/08\/Tiques-et-Maladie-de-Lyme1.pdf\"><span style=\"color: #333300;\"><em><strong><span style=\"text-decoration: underline;\">La Tique et la\u00a0Maladie de Lyme<\/span><\/strong><\/em><\/span><\/a><\/h2>\n<h2><\/h2>\n<h2><span style=\"text-decoration: underline; color: #993366;\"><strong>L&#8217;Animation<\/strong><\/span><\/h2>\n<h2><a href=\"http:\/\/dplb-rando.fr\/wp-content\/uploads\/2017\/10\/memento-federal-ffrandonnee-juillet-2017.pdf\"><strong><em><span style=\"text-decoration: underline;\"><span style=\"color: #000000; text-decoration: underline;\">Pratiquer &#8211; Encadrer &#8211; Organiser\u00a0des activit\u00e9s de\u00a0randonn\u00e9e p\u00e9destre<\/span><\/span><\/em><\/strong><\/a><\/h2>\n<h2><a href=\"http:\/\/dplb-rando.fr\/wp-content\/uploads\/2016\/07\/CDRP-83-Formation-Orientation.pdf\"><span style=\"color: #333300;\"><em><strong><span style=\"text-decoration: underline;\">Formation \u00e0 l&#8217;Orientation<\/span><\/strong><\/em><\/span><\/a><\/h2>\n<h2><a href=\"http:\/\/dplb-rando.fr\/wp-content\/uploads\/2016\/07\/CDRP-83-Formation-Animateur.pdf\"><span style=\"color: #333300;\"><em><strong><span style=\"text-decoration: underline;\">L&#8217;Animateur<\/span><\/strong><\/em><\/span><\/a><\/h2>\n","protected":false},"excerpt":{"rendered":"<p>Vous trouverez ci-dessous quelques liens relatifs \u00e0 notre environnement et \u00e0 notre activit\u00e9. En esp\u00e9rant que vous y trouviez quelques utilit\u00e9s, voir de faire naitre quelques vocations, nous vous en souhaitons bon usage.\u00a0 \u00a0 Collectivit\u00e9s \u00a0 \u00a0 \u00a0\u00a0\u00a0 \u00a0&#8220;La Mairie&#8221;\u00a0 \u00a0 \u00a0 \u00a0 \u00a0 \u00a0 \u00a0 \u00a0 \u00a0 \u00a0 \u00a0\u2026<\/p>\n<p> <a class=\"continue-reading-link\" href=\"https:\/\/dplb-rando.fr\/index.php\/liens-utiles\/\"><span>Continue reading<\/span><i class=\"icon-right-dir\"><\/i><\/a><\/p>\n","protected":false},"author":1,"featured_media":0,"parent":0,"menu_order":0,"comment_status":"closed","ping_status":"closed","template":"","meta":[],"_links":{"self":[{"href":"https:\/\/dplb-rando.fr\/index.php\/wp-json\/wp\/v2\/pages\/1371"}],"collection":[{"href":"https:\/\/dplb-rando.fr\/index.php\/wp-json\/wp\/v2\/pages"}],"about":[{"href":"https:\/\/dplb-rando.fr\/index.php\/wp-json\/wp\/v2\/types\/page"}],"author":[{"embeddable":true,"href":"https:\/\/dplb-rando.fr\/index.php\/wp-json\/wp\/v2\/users\/1"}],"replies":[{"embeddable":true,"href":"https:\/\/dplb-rando.fr\/index.php\/wp-json\/wp\/v2\/comments?post=1371"}],"version-history":[{"count":133,"href":"https:\/\/dplb-rando.fr\/index.php\/wp-json\/wp\/v2\/pages\/1371\/revisions"}],"predecessor-version":[{"id":5877,"href":"https:\/\/dplb-rando.fr\/index.php\/wp-json\/wp\/v2\/pages\/1371\/revisions\/5877"}],"wp:attachment":[{"href":"https:\/\/dplb-rando.fr\/index.php\/wp-json\/wp\/v2\/media?parent=1371"}],"curies":[{"name":"wp","href":"https:\/\/api.w.org\/{rel}","templated":true}]}}