{"id":137,"date":"2015-11-28T17:07:27","date_gmt":"2015-11-28T17:07:27","guid":{"rendered":"http:\/\/alain.votre-commerce.fr\/?page_id=137"},"modified":"2025-08-23T06:29:07","modified_gmt":"2025-08-23T05:29:07","slug":"la-dplb","status":"publish","type":"page","link":"https:\/\/dplb-rando.fr\/index.php\/la-dplb\/","title":{"rendered":"La DPLB"},"content":{"rendered":"<h1 style=\"text-align: center;\"><span style=\"color: #ff9900;\"><em><strong>Bonjour \u00e0 vous qui visitez notre Site<\/strong><\/em><\/span><\/h1>\n<h2 style=\"text-align: center;\"><span style=\"color: #ff9900;\">**********<\/span><\/h2>\n<h2 style=\"text-align: center;\">Consultez chaque &#8220;onglet&#8221; pour faire plus ample connaissance avec notre Association, affili\u00e9e \u00e0 la F\u00e9d\u00e9ration Fran\u00e7aise de Randonn\u00e9e P\u00e9destre.<\/h2>\n<h2 style=\"text-align: center;\">Et surtout, n&#8217;h\u00e9sitez pas \u00e0 nous contacter, mieux, \u00e0 venir nous rencontrer.<\/h2>\n<h2 style=\"text-align: center;\"><span style=\"color: #ff9900;\">**********<\/span><\/h2>\n<p><a href=\"http:\/\/dplb-rando.fr\/wp-content\/uploads\/2025\/08\/2025-Flyer-Forum-V1-Site.jpg\"><img decoding=\"async\" src=\"http:\/\/dplb-rando.fr\/wp-content\/uploads\/2025\/08\/2025-Flyer-Forum-V1-Site.jpg\" \/><\/a><\/p>\n","protected":false},"excerpt":{"rendered":"<p>Bonjour \u00e0 vous qui visitez notre Site ********** Consultez chaque &#8220;onglet&#8221; pour faire plus ample connaissance avec notre Association, affili\u00e9e \u00e0 la F\u00e9d\u00e9ration Fran\u00e7aise de Randonn\u00e9e P\u00e9destre. Et surtout, n&#8217;h\u00e9sitez pas \u00e0 nous contacter, mieux, \u00e0 venir nous rencontrer. **********<\/p>\n<p> <a class=\"continue-reading-link\" href=\"https:\/\/dplb-rando.fr\/index.php\/la-dplb\/\"><span>Continue reading<\/span><i class=\"icon-right-dir\"><\/i><\/a><\/p>\n","protected":false},"author":1,"featured_media":0,"parent":0,"menu_order":0,"comment_status":"closed","ping_status":"closed","template":"","meta":[],"_links":{"self":[{"href":"https:\/\/dplb-rando.fr\/index.php\/wp-json\/wp\/v2\/pages\/137"}],"collection":[{"href":"https:\/\/dplb-rando.fr\/index.php\/wp-json\/wp\/v2\/pages"}],"about":[{"href":"https:\/\/dplb-rando.fr\/index.php\/wp-json\/wp\/v2\/types\/page"}],"author":[{"embeddable":true,"href":"https:\/\/dplb-rando.fr\/index.php\/wp-json\/wp\/v2\/users\/1"}],"replies":[{"embeddable":true,"href":"https:\/\/dplb-rando.fr\/index.php\/wp-json\/wp\/v2\/comments?post=137"}],"version-history":[{"count":36,"href":"https:\/\/dplb-rando.fr\/index.php\/wp-json\/wp\/v2\/pages\/137\/revisions"}],"predecessor-version":[{"id":9065,"href":"https:\/\/dplb-rando.fr\/index.php\/wp-json\/wp\/v2\/pages\/137\/revisions\/9065"}],"wp:attachment":[{"href":"https:\/\/dplb-rando.fr\/index.php\/wp-json\/wp\/v2\/media?parent=137"}],"curies":[{"name":"wp","href":"https:\/\/api.w.org\/{rel}","templated":true}]}}