{"id":1230,"date":"2016-07-01T20:50:53","date_gmt":"2016-07-01T19:50:53","guid":{"rendered":"http:\/\/dplb-rando.fr\/?page_id=1230"},"modified":"2023-12-08T06:42:36","modified_gmt":"2023-12-08T05:42:36","slug":"programmes","status":"publish","type":"page","link":"https:\/\/dplb-rando.fr\/index.php\/programmes\/","title":{"rendered":"Programmes"},"content":{"rendered":"\n<p><\/p>\n\n\n\n<p><\/p>\n\n\n\n<p><\/p>\n\n\n\n<p><\/p>\n\n\n\n<p><\/p>\n\n\n<h2 style=\"text-align: center;\"><strong><em><span style=\"color: #ff0000;\">Rappel<\/span><\/em> : La conduite de chacune de nos sorties s&#8217;effectue sous l&#8217;enti\u00e8re responsabilit\u00e9 et autorit\u00e9 de nos animateur(trice)s <span style=\"color: #008000;\"><em>b\u00e9n\u00e9voles<\/em><\/span>. La DPLB vous remercie par avance de respecter leurs consignes.\u00a0\u00a0<\/strong><\/h2>\n<h2 style=\"text-align: center;\"><em><span style=\"color: #ff0000;\">Information<\/span><\/em>\u00a0: Les animateur(trice)s <strong><span style=\"color: #339966;\"><em>b\u00e9n\u00e9voles<\/em><\/span> <\/strong>sont habilit\u00e9(e)s \u00e0 refuser la participation d\u2019un(e) adh\u00e9rent(e) qu\u2019il(elle)s jugeraient inapte \u00e0 suivre la randonn\u00e9e pr\u00e9vue.\u00a0<\/h2>\n<h2 style=\"text-align: center;\"><em><span style=\"color: #ff0000;\">Confirmation<\/span><\/em>\u00a0: Outre vos licence de la FFRandonn\u00e9e, carte vitale, carte mutuelle, et pi\u00e8ce d\u2019identit\u00e9, la DPLB vous conseille d\u2019avoir sur vous une lettre de d\u00e9charge ainsi que la fiche de sant\u00e9 disponible sur le site.<\/h2>\n<h2 style=\"text-align: center;\"><span style=\"color: #ff0000;\"><em>Covoiturage<\/em><\/span>\u00a0: Le montant de la participation individuelle, inscrit sur le programme, est maximal, calcul\u00e9 sur la base de 4 personnes maximum par voiture, chauffeur inclus. Les chauffeurs restent libres d\u2019en r\u00e9duire le montant, voir de l\u2019annuler. D\u2019\u00e9ventuels frais autoroutiers ou de parking pourront s\u2019y ajouter, sauf indication contraire inscrite.\u00a0<\/h2>\n<h2 style=\"text-align: center;\"><span style=\"color: #008000;\"><strong>Afin de visualiser, ou \u00e9diter, le programme bimestriel, cliquez sur l&#8217;onglet &#8220;Programme en cours&#8221; ci-dessus.\u00a0<\/strong><\/span><\/h2>\n\n\n<p><\/p>\n","protected":false},"excerpt":{"rendered":"<p>Rappel : La conduite de chacune de nos sorties s&#8217;effectue sous l&#8217;enti\u00e8re responsabilit\u00e9 et autorit\u00e9 de nos animateur(trice)s b\u00e9n\u00e9voles. La DPLB vous remercie par avance de respecter leurs consignes.\u00a0\u00a0 Information\u00a0: Les animateur(trice)s b\u00e9n\u00e9voles sont habilit\u00e9(e)s \u00e0 refuser la participation d\u2019un(e) adh\u00e9rent(e) qu\u2019il(elle)s jugeraient inapte \u00e0 suivre la randonn\u00e9e pr\u00e9vue.\u00a0 Confirmation\u00a0:\u2026<\/p>\n<p> <a class=\"continue-reading-link\" href=\"https:\/\/dplb-rando.fr\/index.php\/programmes\/\"><span>Continue reading<\/span><i class=\"icon-right-dir\"><\/i><\/a><\/p>\n","protected":false},"author":5,"featured_media":0,"parent":0,"menu_order":0,"comment_status":"closed","ping_status":"closed","template":"","meta":[],"_links":{"self":[{"href":"https:\/\/dplb-rando.fr\/index.php\/wp-json\/wp\/v2\/pages\/1230"}],"collection":[{"href":"https:\/\/dplb-rando.fr\/index.php\/wp-json\/wp\/v2\/pages"}],"about":[{"href":"https:\/\/dplb-rando.fr\/index.php\/wp-json\/wp\/v2\/types\/page"}],"author":[{"embeddable":true,"href":"https:\/\/dplb-rando.fr\/index.php\/wp-json\/wp\/v2\/users\/5"}],"replies":[{"embeddable":true,"href":"https:\/\/dplb-rando.fr\/index.php\/wp-json\/wp\/v2\/comments?post=1230"}],"version-history":[{"count":53,"href":"https:\/\/dplb-rando.fr\/index.php\/wp-json\/wp\/v2\/pages\/1230\/revisions"}],"predecessor-version":[{"id":7446,"href":"https:\/\/dplb-rando.fr\/index.php\/wp-json\/wp\/v2\/pages\/1230\/revisions\/7446"}],"wp:attachment":[{"href":"https:\/\/dplb-rando.fr\/index.php\/wp-json\/wp\/v2\/media?parent=1230"}],"curies":[{"name":"wp","href":"https:\/\/api.w.org\/{rel}","templated":true}]}}