{"id":1190,"date":"2016-06-30T22:53:06","date_gmt":"2016-06-30T21:53:06","guid":{"rendered":"http:\/\/dplb-rando.fr\/?page_id=1190"},"modified":"2022-08-06T14:50:33","modified_gmt":"2022-08-06T13:50:33","slug":"balisage","status":"publish","type":"page","link":"https:\/\/dplb-rando.fr\/index.php\/balisage\/","title":{"rendered":"Balisage de nos sentiers de randonn\u00e9e"},"content":{"rendered":"<h2>Le balisage est une composante des actions de la F\u00e9d\u00e9ration Fran\u00e7aise de Randonn\u00e9es.<\/h2>\n<h2>Des formations de baliseur f\u00e9d\u00e9ral sont donc organis\u00e9es chaque ann\u00e9e.<\/h2>\n<h2>Les adh\u00e9rents int\u00e9ress\u00e9s par cette formation peuvent s&#8217;inscrire aupr\u00e8s de la DPLB.<\/h2>\n<p><img decoding=\"async\" loading=\"lazy\" class=\"alignnone  wp-image-496\" src=\"http:\/\/dplb-rando.fr\/wp-content\/uploads\/2016\/06\/160509-DPLB-Balisage-Boris-au-travail-224x300.jpg\" alt=\"160509 DPLB Balisage Boris au travail\" width=\"195\" height=\"262\" srcset=\"https:\/\/dplb-rando.fr\/wp-content\/uploads\/2016\/06\/160509-DPLB-Balisage-Boris-au-travail-224x300.jpg 224w, https:\/\/dplb-rando.fr\/wp-content\/uploads\/2016\/06\/160509-DPLB-Balisage-Boris-au-travail-765x1024.jpg 765w, https:\/\/dplb-rando.fr\/wp-content\/uploads\/2016\/06\/160509-DPLB-Balisage-Boris-au-travail-112x150.jpg 112w, https:\/\/dplb-rando.fr\/wp-content\/uploads\/2016\/06\/160509-DPLB-Balisage-Boris-au-travail.jpg 956w\" sizes=\"(max-width: 195px) 100vw, 195px\" \/><\/p>\n<h1><a href=\"http:\/\/dplb-rando.fr\/wp-content\/uploads\/2016\/07\/Memento-Baliseur-2012.pdf\"><span style=\"text-decoration: underline; color: #333300;\"><em><strong><span style=\"color: #ff6600; text-decoration: underline;\">Voir le M\u00e9mento du Baliseur 2012<\/span><\/strong><\/em><\/span><\/a><\/h1>\n","protected":false},"excerpt":{"rendered":"<p>Le balisage est une composante des actions de la F\u00e9d\u00e9ration Fran\u00e7aise de Randonn\u00e9es. Des formations de baliseur f\u00e9d\u00e9ral sont donc organis\u00e9es chaque ann\u00e9e. Les adh\u00e9rents int\u00e9ress\u00e9s par cette formation peuvent s&#8217;inscrire aupr\u00e8s de la DPLB. Voir le M\u00e9mento du Baliseur 2012<\/p>\n<p> <a class=\"continue-reading-link\" href=\"https:\/\/dplb-rando.fr\/index.php\/balisage\/\"><span>Continue reading<\/span><i class=\"icon-right-dir\"><\/i><\/a><\/p>\n","protected":false},"author":1,"featured_media":0,"parent":0,"menu_order":0,"comment_status":"closed","ping_status":"closed","template":"","meta":[],"_links":{"self":[{"href":"https:\/\/dplb-rando.fr\/index.php\/wp-json\/wp\/v2\/pages\/1190"}],"collection":[{"href":"https:\/\/dplb-rando.fr\/index.php\/wp-json\/wp\/v2\/pages"}],"about":[{"href":"https:\/\/dplb-rando.fr\/index.php\/wp-json\/wp\/v2\/types\/page"}],"author":[{"embeddable":true,"href":"https:\/\/dplb-rando.fr\/index.php\/wp-json\/wp\/v2\/users\/1"}],"replies":[{"embeddable":true,"href":"https:\/\/dplb-rando.fr\/index.php\/wp-json\/wp\/v2\/comments?post=1190"}],"version-history":[{"count":10,"href":"https:\/\/dplb-rando.fr\/index.php\/wp-json\/wp\/v2\/pages\/1190\/revisions"}],"predecessor-version":[{"id":5623,"href":"https:\/\/dplb-rando.fr\/index.php\/wp-json\/wp\/v2\/pages\/1190\/revisions\/5623"}],"wp:attachment":[{"href":"https:\/\/dplb-rando.fr\/index.php\/wp-json\/wp\/v2\/media?parent=1190"}],"curies":[{"name":"wp","href":"https:\/\/api.w.org\/{rel}","templated":true}]}}