{"id":1080,"date":"2016-06-29T23:08:25","date_gmt":"2016-06-29T22:08:25","guid":{"rendered":"http:\/\/dplb-rando.fr\/?page_id=1080"},"modified":"2022-08-18T18:40:45","modified_gmt":"2022-08-18T17:40:45","slug":"sejours-we-2","status":"publish","type":"page","link":"https:\/\/dplb-rando.fr\/index.php\/sejours-we-2\/","title":{"rendered":"S\u00e9jours &#038; WE"},"content":{"rendered":"<h2 style=\"text-align: center;\"><span style=\"color: #ff0000;\"><em><strong>Rappel \u00e0 tous nos visiteurs<\/strong><\/em><\/span><\/h2>\n<h3 style=\"text-align: center;\"><em><strong>Les photos, ici en libre acc\u00e8s, sont <span style=\"color: #0000ff;\">la\u00a0propri\u00e9t\u00e9 <span style=\"color: #339966;\">intellectuelle et exclusive<\/span>\u00a0de leurs auteurs<\/span>. Dans le cadre de la RGPD (R\u00e8glement G\u00e9n\u00e9ral de Protection des Donn\u00e9es), ils autorisent <span style=\"color: #339966;\">le\u00a0seul club DPLB<\/span>, \u00e0 utiliser ces donn\u00e9es dans le cadre de la vie du club ainsi que la mise \u00e0 jour, principalement des albums photos, du site de la DPLB.\u00a0<span style=\"color: #ff0000;\">Nul autre observateur, <span style=\"color: #339966;\">hormis les adh\u00e9rents<\/span>,\u00a0ne peut s\u2019arroger le droit de copier ces photos<\/span>\u00a0\u00e0 titre personnel, fusse pour alimenter la vie des diverses instances de leur F\u00e9d\u00e9ration. Les adh\u00e9rents, repr\u00e9sent\u00e9s par le Comit\u00e9 Directeur de la DPLB, vous en remercient.<\/strong><\/em><\/h3>\n<h2 style=\"text-align: center;\"><span style=\"color: #339966;\"><strong>***************<\/strong><\/span><\/h2>\n<h3 style=\"text-align: center;\">Vous avez pris des photos pendant nos voyages ? Participez \u00e0 l\u2019animation de cette rubrique en les adressant \u00e0 photos.dplb@gmail.com. Elles viendront enrichir les futurs albums ou les albums d\u00e9j\u00e0 publi\u00e9s de nos voyages.<\/h3>\n\n\n<p><\/p>\n","protected":false},"excerpt":{"rendered":"<p>Rappel \u00e0 tous nos visiteurs Les photos, ici en libre acc\u00e8s, sont la\u00a0propri\u00e9t\u00e9 intellectuelle et exclusive\u00a0de leurs auteurs. Dans le cadre de la RGPD (R\u00e8glement G\u00e9n\u00e9ral de Protection des Donn\u00e9es), ils autorisent le\u00a0seul club DPLB, \u00e0 utiliser ces donn\u00e9es dans le cadre de la vie du club ainsi que la\u2026<\/p>\n<p> <a class=\"continue-reading-link\" href=\"https:\/\/dplb-rando.fr\/index.php\/sejours-we-2\/\"><span>Continue reading<\/span><i class=\"icon-right-dir\"><\/i><\/a><\/p>\n","protected":false},"author":1,"featured_media":0,"parent":0,"menu_order":0,"comment_status":"closed","ping_status":"closed","template":"","meta":[],"_links":{"self":[{"href":"https:\/\/dplb-rando.fr\/index.php\/wp-json\/wp\/v2\/pages\/1080"}],"collection":[{"href":"https:\/\/dplb-rando.fr\/index.php\/wp-json\/wp\/v2\/pages"}],"about":[{"href":"https:\/\/dplb-rando.fr\/index.php\/wp-json\/wp\/v2\/types\/page"}],"author":[{"embeddable":true,"href":"https:\/\/dplb-rando.fr\/index.php\/wp-json\/wp\/v2\/users\/1"}],"replies":[{"embeddable":true,"href":"https:\/\/dplb-rando.fr\/index.php\/wp-json\/wp\/v2\/comments?post=1080"}],"version-history":[{"count":3,"href":"https:\/\/dplb-rando.fr\/index.php\/wp-json\/wp\/v2\/pages\/1080\/revisions"}],"predecessor-version":[{"id":5751,"href":"https:\/\/dplb-rando.fr\/index.php\/wp-json\/wp\/v2\/pages\/1080\/revisions\/5751"}],"wp:attachment":[{"href":"https:\/\/dplb-rando.fr\/index.php\/wp-json\/wp\/v2\/media?parent=1080"}],"curies":[{"name":"wp","href":"https:\/\/api.w.org\/{rel}","templated":true}]}}