{"id":6080,"date":"2022-10-10T08:42:56","date_gmt":"2022-10-10T07:42:56","guid":{"rendered":"http:\/\/dplb-rando.fr\/?page_id=6080"},"modified":"2022-10-10T09:23:56","modified_gmt":"2022-10-10T08:23:56","slug":"fiche-individuelle-de-sante","status":"publish","type":"page","link":"http:\/\/dplb-rando.fr\/index.php\/fiche-individuelle-de-sante\/","title":{"rendered":"Fiche Individuelle de sant\u00e9"},"content":{"rendered":"\n<p><\/p>\n\n\n<h2 style=\"text-align: center;\">Ce document (<a href=\"http:\/\/dplb-rando.fr\/wp-content\/uploads\/2022\/10\/2022-2023-Fiche-Individuelle-de-Sante.pdf\"><span style=\"color: #ff0000;\">cliquer ici -&gt;<\/span><\/a>), \u00e0 mettre \u00e0 jour sous votre responsabilit\u00e9, peut \u00eatre tr\u00e8s utile en cas de probl\u00e8me de sant\u00e9 lors de vos randonn\u00e9es.<\/h2>\n<h2 style=\"text-align: center;\">Pensez \u00e0 l&#8217;avoir sur vous, au m\u00eame titre que la Licence de la FFRandonn\u00e9e et votre Carte Vitale.<\/h2>\n\n\n<p><\/p>\n","protected":false},"excerpt":{"rendered":"<p>Ce document (cliquer ici -&gt;), \u00e0 mettre \u00e0 jour sous votre responsabilit\u00e9, peut \u00eatre tr\u00e8s utile en cas de probl\u00e8me de sant\u00e9 lors de vos randonn\u00e9es. Pensez \u00e0 l&#8217;avoir sur vous, au m\u00eame titre que la Licence de la FFRandonn\u00e9e et votre Carte Vitale.<\/p>\n<p> <a class=\"continue-reading-link\" href=\"http:\/\/dplb-rando.fr\/index.php\/fiche-individuelle-de-sante\/\"><span>Continue reading<\/span><i class=\"icon-right-dir\"><\/i><\/a><\/p>\n","protected":false},"author":5,"featured_media":0,"parent":0,"menu_order":0,"comment_status":"closed","ping_status":"closed","template":"","meta":[],"_links":{"self":[{"href":"http:\/\/dplb-rando.fr\/index.php\/wp-json\/wp\/v2\/pages\/6080"}],"collection":[{"href":"http:\/\/dplb-rando.fr\/index.php\/wp-json\/wp\/v2\/pages"}],"about":[{"href":"http:\/\/dplb-rando.fr\/index.php\/wp-json\/wp\/v2\/types\/page"}],"author":[{"embeddable":true,"href":"http:\/\/dplb-rando.fr\/index.php\/wp-json\/wp\/v2\/users\/5"}],"replies":[{"embeddable":true,"href":"http:\/\/dplb-rando.fr\/index.php\/wp-json\/wp\/v2\/comments?post=6080"}],"version-history":[{"count":4,"href":"http:\/\/dplb-rando.fr\/index.php\/wp-json\/wp\/v2\/pages\/6080\/revisions"}],"predecessor-version":[{"id":6093,"href":"http:\/\/dplb-rando.fr\/index.php\/wp-json\/wp\/v2\/pages\/6080\/revisions\/6093"}],"wp:attachment":[{"href":"http:\/\/dplb-rando.fr\/index.php\/wp-json\/wp\/v2\/media?parent=6080"}],"curies":[{"name":"wp","href":"https:\/\/api.w.org\/{rel}","templated":true}]}}