{"id":2971,"date":"2017-10-26T21:55:08","date_gmt":"2017-10-26T20:55:08","guid":{"rendered":"http:\/\/dplb-rando.fr\/?page_id=2971"},"modified":"2017-10-26T21:59:28","modified_gmt":"2017-10-26T20:59:28","slug":"30-ans-acces-reserve","status":"publish","type":"page","link":"http:\/\/dplb-rando.fr\/index.php\/30-ans-acces-reserve\/","title":{"rendered":"30 ans DPLB \/ Acc\u00e8s r\u00e9serv\u00e9"},"content":{"rendered":"","protected":false},"excerpt":{"rendered":"<p> <a class=\"continue-reading-link\" href=\"http:\/\/dplb-rando.fr\/index.php\/30-ans-acces-reserve\/\"><span>Continue reading<\/span><i class=\"icon-right-dir\"><\/i><\/a><\/p>\n","protected":false},"author":1,"featured_media":0,"parent":0,"menu_order":0,"comment_status":"closed","ping_status":"closed","template":"","meta":[],"_links":{"self":[{"href":"http:\/\/dplb-rando.fr\/index.php\/wp-json\/wp\/v2\/pages\/2971"}],"collection":[{"href":"http:\/\/dplb-rando.fr\/index.php\/wp-json\/wp\/v2\/pages"}],"about":[{"href":"http:\/\/dplb-rando.fr\/index.php\/wp-json\/wp\/v2\/types\/page"}],"author":[{"embeddable":true,"href":"http:\/\/dplb-rando.fr\/index.php\/wp-json\/wp\/v2\/users\/1"}],"replies":[{"embeddable":true,"href":"http:\/\/dplb-rando.fr\/index.php\/wp-json\/wp\/v2\/comments?post=2971"}],"version-history":[{"count":2,"href":"http:\/\/dplb-rando.fr\/index.php\/wp-json\/wp\/v2\/pages\/2971\/revisions"}],"predecessor-version":[{"id":2978,"href":"http:\/\/dplb-rando.fr\/index.php\/wp-json\/wp\/v2\/pages\/2971\/revisions\/2978"}],"wp:attachment":[{"href":"http:\/\/dplb-rando.fr\/index.php\/wp-json\/wp\/v2\/media?parent=2971"}],"curies":[{"name":"wp","href":"https:\/\/api.w.org\/{rel}","templated":true}]}}