{"id":2866,"date":"2017-10-08T14:56:17","date_gmt":"2017-10-08T13:56:17","guid":{"rendered":"http:\/\/dplb-rando.fr\/?page_id=2866"},"modified":"2023-08-31T07:23:19","modified_gmt":"2023-08-31T06:23:19","slug":"numerique-a-dplb","status":"publish","type":"page","link":"http:\/\/dplb-rando.fr\/index.php\/numerique-a-dplb\/","title":{"rendered":"Le Num\u00e9rique \u00e0 la DPLB"},"content":{"rendered":"<h2 style=\"text-align: center;\">Vous avez ci-apr\u00e8s la description int\u00e9grale de nos outils de gestion tels qu&#8217;ils ont \u00e9t\u00e9 d\u00e9velopp\u00e9s et mis en \u0153uvre par notre sp\u00e9cialiste : G\u00e9rard Mazzega. Nous pouvons encore le f\u00e9liciter d&#8217;avoir r\u00e9ussi \u00e0 nous doter d&#8217;un tel produit.<\/h2>\n<h2 style=\"text-align: center;\">Depuis cette mise en place, l&#8217;environnement a chang\u00e9, les prestataires aussi, mais pas nos outils ni le site que vous utilisez r\u00e9guli\u00e8rement. Celui-ci est donc mis \u00e0 jour r\u00e9guli\u00e8rement.<\/h2>\n<p>\u00a0<\/p>\n<p><a href=\"http:\/\/dplb-rando.fr\/wp-content\/uploads\/2017\/10\/171007-Le-numerique-a-la-DPLB.pdf\"><img decoding=\"async\" loading=\"lazy\" class=\"wp-image-2864 alignnone\" src=\"http:\/\/dplb-rando.fr\/wp-content\/uploads\/2017\/10\/171007-Le-numerique-a-la-DPLB_Page_1-212x300.jpg\" alt=\"\" width=\"414\" height=\"585\" srcset=\"http:\/\/dplb-rando.fr\/wp-content\/uploads\/2017\/10\/171007-Le-numerique-a-la-DPLB_Page_1-212x300.jpg 212w, http:\/\/dplb-rando.fr\/wp-content\/uploads\/2017\/10\/171007-Le-numerique-a-la-DPLB_Page_1-724x1024.jpg 724w, http:\/\/dplb-rando.fr\/wp-content\/uploads\/2017\/10\/171007-Le-numerique-a-la-DPLB_Page_1-106x150.jpg 106w, http:\/\/dplb-rando.fr\/wp-content\/uploads\/2017\/10\/171007-Le-numerique-a-la-DPLB_Page_1.jpg 1654w\" sizes=\"(max-width: 414px) 100vw, 414px\" \/><\/a><a href=\"http:\/\/dplb-rando.fr\/wp-content\/uploads\/2017\/10\/171007-Le-numerique-a-la-DPLB.pdf\"><img decoding=\"async\" loading=\"lazy\" class=\"wp-image-2865 alignright\" src=\"http:\/\/dplb-rando.fr\/wp-content\/uploads\/2017\/10\/171007-Le-numerique-a-la-DPLB_Page_2-212x300.jpg\" alt=\"\" width=\"409\" height=\"579\" srcset=\"http:\/\/dplb-rando.fr\/wp-content\/uploads\/2017\/10\/171007-Le-numerique-a-la-DPLB_Page_2-212x300.jpg 212w, http:\/\/dplb-rando.fr\/wp-content\/uploads\/2017\/10\/171007-Le-numerique-a-la-DPLB_Page_2-724x1024.jpg 724w, http:\/\/dplb-rando.fr\/wp-content\/uploads\/2017\/10\/171007-Le-numerique-a-la-DPLB_Page_2-106x150.jpg 106w, http:\/\/dplb-rando.fr\/wp-content\/uploads\/2017\/10\/171007-Le-numerique-a-la-DPLB_Page_2.jpg 1654w\" sizes=\"(max-width: 409px) 100vw, 409px\" \/><\/a><\/p>\n\n\n<p><\/p>\n","protected":false},"excerpt":{"rendered":"<p>Vous avez ci-apr\u00e8s la description int\u00e9grale de nos outils de gestion tels qu&#8217;ils ont \u00e9t\u00e9 d\u00e9velopp\u00e9s et mis en \u0153uvre par notre sp\u00e9cialiste : G\u00e9rard Mazzega. Nous pouvons encore le f\u00e9liciter d&#8217;avoir r\u00e9ussi \u00e0 nous doter d&#8217;un tel produit. Depuis cette mise en place, l&#8217;environnement a chang\u00e9, les prestataires aussi,\u2026<\/p>\n<p> <a class=\"continue-reading-link\" href=\"http:\/\/dplb-rando.fr\/index.php\/numerique-a-dplb\/\"><span>Continue reading<\/span><i class=\"icon-right-dir\"><\/i><\/a><\/p>\n","protected":false},"author":1,"featured_media":0,"parent":0,"menu_order":0,"comment_status":"closed","ping_status":"closed","template":"","meta":[],"_links":{"self":[{"href":"http:\/\/dplb-rando.fr\/index.php\/wp-json\/wp\/v2\/pages\/2866"}],"collection":[{"href":"http:\/\/dplb-rando.fr\/index.php\/wp-json\/wp\/v2\/pages"}],"about":[{"href":"http:\/\/dplb-rando.fr\/index.php\/wp-json\/wp\/v2\/types\/page"}],"author":[{"embeddable":true,"href":"http:\/\/dplb-rando.fr\/index.php\/wp-json\/wp\/v2\/users\/1"}],"replies":[{"embeddable":true,"href":"http:\/\/dplb-rando.fr\/index.php\/wp-json\/wp\/v2\/comments?post=2866"}],"version-history":[{"count":8,"href":"http:\/\/dplb-rando.fr\/index.php\/wp-json\/wp\/v2\/pages\/2866\/revisions"}],"predecessor-version":[{"id":7153,"href":"http:\/\/dplb-rando.fr\/index.php\/wp-json\/wp\/v2\/pages\/2866\/revisions\/7153"}],"wp:attachment":[{"href":"http:\/\/dplb-rando.fr\/index.php\/wp-json\/wp\/v2\/media?parent=2866"}],"curies":[{"name":"wp","href":"https:\/\/api.w.org\/{rel}","templated":true}]}}